{"id":1104,"date":"2021-11-02T10:30:07","date_gmt":"2021-11-02T10:30:07","guid":{"rendered":"https:\/\/toys4vip.com\/produit\/table-de-ping-pong-woolsey\/"},"modified":"2021-11-06T11:04:34","modified_gmt":"2021-11-06T11:04:34","slug":"table-de-ping-pong-woolsey","status":"publish","type":"product","link":"https:\/\/www.toys4vip.com\/fr\/luxury-toy\/table-de-ping-pong-woolsey\/294\/","title":{"rendered":"Table de Ping Pong Woolsey"},"content":{"rendered":"<p>Le table de Ping Pong Woolsey .<br \/>\nEnfin disponible apr\u00e8s d&rsquo;innombrables heures de test de produits rigoureux, la table de Pin Pong Woolsey est con\u00e7ue et fabriqu\u00e9e \u00e0 la taille de spec ITTF.<\/p>\n<p>Elle est capable de se transformer \u00e0 partir d&rsquo;une table \u00e0 manger, en quelques secondes, pr\u00eat pour le jeu. Un solide Black Walnut top est adapt\u00e9 pour des ann\u00e9es de jeu, avec une ligne centrale de sucre d&rsquo;\u00e9rable pour les intenses matchs de double.<\/p>\n<p>Une poudre de taille r\u00e9glementaire net d&rsquo;acier rev\u00eatu est facilement mont\u00e9 \/ d\u00e9mont\u00e9 par des boulons rapides \u00e0 la table. Inclus avec la table, un support pour raquette ainsi que pour trois balles.<\/p>\n<p>Le tableau Woolsey Ping Pong est fini \u00e0 la main frott\u00e9 d&rsquo;huile et de cire.<br \/>\n108 \u00ab\u00a0x 60\u00a0\u00bb x 30 \u00ab\u00a0de haut\/<br \/>\nSur commande. D\u00e9lai moyen est de 5-8 semaines.<br \/>\nForfaitaire USA Domestic caisses certifi\u00e9 + exp\u00e9dition avec assurance est de 580 $<\/p>\n","protected":false},"excerpt":{"rendered":"<p>Le table de Ping Pong Woolsey . Enfin disponible apr\u00e8s d&rsquo;innombrables heures de test de produits rigoureux, la table de Pin Pong Woolsey est con\u00e7ue et fabriqu\u00e9e \u00e0 la taille de spec ITTF. Elle est capable de se transformer \u00e0 partir d&rsquo;une table \u00e0 manger, en quelques secondes, pr\u00eat pour le jeu. Un solide Black [&hellip;]<\/p>\n","protected":false},"featured_media":1102,"comment_status":"open","ping_status":"closed","template":"","meta":[],"product_cat":[33],"product_tag":[],"yoast_head":"<!-- This site is optimized with the Yoast SEO plugin v17.4 - https:\/\/yoast.com\/wordpress\/plugins\/seo\/ -->\n<title>Table de Ping Pong Woolsey - Toys4Vip<\/title>\n<meta name=\"description\" content=\"Le table de Ping Pong Woolsey .Enfin disponible apr\u00e8s d&#039;innombrables heures de test de produits rigoureux, la table de Pin Pong Woolsey est con\u00e7ue et fabriqu\u00e9e \u00e0 la taille de spec ITTF.Elle est capable de se transformer \u00e0 partir d&#039;une table \u00e0 manger, en quelques secondes, pr\u00eat pour le jeu. Un solide Black Walnut top est adapt\u00e9 pour des ann\u00e9es de jeu, avec une ligne centrale de sucre d&#039;\u00e9rable pour les intenses matchs de double.\" \/>\n<meta name=\"robots\" content=\"index, follow, max-snippet:-1, max-image-preview:large, max-video-preview:-1\" \/>\n<link rel=\"canonical\" href=\"https:\/\/www.toys4vip.com\/fr\/luxury-toy\/table-de-ping-pong-woolsey\/294\/\" \/>\n<meta property=\"og:locale\" content=\"fr_FR\" \/>\n<meta property=\"og:type\" content=\"article\" \/>\n<meta property=\"og:title\" content=\"Table de Ping Pong Woolsey - Toys4Vip\" \/>\n<meta property=\"og:description\" content=\"Le table de Ping Pong Woolsey .Enfin disponible apr\u00e8s d&#039;innombrables heures de test de produits rigoureux, la table de Pin Pong Woolsey est con\u00e7ue et fabriqu\u00e9e \u00e0 la taille de spec ITTF.Elle est capable de se transformer \u00e0 partir d&#039;une table \u00e0 manger, en quelques secondes, pr\u00eat pour le jeu. Un solide Black Walnut top est adapt\u00e9 pour des ann\u00e9es de jeu, avec une ligne centrale de sucre d&#039;\u00e9rable pour les intenses matchs de double.\" \/>\n<meta property=\"og:url\" content=\"https:\/\/www.toys4vip.com\/fr\/luxury-toy\/table-de-ping-pong-woolsey\/294\/\" \/>\n<meta property=\"og:site_name\" content=\"Toys4Vip\" \/>\n<meta property=\"article:modified_time\" content=\"2021-11-06T11:04:34+00:00\" \/>\n<meta property=\"og:image\" content=\"https:\/\/www.toys4vip.com\/app\/uploads\/2021\/11\/main-223.jpg\" \/>\n\t<meta property=\"og:image:width\" content=\"750\" \/>\n\t<meta property=\"og:image:height\" content=\"500\" \/>\n<meta name=\"twitter:card\" content=\"summary_large_image\" \/>\n<meta name=\"twitter:label1\" content=\"Dur\u00e9e de lecture est.\" \/>\n\t<meta name=\"twitter:data1\" content=\"1 minute\" \/>\n<script type=\"application\/ld+json\" class=\"yoast-schema-graph\">{\"@context\":\"https:\/\/schema.org\",\"@graph\":[{\"@type\":\"WebSite\",\"@id\":\"https:\/\/www.toys4vip.com\/fr\/#website\",\"url\":\"https:\/\/www.toys4vip.com\/fr\/\",\"name\":\"Toys4Vip\",\"description\":\"Jouets de luxe nouveau concept store\",\"potentialAction\":[{\"@type\":\"SearchAction\",\"target\":{\"@type\":\"EntryPoint\",\"urlTemplate\":\"https:\/\/www.toys4vip.com\/fr\/?s={search_term_string}\"},\"query-input\":\"required name=search_term_string\"}],\"inLanguage\":\"fr-FR\"},{\"@type\":\"ImageObject\",\"@id\":\"https:\/\/www.toys4vip.com\/fr\/luxury-toy\/table-de-ping-pong-woolsey\/294\/#primaryimage\",\"inLanguage\":\"fr-FR\",\"url\":\"https:\/\/www.toys4vip.com\/app\/uploads\/2021\/11\/main-223.jpg\",\"contentUrl\":\"https:\/\/www.toys4vip.com\/app\/uploads\/2021\/11\/main-223.jpg\",\"width\":750,\"height\":500},{\"@type\":\"WebPage\",\"@id\":\"https:\/\/www.toys4vip.com\/fr\/luxury-toy\/table-de-ping-pong-woolsey\/294\/#webpage\",\"url\":\"https:\/\/www.toys4vip.com\/fr\/luxury-toy\/table-de-ping-pong-woolsey\/294\/\",\"name\":\"Table de Ping Pong Woolsey - Toys4Vip\",\"isPartOf\":{\"@id\":\"https:\/\/www.toys4vip.com\/fr\/#website\"},\"primaryImageOfPage\":{\"@id\":\"https:\/\/www.toys4vip.com\/fr\/luxury-toy\/table-de-ping-pong-woolsey\/294\/#primaryimage\"},\"datePublished\":\"2021-11-02T10:30:07+00:00\",\"dateModified\":\"2021-11-06T11:04:34+00:00\",\"description\":\"Le table de Ping Pong Woolsey .Enfin disponible apr\\u00e8s d'innombrables heures de test de produits rigoureux, la table de Pin Pong Woolsey est con\\u00e7ue et fabriqu\\u00e9e \\u00e0 la taille de spec ITTF.Elle est capable de se transformer \\u00e0 partir d'une table \\u00e0 manger, en quelques secondes, pr\\u00eat pour le jeu. Un solide Black Walnut top est adapt\\u00e9 pour des ann\\u00e9es de jeu, avec une ligne centrale de sucre d'\\u00e9rable pour les intenses matchs de double.\",\"breadcrumb\":{\"@id\":\"https:\/\/www.toys4vip.com\/fr\/luxury-toy\/table-de-ping-pong-woolsey\/294\/#breadcrumb\"},\"inLanguage\":\"fr-FR\",\"potentialAction\":[{\"@type\":\"ReadAction\",\"target\":[\"https:\/\/www.toys4vip.com\/fr\/luxury-toy\/table-de-ping-pong-woolsey\/294\/\"]}]},{\"@type\":\"BreadcrumbList\",\"@id\":\"https:\/\/www.toys4vip.com\/fr\/luxury-toy\/table-de-ping-pong-woolsey\/294\/#breadcrumb\",\"itemListElement\":[{\"@type\":\"ListItem\",\"position\":1,\"name\":\"Home\",\"item\":\"https:\/\/www.toys4vip.com\/fr\/\"},{\"@type\":\"ListItem\",\"position\":2,\"name\":\"Objets \/ Cat\\u00e9gories\",\"item\":\"https:\/\/www.toys4vip.com\/fr\/luxury-toys\/\"},{\"@type\":\"ListItem\",\"position\":3,\"name\":\"Table de Ping Pong Woolsey\"}]}]}<\/script>\n<!-- \/ Yoast SEO plugin. -->","yoast_head_json":{"title":"Table de Ping Pong Woolsey - Toys4Vip","description":"Le table de Ping Pong Woolsey .Enfin disponible apr\u00e8s d'innombrables heures de test de produits rigoureux, la table de Pin Pong Woolsey est con\u00e7ue et fabriqu\u00e9e \u00e0 la taille de spec ITTF.Elle est capable de se transformer \u00e0 partir d'une table \u00e0 manger, en quelques secondes, pr\u00eat pour le jeu. Un solide Black Walnut top est adapt\u00e9 pour des ann\u00e9es de jeu, avec une ligne centrale de sucre d'\u00e9rable pour les intenses matchs de double.","robots":{"index":"index","follow":"follow","max-snippet":"max-snippet:-1","max-image-preview":"max-image-preview:large","max-video-preview":"max-video-preview:-1"},"canonical":"https:\/\/www.toys4vip.com\/fr\/luxury-toy\/table-de-ping-pong-woolsey\/294\/","og_locale":"fr_FR","og_type":"article","og_title":"Table de Ping Pong Woolsey - Toys4Vip","og_description":"Le table de Ping Pong Woolsey .Enfin disponible apr\u00e8s d'innombrables heures de test de produits rigoureux, la table de Pin Pong Woolsey est con\u00e7ue et fabriqu\u00e9e \u00e0 la taille de spec ITTF.Elle est capable de se transformer \u00e0 partir d'une table \u00e0 manger, en quelques secondes, pr\u00eat pour le jeu. Un solide Black Walnut top est adapt\u00e9 pour des ann\u00e9es de jeu, avec une ligne centrale de sucre d'\u00e9rable pour les intenses matchs de double.","og_url":"https:\/\/www.toys4vip.com\/fr\/luxury-toy\/table-de-ping-pong-woolsey\/294\/","og_site_name":"Toys4Vip","article_modified_time":"2021-11-06T11:04:34+00:00","og_image":[{"width":750,"height":500,"url":"https:\/\/www.toys4vip.com\/app\/uploads\/2021\/11\/main-223.jpg","type":"image\/jpeg"}],"twitter_card":"summary_large_image","twitter_misc":{"Dur\u00e9e de lecture est.":"1 minute"},"schema":{"@context":"https:\/\/schema.org","@graph":[{"@type":"WebSite","@id":"https:\/\/www.toys4vip.com\/fr\/#website","url":"https:\/\/www.toys4vip.com\/fr\/","name":"Toys4Vip","description":"Jouets de luxe nouveau concept store","potentialAction":[{"@type":"SearchAction","target":{"@type":"EntryPoint","urlTemplate":"https:\/\/www.toys4vip.com\/fr\/?s={search_term_string}"},"query-input":"required name=search_term_string"}],"inLanguage":"fr-FR"},{"@type":"ImageObject","@id":"https:\/\/www.toys4vip.com\/fr\/luxury-toy\/table-de-ping-pong-woolsey\/294\/#primaryimage","inLanguage":"fr-FR","url":"https:\/\/www.toys4vip.com\/app\/uploads\/2021\/11\/main-223.jpg","contentUrl":"https:\/\/www.toys4vip.com\/app\/uploads\/2021\/11\/main-223.jpg","width":750,"height":500},{"@type":"WebPage","@id":"https:\/\/www.toys4vip.com\/fr\/luxury-toy\/table-de-ping-pong-woolsey\/294\/#webpage","url":"https:\/\/www.toys4vip.com\/fr\/luxury-toy\/table-de-ping-pong-woolsey\/294\/","name":"Table de Ping Pong Woolsey - Toys4Vip","isPartOf":{"@id":"https:\/\/www.toys4vip.com\/fr\/#website"},"primaryImageOfPage":{"@id":"https:\/\/www.toys4vip.com\/fr\/luxury-toy\/table-de-ping-pong-woolsey\/294\/#primaryimage"},"datePublished":"2021-11-02T10:30:07+00:00","dateModified":"2021-11-06T11:04:34+00:00","description":"Le table de Ping Pong Woolsey .Enfin disponible apr\u00e8s d'innombrables heures de test de produits rigoureux, la table de Pin Pong Woolsey est con\u00e7ue et fabriqu\u00e9e \u00e0 la taille de spec ITTF.Elle est capable de se transformer \u00e0 partir d'une table \u00e0 manger, en quelques secondes, pr\u00eat pour le jeu. Un solide Black Walnut top est adapt\u00e9 pour des ann\u00e9es de jeu, avec une ligne centrale de sucre d'\u00e9rable pour les intenses matchs de double.","breadcrumb":{"@id":"https:\/\/www.toys4vip.com\/fr\/luxury-toy\/table-de-ping-pong-woolsey\/294\/#breadcrumb"},"inLanguage":"fr-FR","potentialAction":[{"@type":"ReadAction","target":["https:\/\/www.toys4vip.com\/fr\/luxury-toy\/table-de-ping-pong-woolsey\/294\/"]}]},{"@type":"BreadcrumbList","@id":"https:\/\/www.toys4vip.com\/fr\/luxury-toy\/table-de-ping-pong-woolsey\/294\/#breadcrumb","itemListElement":[{"@type":"ListItem","position":1,"name":"Home","item":"https:\/\/www.toys4vip.com\/fr\/"},{"@type":"ListItem","position":2,"name":"Objets \/ Cat\u00e9gories","item":"https:\/\/www.toys4vip.com\/fr\/luxury-toys\/"},{"@type":"ListItem","position":3,"name":"Table de Ping Pong Woolsey"}]}]}},"_links":{"self":[{"href":"https:\/\/www.toys4vip.com\/fr\/wp-json\/wp\/v2\/product\/1104"}],"collection":[{"href":"https:\/\/www.toys4vip.com\/fr\/wp-json\/wp\/v2\/product"}],"about":[{"href":"https:\/\/www.toys4vip.com\/fr\/wp-json\/wp\/v2\/types\/product"}],"replies":[{"embeddable":true,"href":"https:\/\/www.toys4vip.com\/fr\/wp-json\/wp\/v2\/comments?post=1104"}],"wp:featuredmedia":[{"embeddable":true,"href":"https:\/\/www.toys4vip.com\/fr\/wp-json\/wp\/v2\/media\/1102"}],"wp:attachment":[{"href":"https:\/\/www.toys4vip.com\/fr\/wp-json\/wp\/v2\/media?parent=1104"}],"wp:term":[{"taxonomy":"product_cat","embeddable":true,"href":"https:\/\/www.toys4vip.com\/fr\/wp-json\/wp\/v2\/product_cat?post=1104"},{"taxonomy":"product_tag","embeddable":true,"href":"https:\/\/www.toys4vip.com\/fr\/wp-json\/wp\/v2\/product_tag?post=1104"}],"curies":[{"name":"wp","href":"https:\/\/api.w.org\/{rel}","templated":true}]}}