{"id":1092,"date":"2021-11-02T10:30:06","date_gmt":"2021-11-02T10:30:06","guid":{"rendered":"https:\/\/toys4vip.com\/produit\/lexperience-culinaire-la-plus-chere-au-monde\/"},"modified":"2021-11-06T11:27:47","modified_gmt":"2021-11-06T11:27:47","slug":"lexperience-culinaire-la-plus-chere-au-monde","status":"publish","type":"product","link":"https:\/\/www.toys4vip.com\/fr\/luxury-toy\/lexperience-culinaire-la-plus-chere-au-monde\/289\/","title":{"rendered":"L&rsquo;exp\u00e9rience culinaire la plus ch\u00e8re au monde !"},"content":{"rendered":"<p>Vous \u00eates gourmand et souhaitez d\u00e9guster le meilleur menu jamais con\u00e7u, le tout avec une vue \u00e9poustouflante sur Singapour ? C&rsquo;est tr\u00e8s simple, il suffit d&rsquo;acheter cette bague&#8230;pour avoir le droit au repas le plus cher du monde ! Le restaurant C\u00e9 La Vi du c\u00e9l\u00e8bre h\u00f4tel Marina Bay Sand de Singapour s&rsquo;associe au groupe diamantaire russe, World Of Diamond, pour lancer l&rsquo;exp\u00e9rience culinaire la plus ch\u00e8re au monde. Elle sera r\u00e9serv\u00e9e au futur acheteur d&rsquo;un solitaire en or rose, de 2,08 carats, serti d\u2019un diamant bleu.<\/p>\n<p>Ce bijou est baptis\u00e9 \u00ab\u00a0Jane Seymour\u00a0\u00bb en hommage \u00e0 l\u2019actrice britannique. Il faudra alors d\u00e9bourser 2 millions de dollars, soit 1,8 millions d&rsquo;euros ! L&rsquo;heureux acheteur qui poss\u00e9dera cette pi\u00e8ce de joaillerie unique, r\u00e9alis\u00e9e \u00e0 Gen\u00e8ve par World Of Diamond, aura le droit \u00e0 une journ\u00e9e tr\u00e8s luxueuse de huit heures, et \u00e0 un d\u00eener d\u2019exception&#8230; \u00ab\u00a0Il s\u2019agit de l\u2019exp\u00e9rience d\u00eenatoire la plus ch\u00e8re du monde et la plus somptueuse possible\u00a0\u00bb, se f\u00e9licite Karan Tilani, directeur du groupe W.O.D. en Asie. Et de poursuivre : \u00ab\u00a0En tant que qu\u2019entreprise de mines de diamants, nous consid\u00e9rons le restaurant C\u00e9 La Vi comme un diamant dans le ciel. Nous esp\u00e9rons \u00eatre submerg\u00e9s de r\u00e9ponses, mais seulement deux convives auront \u00e9ventuellement ce privil\u00e8ge.\u201d<\/p>\n<p>Pour ce prix, vous aurez le droit \u00e0 un vol de 45 minutes en h\u00e9licopt\u00e8re pour d\u00e9couvrir Singapour, suivi d&rsquo;une visite de la ville en Rolls-Royce et d\u2019une croisi\u00e8re de luxe. Les deux chanceux se dirigeront ensuite au skybar du restaurant C\u00e9 La Vi, o\u00f9 sera d\u00e9roul\u00e9 un tapis de 10 000 roses fra\u00eeches, les menant vers une vue panoramique \u00e0 360 degr\u00e9s de la ville. Un menu de dix-huit plats (seulement) d\u2019inspiration asiatique leur seront servis au coucher du soleil. Au menu, sera propos\u00e9 de la langoustine de Nouvelle-Z\u00e9lande, des hu\u00eetres Belon \u00e0 l\u2019\u00e9mulsion de champagne, du caviar Almas, des ris d\u2019agneau, du saumon sauvage d\u2019Alaska, du consomm\u00e9 de poulet de Bresse, ou encore du pigeon mitonn\u00e9.<\/p>\n<p>Le tout accompagn\u00e9 de champagne et de grands crus, entre quarante-quatre ans et cinquante-cinq ans d\u2019\u00e2ge. Pour rendre l&rsquo;exp\u00e9rience encore plus agr\u00e9able, les invit\u00e9s d\u00e9gusteront tous ces plats \u00e0 l&rsquo;aide de baguettes orn\u00e9es de pierres pr\u00e9cieuses, grav\u00e9es \u00e0 leurs noms. Ils pourront \u00e9galement repartir avec les si\u00e8ges dans lesquels ils auront d\u00een\u00e9, r\u00e9alis\u00e9s sp\u00e9cialement pour eux par la maison de d\u00e9coration d&rsquo;int\u00e9rieur The Push. Karan Tilani en conclut que l\u2019achat de cette bague pourrait ainsi donner lieu \u00ab\u00a0\u00e0 la demande en mariage la plus sp\u00e9ciale au monde, ou tout simplement pour f\u00eater la vie\u00a0\u00bb.<\/p>\n","protected":false},"excerpt":{"rendered":"<p>Vous \u00eates gourmand et souhaitez d\u00e9guster le meilleur menu jamais con\u00e7u, le tout avec une vue \u00e9poustouflante sur Singapour ? C&rsquo;est tr\u00e8s simple, il suffit d&rsquo;acheter cette bague&#8230;pour avoir le droit au repas le plus cher du monde ! Le restaurant C\u00e9 La Vi du c\u00e9l\u00e8bre h\u00f4tel Marina Bay Sand de Singapour s&rsquo;associe au groupe [&hellip;]<\/p>\n","protected":false},"featured_media":1090,"comment_status":"open","ping_status":"closed","template":"","meta":[],"product_cat":[31],"product_tag":[],"yoast_head":"<!-- This site is optimized with the Yoast SEO plugin v17.4 - https:\/\/yoast.com\/wordpress\/plugins\/seo\/ -->\n<title>L&#039;exp\u00e9rience culinaire la plus ch\u00e8re au monde ! - Toys4Vip<\/title>\n<meta name=\"description\" content=\"Vous \u00eates gourmand et souhaitez d\u00e9guster le meilleur menu jamais con\u00e7u, le tout avec une vue \u00e9poustouflante sur Singapour ? C&#039;est tr\u00e8s simple, il suffit d&#039;acheter cette bague...pour avoir le droit au repas le plus cher du monde ! Le restaurant C\u00e9 La Vi du c\u00e9l\u00e8bre h\u00f4tel Marina Bay Sand de Singapour s&#039;associe au groupe diamantaire russe, World Of Diamond, pour lancer l&#039;exp\u00e9rience culinaire la plus ch\u00e8re au monde. Elle sera r\u00e9serv\u00e9e au futur acheteur d&#039;un solitaire en or rose, de 2,08 carats, serti d\u2019un diamant bleu.\" \/>\n<meta name=\"robots\" content=\"index, follow, max-snippet:-1, max-image-preview:large, max-video-preview:-1\" \/>\n<link rel=\"canonical\" href=\"https:\/\/www.toys4vip.com\/fr\/luxury-toy\/lexperience-culinaire-la-plus-chere-au-monde\/289\/\" \/>\n<meta property=\"og:locale\" content=\"fr_FR\" \/>\n<meta property=\"og:type\" content=\"article\" \/>\n<meta property=\"og:title\" content=\"L&#039;exp\u00e9rience culinaire la plus ch\u00e8re au monde ! - Toys4Vip\" \/>\n<meta property=\"og:description\" content=\"Vous \u00eates gourmand et souhaitez d\u00e9guster le meilleur menu jamais con\u00e7u, le tout avec une vue \u00e9poustouflante sur Singapour ? C&#039;est tr\u00e8s simple, il suffit d&#039;acheter cette bague...pour avoir le droit au repas le plus cher du monde ! Le restaurant C\u00e9 La Vi du c\u00e9l\u00e8bre h\u00f4tel Marina Bay Sand de Singapour s&#039;associe au groupe diamantaire russe, World Of Diamond, pour lancer l&#039;exp\u00e9rience culinaire la plus ch\u00e8re au monde. Elle sera r\u00e9serv\u00e9e au futur acheteur d&#039;un solitaire en or rose, de 2,08 carats, serti d\u2019un diamant bleu.\" \/>\n<meta property=\"og:url\" content=\"https:\/\/www.toys4vip.com\/fr\/luxury-toy\/lexperience-culinaire-la-plus-chere-au-monde\/289\/\" \/>\n<meta property=\"og:site_name\" content=\"Toys4Vip\" \/>\n<meta property=\"article:modified_time\" content=\"2021-11-06T11:27:47+00:00\" \/>\n<meta property=\"og:image\" content=\"https:\/\/www.toys4vip.com\/app\/uploads\/2021\/11\/main-219.jpg\" \/>\n\t<meta property=\"og:image:width\" content=\"1170\" \/>\n\t<meta property=\"og:image:height\" content=\"607\" \/>\n<meta name=\"twitter:card\" content=\"summary_large_image\" \/>\n<meta name=\"twitter:label1\" content=\"Dur\u00e9e de lecture est.\" \/>\n\t<meta name=\"twitter:data1\" content=\"2 minutes\" \/>\n<script type=\"application\/ld+json\" class=\"yoast-schema-graph\">{\"@context\":\"https:\/\/schema.org\",\"@graph\":[{\"@type\":\"WebSite\",\"@id\":\"https:\/\/www.toys4vip.com\/fr\/#website\",\"url\":\"https:\/\/www.toys4vip.com\/fr\/\",\"name\":\"Toys4Vip\",\"description\":\"Jouets de luxe nouveau concept store\",\"potentialAction\":[{\"@type\":\"SearchAction\",\"target\":{\"@type\":\"EntryPoint\",\"urlTemplate\":\"https:\/\/www.toys4vip.com\/fr\/?s={search_term_string}\"},\"query-input\":\"required name=search_term_string\"}],\"inLanguage\":\"fr-FR\"},{\"@type\":\"ImageObject\",\"@id\":\"https:\/\/www.toys4vip.com\/fr\/luxury-toy\/lexperience-culinaire-la-plus-chere-au-monde\/289\/#primaryimage\",\"inLanguage\":\"fr-FR\",\"url\":\"https:\/\/www.toys4vip.com\/app\/uploads\/2021\/11\/main-219.jpg\",\"contentUrl\":\"https:\/\/www.toys4vip.com\/app\/uploads\/2021\/11\/main-219.jpg\",\"width\":1170,\"height\":607},{\"@type\":\"WebPage\",\"@id\":\"https:\/\/www.toys4vip.com\/fr\/luxury-toy\/lexperience-culinaire-la-plus-chere-au-monde\/289\/#webpage\",\"url\":\"https:\/\/www.toys4vip.com\/fr\/luxury-toy\/lexperience-culinaire-la-plus-chere-au-monde\/289\/\",\"name\":\"L'exp\\u00e9rience culinaire la plus ch\\u00e8re au monde ! - Toys4Vip\",\"isPartOf\":{\"@id\":\"https:\/\/www.toys4vip.com\/fr\/#website\"},\"primaryImageOfPage\":{\"@id\":\"https:\/\/www.toys4vip.com\/fr\/luxury-toy\/lexperience-culinaire-la-plus-chere-au-monde\/289\/#primaryimage\"},\"datePublished\":\"2021-11-02T10:30:06+00:00\",\"dateModified\":\"2021-11-06T11:27:47+00:00\",\"description\":\"Vous \\u00eates gourmand et souhaitez d\\u00e9guster le meilleur menu jamais con\\u00e7u, le tout avec une vue \\u00e9poustouflante sur Singapour ? C'est tr\\u00e8s simple, il suffit d'acheter cette bague...pour avoir le droit au repas le plus cher du monde ! Le restaurant C\\u00e9 La Vi du c\\u00e9l\\u00e8bre h\\u00f4tel Marina Bay Sand de Singapour s'associe au groupe diamantaire russe, World Of Diamond, pour lancer l'exp\\u00e9rience culinaire la plus ch\\u00e8re au monde. Elle sera r\\u00e9serv\\u00e9e au futur acheteur d'un solitaire en or rose, de 2,08 carats, serti d\\u2019un diamant bleu.\",\"breadcrumb\":{\"@id\":\"https:\/\/www.toys4vip.com\/fr\/luxury-toy\/lexperience-culinaire-la-plus-chere-au-monde\/289\/#breadcrumb\"},\"inLanguage\":\"fr-FR\",\"potentialAction\":[{\"@type\":\"ReadAction\",\"target\":[\"https:\/\/www.toys4vip.com\/fr\/luxury-toy\/lexperience-culinaire-la-plus-chere-au-monde\/289\/\"]}]},{\"@type\":\"BreadcrumbList\",\"@id\":\"https:\/\/www.toys4vip.com\/fr\/luxury-toy\/lexperience-culinaire-la-plus-chere-au-monde\/289\/#breadcrumb\",\"itemListElement\":[{\"@type\":\"ListItem\",\"position\":1,\"name\":\"Home\",\"item\":\"https:\/\/www.toys4vip.com\/fr\/\"},{\"@type\":\"ListItem\",\"position\":2,\"name\":\"Objets \/ Cat\\u00e9gories\",\"item\":\"https:\/\/www.toys4vip.com\/fr\/luxury-toys\/\"},{\"@type\":\"ListItem\",\"position\":3,\"name\":\"L&#8217;exp\\u00e9rience culinaire la plus ch\\u00e8re au monde !\"}]}]}<\/script>\n<!-- \/ Yoast SEO plugin. -->","yoast_head_json":{"title":"L'exp\u00e9rience culinaire la plus ch\u00e8re au monde ! - Toys4Vip","description":"Vous \u00eates gourmand et souhaitez d\u00e9guster le meilleur menu jamais con\u00e7u, le tout avec une vue \u00e9poustouflante sur Singapour ? C'est tr\u00e8s simple, il suffit d'acheter cette bague...pour avoir le droit au repas le plus cher du monde ! Le restaurant C\u00e9 La Vi du c\u00e9l\u00e8bre h\u00f4tel Marina Bay Sand de Singapour s'associe au groupe diamantaire russe, World Of Diamond, pour lancer l'exp\u00e9rience culinaire la plus ch\u00e8re au monde. Elle sera r\u00e9serv\u00e9e au futur acheteur d'un solitaire en or rose, de 2,08 carats, serti d\u2019un diamant bleu.","robots":{"index":"index","follow":"follow","max-snippet":"max-snippet:-1","max-image-preview":"max-image-preview:large","max-video-preview":"max-video-preview:-1"},"canonical":"https:\/\/www.toys4vip.com\/fr\/luxury-toy\/lexperience-culinaire-la-plus-chere-au-monde\/289\/","og_locale":"fr_FR","og_type":"article","og_title":"L'exp\u00e9rience culinaire la plus ch\u00e8re au monde ! - Toys4Vip","og_description":"Vous \u00eates gourmand et souhaitez d\u00e9guster le meilleur menu jamais con\u00e7u, le tout avec une vue \u00e9poustouflante sur Singapour ? C'est tr\u00e8s simple, il suffit d'acheter cette bague...pour avoir le droit au repas le plus cher du monde ! Le restaurant C\u00e9 La Vi du c\u00e9l\u00e8bre h\u00f4tel Marina Bay Sand de Singapour s'associe au groupe diamantaire russe, World Of Diamond, pour lancer l'exp\u00e9rience culinaire la plus ch\u00e8re au monde. Elle sera r\u00e9serv\u00e9e au futur acheteur d'un solitaire en or rose, de 2,08 carats, serti d\u2019un diamant bleu.","og_url":"https:\/\/www.toys4vip.com\/fr\/luxury-toy\/lexperience-culinaire-la-plus-chere-au-monde\/289\/","og_site_name":"Toys4Vip","article_modified_time":"2021-11-06T11:27:47+00:00","og_image":[{"width":1170,"height":607,"url":"https:\/\/www.toys4vip.com\/app\/uploads\/2021\/11\/main-219.jpg","type":"image\/jpeg"}],"twitter_card":"summary_large_image","twitter_misc":{"Dur\u00e9e de lecture est.":"2 minutes"},"schema":{"@context":"https:\/\/schema.org","@graph":[{"@type":"WebSite","@id":"https:\/\/www.toys4vip.com\/fr\/#website","url":"https:\/\/www.toys4vip.com\/fr\/","name":"Toys4Vip","description":"Jouets de luxe nouveau concept store","potentialAction":[{"@type":"SearchAction","target":{"@type":"EntryPoint","urlTemplate":"https:\/\/www.toys4vip.com\/fr\/?s={search_term_string}"},"query-input":"required name=search_term_string"}],"inLanguage":"fr-FR"},{"@type":"ImageObject","@id":"https:\/\/www.toys4vip.com\/fr\/luxury-toy\/lexperience-culinaire-la-plus-chere-au-monde\/289\/#primaryimage","inLanguage":"fr-FR","url":"https:\/\/www.toys4vip.com\/app\/uploads\/2021\/11\/main-219.jpg","contentUrl":"https:\/\/www.toys4vip.com\/app\/uploads\/2021\/11\/main-219.jpg","width":1170,"height":607},{"@type":"WebPage","@id":"https:\/\/www.toys4vip.com\/fr\/luxury-toy\/lexperience-culinaire-la-plus-chere-au-monde\/289\/#webpage","url":"https:\/\/www.toys4vip.com\/fr\/luxury-toy\/lexperience-culinaire-la-plus-chere-au-monde\/289\/","name":"L'exp\u00e9rience culinaire la plus ch\u00e8re au monde ! - Toys4Vip","isPartOf":{"@id":"https:\/\/www.toys4vip.com\/fr\/#website"},"primaryImageOfPage":{"@id":"https:\/\/www.toys4vip.com\/fr\/luxury-toy\/lexperience-culinaire-la-plus-chere-au-monde\/289\/#primaryimage"},"datePublished":"2021-11-02T10:30:06+00:00","dateModified":"2021-11-06T11:27:47+00:00","description":"Vous \u00eates gourmand et souhaitez d\u00e9guster le meilleur menu jamais con\u00e7u, le tout avec une vue \u00e9poustouflante sur Singapour ? C'est tr\u00e8s simple, il suffit d'acheter cette bague...pour avoir le droit au repas le plus cher du monde ! Le restaurant C\u00e9 La Vi du c\u00e9l\u00e8bre h\u00f4tel Marina Bay Sand de Singapour s'associe au groupe diamantaire russe, World Of Diamond, pour lancer l'exp\u00e9rience culinaire la plus ch\u00e8re au monde. Elle sera r\u00e9serv\u00e9e au futur acheteur d'un solitaire en or rose, de 2,08 carats, serti d\u2019un diamant bleu.","breadcrumb":{"@id":"https:\/\/www.toys4vip.com\/fr\/luxury-toy\/lexperience-culinaire-la-plus-chere-au-monde\/289\/#breadcrumb"},"inLanguage":"fr-FR","potentialAction":[{"@type":"ReadAction","target":["https:\/\/www.toys4vip.com\/fr\/luxury-toy\/lexperience-culinaire-la-plus-chere-au-monde\/289\/"]}]},{"@type":"BreadcrumbList","@id":"https:\/\/www.toys4vip.com\/fr\/luxury-toy\/lexperience-culinaire-la-plus-chere-au-monde\/289\/#breadcrumb","itemListElement":[{"@type":"ListItem","position":1,"name":"Home","item":"https:\/\/www.toys4vip.com\/fr\/"},{"@type":"ListItem","position":2,"name":"Objets \/ Cat\u00e9gories","item":"https:\/\/www.toys4vip.com\/fr\/luxury-toys\/"},{"@type":"ListItem","position":3,"name":"L&#8217;exp\u00e9rience culinaire la plus ch\u00e8re au monde !"}]}]}},"_links":{"self":[{"href":"https:\/\/www.toys4vip.com\/fr\/wp-json\/wp\/v2\/product\/1092"}],"collection":[{"href":"https:\/\/www.toys4vip.com\/fr\/wp-json\/wp\/v2\/product"}],"about":[{"href":"https:\/\/www.toys4vip.com\/fr\/wp-json\/wp\/v2\/types\/product"}],"replies":[{"embeddable":true,"href":"https:\/\/www.toys4vip.com\/fr\/wp-json\/wp\/v2\/comments?post=1092"}],"wp:featuredmedia":[{"embeddable":true,"href":"https:\/\/www.toys4vip.com\/fr\/wp-json\/wp\/v2\/media\/1090"}],"wp:attachment":[{"href":"https:\/\/www.toys4vip.com\/fr\/wp-json\/wp\/v2\/media?parent=1092"}],"wp:term":[{"taxonomy":"product_cat","embeddable":true,"href":"https:\/\/www.toys4vip.com\/fr\/wp-json\/wp\/v2\/product_cat?post=1092"},{"taxonomy":"product_tag","embeddable":true,"href":"https:\/\/www.toys4vip.com\/fr\/wp-json\/wp\/v2\/product_tag?post=1092"}],"curies":[{"name":"wp","href":"https:\/\/api.w.org\/{rel}","templated":true}]}}