{"id":1083,"date":"2021-11-02T10:30:05","date_gmt":"2021-11-02T10:30:05","guid":{"rendered":"https:\/\/toys4vip.com\/produit\/frauscher-747-mirage\/"},"modified":"2021-11-16T17:54:20","modified_gmt":"2021-11-16T17:54:20","slug":"frauscher-747-mirage","status":"publish","type":"product","link":"https:\/\/www.toys4vip.com\/fr\/luxury-toy\/frauscher-747-mirage\/286\/","title":{"rendered":"Frauscher 747 Mirage"},"content":{"rendered":"<p>Il s&rsquo;appelle 747 Mirage. Le dernier n\u00e9 Frauscher a \u00e9t\u00e9 d\u00e9voil\u00e9 mi-juin par le chantier autrichien et laisse appara\u00eetre des traits de ressemblance certains avec son prestigieux a\u00een\u00e9, le 858 Fantom.<\/p>\n<p>Frauscher d\u00e9cline sur 7,47 m\u00e8tres le concept de \u00ab supercar \u00bb motonautique inaugur\u00e9, en 2013, par l&rsquo;envo\u00fbtant 858 Fantom (8,67 m). Le nom de Mirage fait aussi bien r\u00e9f\u00e9rence ici au ph\u00e9nom\u00e8ne optique qu&rsquo;\u00e0 l&rsquo;avion de chasse, pr\u00e9cise le chantier, et procure au bateau une \u00ab myst\u00e9rieuse aura \u00bb. L&rsquo;irr\u00e9sistible silhouette de ce 747 Mirage est l&rsquo;\u0153uvre, une nouvelle fois, des talentueux designers Gerald Kiska et Harry Miesbauer, en collaboration bien s\u00fbr avec les stylistes du chantier.<\/p>\n<p>Quatre motorisations figurent au catalogue : 3 inboard essence en Z-drive, jusqu&rsquo;\u00e0 430 chevaux, et un bloc diesel Volvo Penta D4 de 220 chevaux. Dans sa configuration la plus bestiale, le 747 Mirage approche 56 n\u0153uds en vitesse de pointe. Le r\u00e9servoir de carburant affiche quant \u00e0 lui une capacit\u00e9 de 240 litres.<\/p>\n<p>Du c\u00f4t\u00e9 des am\u00e9nagements, la liaison entre la plage de bain et le cockpit est assur\u00e9e par un couloir d\u00e9gag\u00e9 \u00e0 tribord, tandis qu&rsquo;un bain de soleil recouvre la cale du moteur. Le cockpit se distingue par son sofa en L modulable et accueille naturellement le poste de pilotage. Un coussin amovible faisant office de solarium suppl\u00e9mentaire peut \u00eatre fix\u00e9 sur le rouf et rang\u00e9 sous celui-ci. Enfin, Frauscher propose un large choix de coloris int\u00e9rieurs et ext\u00e9rieurs pour personnaliser l&rsquo;unit\u00e9.<\/p>\n<p>Long. : 7,47 m<br \/>\nLarg. : 2,50 m<br \/>\nPoids : 1 800 kg<br \/>\nCarb. : 240 l<br \/>\nHomol. : C\/6<br \/>\nMot. : 220 \u2013 430 ch<br \/>\nConstr. : Frauscher<\/p>\n","protected":false},"excerpt":{"rendered":"<p>Il s&rsquo;appelle 747 Mirage. Le dernier n\u00e9 Frauscher a \u00e9t\u00e9 d\u00e9voil\u00e9 mi-juin par le chantier autrichien et laisse appara\u00eetre des traits de ressemblance certains avec son prestigieux a\u00een\u00e9, le 858 Fantom. Frauscher d\u00e9cline sur 7,47 m\u00e8tres le concept de \u00ab supercar \u00bb motonautique inaugur\u00e9, en 2013, par l&rsquo;envo\u00fbtant 858 Fantom (8,67 m). Le nom de [&hellip;]<\/p>\n","protected":false},"featured_media":1081,"comment_status":"open","ping_status":"closed","template":"","meta":[],"product_cat":[26,86],"product_tag":[],"yoast_head":"<!-- This site is optimized with the Yoast SEO plugin v17.4 - https:\/\/yoast.com\/wordpress\/plugins\/seo\/ -->\n<title>Frauscher 747 Mirage - Toys4Vip<\/title>\n<meta name=\"description\" content=\"Il s&#039;appelle 747 Mirage. Le dernier n\u00e9 Frauscher a \u00e9t\u00e9 d\u00e9voil\u00e9 mi-juin par le chantier autrichien et laisse appara\u00eetre des traits de ressemblance certains avec son prestigieux a\u00een\u00e9, le 858 Fantom.Frauscher d\u00e9cline sur 7,47 m\u00e8tres le concept de \u00ab supercar \u00bb motonautique inaugur\u00e9, en 2013, par l&#039;envo\u00fbtant 858 Fantom (8,67 m). Le nom de Mirage fait aussi bien r\u00e9f\u00e9rence ici au ph\u00e9nom\u00e8ne optique qu&#039;\u00e0 l&#039;avion de chasse, pr\u00e9cise le chantier, et procure au bateau une \u00ab myst\u00e9rieuse aura \u00bb. L&#039;irr\u00e9sistible silhouette de ce 747 Mirage est l&#039;\u0153uvre, une nouvelle fois, des talentueux designers Gerald Kiska et Harry Miesbauer, en collaboration bien s\u00fbr avec les stylistes du chantier.\" \/>\n<meta name=\"robots\" content=\"index, follow, max-snippet:-1, max-image-preview:large, max-video-preview:-1\" \/>\n<link rel=\"canonical\" href=\"https:\/\/www.toys4vip.com\/fr\/luxury-toy\/frauscher-747-mirage\/286\/\" \/>\n<meta property=\"og:locale\" content=\"fr_FR\" \/>\n<meta property=\"og:type\" content=\"article\" \/>\n<meta property=\"og:title\" content=\"Frauscher 747 Mirage - Toys4Vip\" \/>\n<meta property=\"og:description\" content=\"Il s&#039;appelle 747 Mirage. Le dernier n\u00e9 Frauscher a \u00e9t\u00e9 d\u00e9voil\u00e9 mi-juin par le chantier autrichien et laisse appara\u00eetre des traits de ressemblance certains avec son prestigieux a\u00een\u00e9, le 858 Fantom.Frauscher d\u00e9cline sur 7,47 m\u00e8tres le concept de \u00ab supercar \u00bb motonautique inaugur\u00e9, en 2013, par l&#039;envo\u00fbtant 858 Fantom (8,67 m). Le nom de Mirage fait aussi bien r\u00e9f\u00e9rence ici au ph\u00e9nom\u00e8ne optique qu&#039;\u00e0 l&#039;avion de chasse, pr\u00e9cise le chantier, et procure au bateau une \u00ab myst\u00e9rieuse aura \u00bb. L&#039;irr\u00e9sistible silhouette de ce 747 Mirage est l&#039;\u0153uvre, une nouvelle fois, des talentueux designers Gerald Kiska et Harry Miesbauer, en collaboration bien s\u00fbr avec les stylistes du chantier.\" \/>\n<meta property=\"og:url\" content=\"https:\/\/www.toys4vip.com\/fr\/luxury-toy\/frauscher-747-mirage\/286\/\" \/>\n<meta property=\"og:site_name\" content=\"Toys4Vip\" \/>\n<meta property=\"article:modified_time\" content=\"2021-11-16T17:54:20+00:00\" \/>\n<meta property=\"og:image\" content=\"https:\/\/www.toys4vip.com\/app\/uploads\/2021\/11\/main-216.jpg\" \/>\n\t<meta property=\"og:image:width\" content=\"800\" \/>\n\t<meta property=\"og:image:height\" content=\"525\" \/>\n<meta name=\"twitter:card\" content=\"summary_large_image\" \/>\n<meta name=\"twitter:label1\" content=\"Dur\u00e9e de lecture est.\" \/>\n\t<meta name=\"twitter:data1\" content=\"1 minute\" \/>\n<script type=\"application\/ld+json\" class=\"yoast-schema-graph\">{\"@context\":\"https:\/\/schema.org\",\"@graph\":[{\"@type\":\"WebSite\",\"@id\":\"https:\/\/www.toys4vip.com\/fr\/#website\",\"url\":\"https:\/\/www.toys4vip.com\/fr\/\",\"name\":\"Toys4Vip\",\"description\":\"Jouets de luxe nouveau concept store\",\"potentialAction\":[{\"@type\":\"SearchAction\",\"target\":{\"@type\":\"EntryPoint\",\"urlTemplate\":\"https:\/\/www.toys4vip.com\/fr\/?s={search_term_string}\"},\"query-input\":\"required name=search_term_string\"}],\"inLanguage\":\"fr-FR\"},{\"@type\":\"ImageObject\",\"@id\":\"https:\/\/www.toys4vip.com\/fr\/luxury-toy\/frauscher-747-mirage\/286\/#primaryimage\",\"inLanguage\":\"fr-FR\",\"url\":\"https:\/\/www.toys4vip.com\/app\/uploads\/2021\/11\/main-216.jpg\",\"contentUrl\":\"https:\/\/www.toys4vip.com\/app\/uploads\/2021\/11\/main-216.jpg\",\"width\":800,\"height\":525},{\"@type\":\"WebPage\",\"@id\":\"https:\/\/www.toys4vip.com\/fr\/luxury-toy\/frauscher-747-mirage\/286\/#webpage\",\"url\":\"https:\/\/www.toys4vip.com\/fr\/luxury-toy\/frauscher-747-mirage\/286\/\",\"name\":\"Frauscher 747 Mirage - Toys4Vip\",\"isPartOf\":{\"@id\":\"https:\/\/www.toys4vip.com\/fr\/#website\"},\"primaryImageOfPage\":{\"@id\":\"https:\/\/www.toys4vip.com\/fr\/luxury-toy\/frauscher-747-mirage\/286\/#primaryimage\"},\"datePublished\":\"2021-11-02T10:30:05+00:00\",\"dateModified\":\"2021-11-16T17:54:20+00:00\",\"description\":\"Il s'appelle 747 Mirage. Le dernier n\\u00e9 Frauscher a \\u00e9t\\u00e9 d\\u00e9voil\\u00e9 mi-juin par le chantier autrichien et laisse appara\\u00eetre des traits de ressemblance certains avec son prestigieux a\\u00een\\u00e9, le 858 Fantom.Frauscher d\\u00e9cline sur 7,47 m\\u00e8tres le concept de \\u00ab supercar \\u00bb motonautique inaugur\\u00e9, en 2013, par l'envo\\u00fbtant 858 Fantom (8,67 m). Le nom de Mirage fait aussi bien r\\u00e9f\\u00e9rence ici au ph\\u00e9nom\\u00e8ne optique qu'\\u00e0 l'avion de chasse, pr\\u00e9cise le chantier, et procure au bateau une \\u00ab myst\\u00e9rieuse aura \\u00bb. L'irr\\u00e9sistible silhouette de ce 747 Mirage est l'\\u0153uvre, une nouvelle fois, des talentueux designers Gerald Kiska et Harry Miesbauer, en collaboration bien s\\u00fbr avec les stylistes du chantier.\",\"breadcrumb\":{\"@id\":\"https:\/\/www.toys4vip.com\/fr\/luxury-toy\/frauscher-747-mirage\/286\/#breadcrumb\"},\"inLanguage\":\"fr-FR\",\"potentialAction\":[{\"@type\":\"ReadAction\",\"target\":[\"https:\/\/www.toys4vip.com\/fr\/luxury-toy\/frauscher-747-mirage\/286\/\"]}]},{\"@type\":\"BreadcrumbList\",\"@id\":\"https:\/\/www.toys4vip.com\/fr\/luxury-toy\/frauscher-747-mirage\/286\/#breadcrumb\",\"itemListElement\":[{\"@type\":\"ListItem\",\"position\":1,\"name\":\"Home\",\"item\":\"https:\/\/www.toys4vip.com\/fr\/\"},{\"@type\":\"ListItem\",\"position\":2,\"name\":\"Objets \/ Cat\\u00e9gories\",\"item\":\"https:\/\/www.toys4vip.com\/fr\/luxury-toys\/\"},{\"@type\":\"ListItem\",\"position\":3,\"name\":\"Frauscher 747 Mirage\"}]}]}<\/script>\n<!-- \/ Yoast SEO plugin. -->","yoast_head_json":{"title":"Frauscher 747 Mirage - Toys4Vip","description":"Il s'appelle 747 Mirage. Le dernier n\u00e9 Frauscher a \u00e9t\u00e9 d\u00e9voil\u00e9 mi-juin par le chantier autrichien et laisse appara\u00eetre des traits de ressemblance certains avec son prestigieux a\u00een\u00e9, le 858 Fantom.Frauscher d\u00e9cline sur 7,47 m\u00e8tres le concept de \u00ab supercar \u00bb motonautique inaugur\u00e9, en 2013, par l'envo\u00fbtant 858 Fantom (8,67 m). Le nom de Mirage fait aussi bien r\u00e9f\u00e9rence ici au ph\u00e9nom\u00e8ne optique qu'\u00e0 l'avion de chasse, pr\u00e9cise le chantier, et procure au bateau une \u00ab myst\u00e9rieuse aura \u00bb. L'irr\u00e9sistible silhouette de ce 747 Mirage est l'\u0153uvre, une nouvelle fois, des talentueux designers Gerald Kiska et Harry Miesbauer, en collaboration bien s\u00fbr avec les stylistes du chantier.","robots":{"index":"index","follow":"follow","max-snippet":"max-snippet:-1","max-image-preview":"max-image-preview:large","max-video-preview":"max-video-preview:-1"},"canonical":"https:\/\/www.toys4vip.com\/fr\/luxury-toy\/frauscher-747-mirage\/286\/","og_locale":"fr_FR","og_type":"article","og_title":"Frauscher 747 Mirage - Toys4Vip","og_description":"Il s'appelle 747 Mirage. Le dernier n\u00e9 Frauscher a \u00e9t\u00e9 d\u00e9voil\u00e9 mi-juin par le chantier autrichien et laisse appara\u00eetre des traits de ressemblance certains avec son prestigieux a\u00een\u00e9, le 858 Fantom.Frauscher d\u00e9cline sur 7,47 m\u00e8tres le concept de \u00ab supercar \u00bb motonautique inaugur\u00e9, en 2013, par l'envo\u00fbtant 858 Fantom (8,67 m). Le nom de Mirage fait aussi bien r\u00e9f\u00e9rence ici au ph\u00e9nom\u00e8ne optique qu'\u00e0 l'avion de chasse, pr\u00e9cise le chantier, et procure au bateau une \u00ab myst\u00e9rieuse aura \u00bb. L'irr\u00e9sistible silhouette de ce 747 Mirage est l'\u0153uvre, une nouvelle fois, des talentueux designers Gerald Kiska et Harry Miesbauer, en collaboration bien s\u00fbr avec les stylistes du chantier.","og_url":"https:\/\/www.toys4vip.com\/fr\/luxury-toy\/frauscher-747-mirage\/286\/","og_site_name":"Toys4Vip","article_modified_time":"2021-11-16T17:54:20+00:00","og_image":[{"width":800,"height":525,"url":"https:\/\/www.toys4vip.com\/app\/uploads\/2021\/11\/main-216.jpg","type":"image\/jpeg"}],"twitter_card":"summary_large_image","twitter_misc":{"Dur\u00e9e de lecture est.":"1 minute"},"schema":{"@context":"https:\/\/schema.org","@graph":[{"@type":"WebSite","@id":"https:\/\/www.toys4vip.com\/fr\/#website","url":"https:\/\/www.toys4vip.com\/fr\/","name":"Toys4Vip","description":"Jouets de luxe nouveau concept store","potentialAction":[{"@type":"SearchAction","target":{"@type":"EntryPoint","urlTemplate":"https:\/\/www.toys4vip.com\/fr\/?s={search_term_string}"},"query-input":"required name=search_term_string"}],"inLanguage":"fr-FR"},{"@type":"ImageObject","@id":"https:\/\/www.toys4vip.com\/fr\/luxury-toy\/frauscher-747-mirage\/286\/#primaryimage","inLanguage":"fr-FR","url":"https:\/\/www.toys4vip.com\/app\/uploads\/2021\/11\/main-216.jpg","contentUrl":"https:\/\/www.toys4vip.com\/app\/uploads\/2021\/11\/main-216.jpg","width":800,"height":525},{"@type":"WebPage","@id":"https:\/\/www.toys4vip.com\/fr\/luxury-toy\/frauscher-747-mirage\/286\/#webpage","url":"https:\/\/www.toys4vip.com\/fr\/luxury-toy\/frauscher-747-mirage\/286\/","name":"Frauscher 747 Mirage - Toys4Vip","isPartOf":{"@id":"https:\/\/www.toys4vip.com\/fr\/#website"},"primaryImageOfPage":{"@id":"https:\/\/www.toys4vip.com\/fr\/luxury-toy\/frauscher-747-mirage\/286\/#primaryimage"},"datePublished":"2021-11-02T10:30:05+00:00","dateModified":"2021-11-16T17:54:20+00:00","description":"Il s'appelle 747 Mirage. Le dernier n\u00e9 Frauscher a \u00e9t\u00e9 d\u00e9voil\u00e9 mi-juin par le chantier autrichien et laisse appara\u00eetre des traits de ressemblance certains avec son prestigieux a\u00een\u00e9, le 858 Fantom.Frauscher d\u00e9cline sur 7,47 m\u00e8tres le concept de \u00ab supercar \u00bb motonautique inaugur\u00e9, en 2013, par l'envo\u00fbtant 858 Fantom (8,67 m). Le nom de Mirage fait aussi bien r\u00e9f\u00e9rence ici au ph\u00e9nom\u00e8ne optique qu'\u00e0 l'avion de chasse, pr\u00e9cise le chantier, et procure au bateau une \u00ab myst\u00e9rieuse aura \u00bb. L'irr\u00e9sistible silhouette de ce 747 Mirage est l'\u0153uvre, une nouvelle fois, des talentueux designers Gerald Kiska et Harry Miesbauer, en collaboration bien s\u00fbr avec les stylistes du chantier.","breadcrumb":{"@id":"https:\/\/www.toys4vip.com\/fr\/luxury-toy\/frauscher-747-mirage\/286\/#breadcrumb"},"inLanguage":"fr-FR","potentialAction":[{"@type":"ReadAction","target":["https:\/\/www.toys4vip.com\/fr\/luxury-toy\/frauscher-747-mirage\/286\/"]}]},{"@type":"BreadcrumbList","@id":"https:\/\/www.toys4vip.com\/fr\/luxury-toy\/frauscher-747-mirage\/286\/#breadcrumb","itemListElement":[{"@type":"ListItem","position":1,"name":"Home","item":"https:\/\/www.toys4vip.com\/fr\/"},{"@type":"ListItem","position":2,"name":"Objets \/ Cat\u00e9gories","item":"https:\/\/www.toys4vip.com\/fr\/luxury-toys\/"},{"@type":"ListItem","position":3,"name":"Frauscher 747 Mirage"}]}]}},"_links":{"self":[{"href":"https:\/\/www.toys4vip.com\/fr\/wp-json\/wp\/v2\/product\/1083"}],"collection":[{"href":"https:\/\/www.toys4vip.com\/fr\/wp-json\/wp\/v2\/product"}],"about":[{"href":"https:\/\/www.toys4vip.com\/fr\/wp-json\/wp\/v2\/types\/product"}],"replies":[{"embeddable":true,"href":"https:\/\/www.toys4vip.com\/fr\/wp-json\/wp\/v2\/comments?post=1083"}],"wp:featuredmedia":[{"embeddable":true,"href":"https:\/\/www.toys4vip.com\/fr\/wp-json\/wp\/v2\/media\/1081"}],"wp:attachment":[{"href":"https:\/\/www.toys4vip.com\/fr\/wp-json\/wp\/v2\/media?parent=1083"}],"wp:term":[{"taxonomy":"product_cat","embeddable":true,"href":"https:\/\/www.toys4vip.com\/fr\/wp-json\/wp\/v2\/product_cat?post=1083"},{"taxonomy":"product_tag","embeddable":true,"href":"https:\/\/www.toys4vip.com\/fr\/wp-json\/wp\/v2\/product_tag?post=1083"}],"curies":[{"name":"wp","href":"https:\/\/api.w.org\/{rel}","templated":true}]}}