{"id":1080,"date":"2021-11-02T10:30:05","date_gmt":"2021-11-02T10:30:05","guid":{"rendered":"https:\/\/toys4vip.com\/produit\/locean-pool\/"},"modified":"2021-11-06T11:45:32","modified_gmt":"2021-11-06T11:45:32","slug":"locean-pool","status":"publish","type":"product","link":"https:\/\/www.toys4vip.com\/fr\/luxury-toy\/locean-pool\/285\/","title":{"rendered":"L&rsquo;ocean Pool"},"content":{"rendered":"<p>La piscine ocean est une piscine flottante portable de 2,4m d\u2019enceinte maill\u00e9e profonde con\u00e7ue pour une s\u00e9curit\u00e9 maximum, emp\u00eachant m\u00eame les plus petites m\u00e9duses et ind\u00e9sirable vie de la mer. Avec un espace pour se d\u00e9tendre sur le pont et nager dans la paix, l&rsquo;oc\u00e9an piscine devient rapidement le point focal de tout yacht.<\/p>\n<p>Ajouter des accessoires Aquaglide aux bords ext\u00e9rieurs de la piscine \u00e0 l&rsquo;aide Interloc syst\u00e8me de fixation. Il peut \u00eatre ancr\u00e9 sur lui-m\u00eame, ou utilis\u00e9 \u00e0 l&rsquo;arri\u00e8re d&rsquo;un yacht. Vous pouvez \u00e9galement connecter des \u00e9l\u00e9ments sur trois c\u00f4t\u00e9s avec notre syst\u00e8me facile \u00e0 utiliser Interloc.<\/p>\n","protected":false},"excerpt":{"rendered":"<p>La piscine ocean est une piscine flottante portable de 2,4m d\u2019enceinte maill\u00e9e profonde con\u00e7ue pour une s\u00e9curit\u00e9 maximum, emp\u00eachant m\u00eame les plus petites m\u00e9duses et ind\u00e9sirable vie de la mer. Avec un espace pour se d\u00e9tendre sur le pont et nager dans la paix, l&rsquo;oc\u00e9an piscine devient rapidement le point focal de tout yacht. Ajouter [&hellip;]<\/p>\n","protected":false},"featured_media":1078,"comment_status":"open","ping_status":"closed","template":"","meta":[],"product_cat":[33],"product_tag":[],"yoast_head":"<!-- This site is optimized with the Yoast SEO plugin v17.4 - https:\/\/yoast.com\/wordpress\/plugins\/seo\/ -->\n<title>L&#039;ocean Pool - Toys4Vip<\/title>\n<meta name=\"description\" content=\"La piscine ocean est une piscine flottante portable de 2,4m d\u2019enceinte maill\u00e9e profonde con\u00e7ue pour une s\u00e9curit\u00e9 maximum, emp\u00eachant m\u00eame les plus petites m\u00e9duses et ind\u00e9sirable vie de la mer. Avec un espace pour se d\u00e9tendre sur le pont et nager dans la paix, l&#039;oc\u00e9an piscine devient rapidement le point focal de tout yacht.\" \/>\n<meta name=\"robots\" content=\"index, follow, max-snippet:-1, max-image-preview:large, max-video-preview:-1\" \/>\n<link rel=\"canonical\" href=\"https:\/\/www.toys4vip.com\/fr\/luxury-toy\/locean-pool\/285\/\" \/>\n<meta property=\"og:locale\" content=\"fr_FR\" \/>\n<meta property=\"og:type\" content=\"article\" \/>\n<meta property=\"og:title\" content=\"L&#039;ocean Pool - Toys4Vip\" \/>\n<meta property=\"og:description\" content=\"La piscine ocean est une piscine flottante portable de 2,4m d\u2019enceinte maill\u00e9e profonde con\u00e7ue pour une s\u00e9curit\u00e9 maximum, emp\u00eachant m\u00eame les plus petites m\u00e9duses et ind\u00e9sirable vie de la mer. Avec un espace pour se d\u00e9tendre sur le pont et nager dans la paix, l&#039;oc\u00e9an piscine devient rapidement le point focal de tout yacht.\" \/>\n<meta property=\"og:url\" content=\"https:\/\/www.toys4vip.com\/fr\/luxury-toy\/locean-pool\/285\/\" \/>\n<meta property=\"og:site_name\" content=\"Toys4Vip\" \/>\n<meta property=\"article:modified_time\" content=\"2021-11-06T11:45:32+00:00\" \/>\n<meta property=\"og:image\" content=\"https:\/\/www.toys4vip.com\/app\/uploads\/2021\/11\/main-215.jpg\" \/>\n\t<meta property=\"og:image:width\" content=\"640\" \/>\n\t<meta property=\"og:image:height\" content=\"427\" \/>\n<meta name=\"twitter:card\" content=\"summary_large_image\" \/>\n<meta name=\"twitter:label1\" content=\"Dur\u00e9e de lecture est.\" \/>\n\t<meta name=\"twitter:data1\" content=\"1 minute\" \/>\n<script type=\"application\/ld+json\" class=\"yoast-schema-graph\">{\"@context\":\"https:\/\/schema.org\",\"@graph\":[{\"@type\":\"WebSite\",\"@id\":\"https:\/\/www.toys4vip.com\/fr\/#website\",\"url\":\"https:\/\/www.toys4vip.com\/fr\/\",\"name\":\"Toys4Vip\",\"description\":\"Jouets de luxe nouveau concept store\",\"potentialAction\":[{\"@type\":\"SearchAction\",\"target\":{\"@type\":\"EntryPoint\",\"urlTemplate\":\"https:\/\/www.toys4vip.com\/fr\/?s={search_term_string}\"},\"query-input\":\"required name=search_term_string\"}],\"inLanguage\":\"fr-FR\"},{\"@type\":\"ImageObject\",\"@id\":\"https:\/\/www.toys4vip.com\/fr\/luxury-toy\/locean-pool\/285\/#primaryimage\",\"inLanguage\":\"fr-FR\",\"url\":\"https:\/\/www.toys4vip.com\/app\/uploads\/2021\/11\/main-215.jpg\",\"contentUrl\":\"https:\/\/www.toys4vip.com\/app\/uploads\/2021\/11\/main-215.jpg\",\"width\":640,\"height\":427},{\"@type\":\"WebPage\",\"@id\":\"https:\/\/www.toys4vip.com\/fr\/luxury-toy\/locean-pool\/285\/#webpage\",\"url\":\"https:\/\/www.toys4vip.com\/fr\/luxury-toy\/locean-pool\/285\/\",\"name\":\"L'ocean Pool - Toys4Vip\",\"isPartOf\":{\"@id\":\"https:\/\/www.toys4vip.com\/fr\/#website\"},\"primaryImageOfPage\":{\"@id\":\"https:\/\/www.toys4vip.com\/fr\/luxury-toy\/locean-pool\/285\/#primaryimage\"},\"datePublished\":\"2021-11-02T10:30:05+00:00\",\"dateModified\":\"2021-11-06T11:45:32+00:00\",\"description\":\"La piscine ocean est une piscine flottante portable de 2,4m d\\u2019enceinte maill\\u00e9e profonde con\\u00e7ue pour une s\\u00e9curit\\u00e9 maximum, emp\\u00eachant m\\u00eame les plus petites m\\u00e9duses et ind\\u00e9sirable vie de la mer. Avec un espace pour se d\\u00e9tendre sur le pont et nager dans la paix, l'oc\\u00e9an piscine devient rapidement le point focal de tout yacht.\",\"breadcrumb\":{\"@id\":\"https:\/\/www.toys4vip.com\/fr\/luxury-toy\/locean-pool\/285\/#breadcrumb\"},\"inLanguage\":\"fr-FR\",\"potentialAction\":[{\"@type\":\"ReadAction\",\"target\":[\"https:\/\/www.toys4vip.com\/fr\/luxury-toy\/locean-pool\/285\/\"]}]},{\"@type\":\"BreadcrumbList\",\"@id\":\"https:\/\/www.toys4vip.com\/fr\/luxury-toy\/locean-pool\/285\/#breadcrumb\",\"itemListElement\":[{\"@type\":\"ListItem\",\"position\":1,\"name\":\"Home\",\"item\":\"https:\/\/www.toys4vip.com\/fr\/\"},{\"@type\":\"ListItem\",\"position\":2,\"name\":\"Objets \/ Cat\\u00e9gories\",\"item\":\"https:\/\/www.toys4vip.com\/fr\/luxury-toys\/\"},{\"@type\":\"ListItem\",\"position\":3,\"name\":\"L&#8217;ocean Pool\"}]}]}<\/script>\n<!-- \/ Yoast SEO plugin. -->","yoast_head_json":{"title":"L'ocean Pool - Toys4Vip","description":"La piscine ocean est une piscine flottante portable de 2,4m d\u2019enceinte maill\u00e9e profonde con\u00e7ue pour une s\u00e9curit\u00e9 maximum, emp\u00eachant m\u00eame les plus petites m\u00e9duses et ind\u00e9sirable vie de la mer. Avec un espace pour se d\u00e9tendre sur le pont et nager dans la paix, l'oc\u00e9an piscine devient rapidement le point focal de tout yacht.","robots":{"index":"index","follow":"follow","max-snippet":"max-snippet:-1","max-image-preview":"max-image-preview:large","max-video-preview":"max-video-preview:-1"},"canonical":"https:\/\/www.toys4vip.com\/fr\/luxury-toy\/locean-pool\/285\/","og_locale":"fr_FR","og_type":"article","og_title":"L'ocean Pool - Toys4Vip","og_description":"La piscine ocean est une piscine flottante portable de 2,4m d\u2019enceinte maill\u00e9e profonde con\u00e7ue pour une s\u00e9curit\u00e9 maximum, emp\u00eachant m\u00eame les plus petites m\u00e9duses et ind\u00e9sirable vie de la mer. Avec un espace pour se d\u00e9tendre sur le pont et nager dans la paix, l'oc\u00e9an piscine devient rapidement le point focal de tout yacht.","og_url":"https:\/\/www.toys4vip.com\/fr\/luxury-toy\/locean-pool\/285\/","og_site_name":"Toys4Vip","article_modified_time":"2021-11-06T11:45:32+00:00","og_image":[{"width":640,"height":427,"url":"https:\/\/www.toys4vip.com\/app\/uploads\/2021\/11\/main-215.jpg","type":"image\/jpeg"}],"twitter_card":"summary_large_image","twitter_misc":{"Dur\u00e9e de lecture est.":"1 minute"},"schema":{"@context":"https:\/\/schema.org","@graph":[{"@type":"WebSite","@id":"https:\/\/www.toys4vip.com\/fr\/#website","url":"https:\/\/www.toys4vip.com\/fr\/","name":"Toys4Vip","description":"Jouets de luxe nouveau concept store","potentialAction":[{"@type":"SearchAction","target":{"@type":"EntryPoint","urlTemplate":"https:\/\/www.toys4vip.com\/fr\/?s={search_term_string}"},"query-input":"required name=search_term_string"}],"inLanguage":"fr-FR"},{"@type":"ImageObject","@id":"https:\/\/www.toys4vip.com\/fr\/luxury-toy\/locean-pool\/285\/#primaryimage","inLanguage":"fr-FR","url":"https:\/\/www.toys4vip.com\/app\/uploads\/2021\/11\/main-215.jpg","contentUrl":"https:\/\/www.toys4vip.com\/app\/uploads\/2021\/11\/main-215.jpg","width":640,"height":427},{"@type":"WebPage","@id":"https:\/\/www.toys4vip.com\/fr\/luxury-toy\/locean-pool\/285\/#webpage","url":"https:\/\/www.toys4vip.com\/fr\/luxury-toy\/locean-pool\/285\/","name":"L'ocean Pool - Toys4Vip","isPartOf":{"@id":"https:\/\/www.toys4vip.com\/fr\/#website"},"primaryImageOfPage":{"@id":"https:\/\/www.toys4vip.com\/fr\/luxury-toy\/locean-pool\/285\/#primaryimage"},"datePublished":"2021-11-02T10:30:05+00:00","dateModified":"2021-11-06T11:45:32+00:00","description":"La piscine ocean est une piscine flottante portable de 2,4m d\u2019enceinte maill\u00e9e profonde con\u00e7ue pour une s\u00e9curit\u00e9 maximum, emp\u00eachant m\u00eame les plus petites m\u00e9duses et ind\u00e9sirable vie de la mer. Avec un espace pour se d\u00e9tendre sur le pont et nager dans la paix, l'oc\u00e9an piscine devient rapidement le point focal de tout yacht.","breadcrumb":{"@id":"https:\/\/www.toys4vip.com\/fr\/luxury-toy\/locean-pool\/285\/#breadcrumb"},"inLanguage":"fr-FR","potentialAction":[{"@type":"ReadAction","target":["https:\/\/www.toys4vip.com\/fr\/luxury-toy\/locean-pool\/285\/"]}]},{"@type":"BreadcrumbList","@id":"https:\/\/www.toys4vip.com\/fr\/luxury-toy\/locean-pool\/285\/#breadcrumb","itemListElement":[{"@type":"ListItem","position":1,"name":"Home","item":"https:\/\/www.toys4vip.com\/fr\/"},{"@type":"ListItem","position":2,"name":"Objets \/ Cat\u00e9gories","item":"https:\/\/www.toys4vip.com\/fr\/luxury-toys\/"},{"@type":"ListItem","position":3,"name":"L&#8217;ocean Pool"}]}]}},"_links":{"self":[{"href":"https:\/\/www.toys4vip.com\/fr\/wp-json\/wp\/v2\/product\/1080"}],"collection":[{"href":"https:\/\/www.toys4vip.com\/fr\/wp-json\/wp\/v2\/product"}],"about":[{"href":"https:\/\/www.toys4vip.com\/fr\/wp-json\/wp\/v2\/types\/product"}],"replies":[{"embeddable":true,"href":"https:\/\/www.toys4vip.com\/fr\/wp-json\/wp\/v2\/comments?post=1080"}],"wp:featuredmedia":[{"embeddable":true,"href":"https:\/\/www.toys4vip.com\/fr\/wp-json\/wp\/v2\/media\/1078"}],"wp:attachment":[{"href":"https:\/\/www.toys4vip.com\/fr\/wp-json\/wp\/v2\/media?parent=1080"}],"wp:term":[{"taxonomy":"product_cat","embeddable":true,"href":"https:\/\/www.toys4vip.com\/fr\/wp-json\/wp\/v2\/product_cat?post=1080"},{"taxonomy":"product_tag","embeddable":true,"href":"https:\/\/www.toys4vip.com\/fr\/wp-json\/wp\/v2\/product_tag?post=1080"}],"curies":[{"name":"wp","href":"https:\/\/api.w.org\/{rel}","templated":true}]}}