{"id":1050,"date":"2021-11-02T10:29:59","date_gmt":"2021-11-02T10:29:59","guid":{"rendered":"https:\/\/toys4vip.com\/produit\/helicoptere-airbus-h160\/"},"modified":"2021-11-16T18:05:26","modified_gmt":"2021-11-16T18:05:26","slug":"helicoptere-airbus-h160","status":"publish","type":"product","link":"https:\/\/www.toys4vip.com\/fr\/luxury-toy\/helicoptere-airbus-h160\/268\/","title":{"rendered":"H\u00e9licopt\u00e8re Airbus H160"},"content":{"rendered":"<p>Le H160 ouvre un nouveau chapitre dans l&rsquo;histoire de Airbus H\u00e9licopt\u00e8res. Il rejoint la gamme de produits entre le H145 (anciennement EC145) et le H175 (anciennement EC175), cet h\u00e9licopt\u00e8re moyen innovant devient le premier nouveau membre de la g\u00e9n\u00e9ration d&rsquo;H. La conception enti\u00e8re a \u00e9t\u00e9 bas\u00e9e sur un objectif primordial : cr\u00e9er une valeur ajout\u00e9e pour les clients en termes de performance, la comp\u00e9titivit\u00e9 \u00e9conomique, la s\u00e9curit\u00e9 et le confort.<\/p>\n<p>Il est plus propre et plus silencieux, le H160 prend un pas en avant dans le respect de l&rsquo;environnement. Configurations en cours de d\u00e9veloppement comprennent le transport en mer, les affaires et l&rsquo;aviation priv\u00e9e, les services publics, et le transport commercial de passagers. Le H160 a \u00e9t\u00e9 d\u00e9voil\u00e9 lors du salon Heli-Expo de Mars \u00e0 2015 et sera disponible \u00e0 la vente en 2018 pour un mod\u00e8ste prix de 15 millions de dollars.<\/p>\n","protected":false},"excerpt":{"rendered":"<p>Le H160 ouvre un nouveau chapitre dans l&rsquo;histoire de Airbus H\u00e9licopt\u00e8res. Il rejoint la gamme de produits entre le H145 (anciennement EC145) et le H175 (anciennement EC175), cet h\u00e9licopt\u00e8re moyen innovant devient le premier nouveau membre de la g\u00e9n\u00e9ration d&rsquo;H. La conception enti\u00e8re a \u00e9t\u00e9 bas\u00e9e sur un objectif primordial : cr\u00e9er une valeur ajout\u00e9e [&hellip;]<\/p>\n","protected":false},"featured_media":1048,"comment_status":"open","ping_status":"closed","template":"","meta":[],"product_cat":[85,26],"product_tag":[],"yoast_head":"<!-- This site is optimized with the Yoast SEO plugin v17.4 - https:\/\/yoast.com\/wordpress\/plugins\/seo\/ -->\n<title>H\u00e9licopt\u00e8re Airbus H160 - Toys4Vip<\/title>\n<meta name=\"description\" content=\"Le H160 ouvre un nouveau chapitre dans l&#039;histoire de Airbus H\u00e9licopt\u00e8res. Il rejoint la gamme de produits entre le H145 (anciennement EC145) et le H175 (anciennement EC175), cet h\u00e9licopt\u00e8re moyen innovant devient le premier nouveau membre de la g\u00e9n\u00e9ration d&#039;H. La conception enti\u00e8re a \u00e9t\u00e9 bas\u00e9e sur un objectif primordial : cr\u00e9er une valeur ajout\u00e9e pour les clients en termes de performance, la comp\u00e9titivit\u00e9 \u00e9conomique, la s\u00e9curit\u00e9 et le confort.\" \/>\n<meta name=\"robots\" content=\"index, follow, max-snippet:-1, max-image-preview:large, max-video-preview:-1\" \/>\n<link rel=\"canonical\" href=\"https:\/\/www.toys4vip.com\/fr\/luxury-toy\/helicoptere-airbus-h160\/268\/\" \/>\n<meta property=\"og:locale\" content=\"fr_FR\" \/>\n<meta property=\"og:type\" content=\"article\" \/>\n<meta property=\"og:title\" content=\"H\u00e9licopt\u00e8re Airbus H160 - Toys4Vip\" \/>\n<meta property=\"og:description\" content=\"Le H160 ouvre un nouveau chapitre dans l&#039;histoire de Airbus H\u00e9licopt\u00e8res. Il rejoint la gamme de produits entre le H145 (anciennement EC145) et le H175 (anciennement EC175), cet h\u00e9licopt\u00e8re moyen innovant devient le premier nouveau membre de la g\u00e9n\u00e9ration d&#039;H. La conception enti\u00e8re a \u00e9t\u00e9 bas\u00e9e sur un objectif primordial : cr\u00e9er une valeur ajout\u00e9e pour les clients en termes de performance, la comp\u00e9titivit\u00e9 \u00e9conomique, la s\u00e9curit\u00e9 et le confort.\" \/>\n<meta property=\"og:url\" content=\"https:\/\/www.toys4vip.com\/fr\/luxury-toy\/helicoptere-airbus-h160\/268\/\" \/>\n<meta property=\"og:site_name\" content=\"Toys4Vip\" \/>\n<meta property=\"article:modified_time\" content=\"2021-11-16T18:05:26+00:00\" \/>\n<meta property=\"og:image\" content=\"https:\/\/www.toys4vip.com\/app\/uploads\/2021\/11\/main-205.jpg\" \/>\n\t<meta property=\"og:image:width\" content=\"2000\" \/>\n\t<meta property=\"og:image:height\" content=\"1333\" \/>\n<meta name=\"twitter:card\" content=\"summary_large_image\" \/>\n<meta name=\"twitter:label1\" content=\"Dur\u00e9e de lecture est.\" \/>\n\t<meta name=\"twitter:data1\" content=\"1 minute\" \/>\n<script type=\"application\/ld+json\" class=\"yoast-schema-graph\">{\"@context\":\"https:\/\/schema.org\",\"@graph\":[{\"@type\":\"WebSite\",\"@id\":\"https:\/\/www.toys4vip.com\/fr\/#website\",\"url\":\"https:\/\/www.toys4vip.com\/fr\/\",\"name\":\"Toys4Vip\",\"description\":\"Jouets de luxe nouveau concept store\",\"potentialAction\":[{\"@type\":\"SearchAction\",\"target\":{\"@type\":\"EntryPoint\",\"urlTemplate\":\"https:\/\/www.toys4vip.com\/fr\/?s={search_term_string}\"},\"query-input\":\"required name=search_term_string\"}],\"inLanguage\":\"fr-FR\"},{\"@type\":\"ImageObject\",\"@id\":\"https:\/\/www.toys4vip.com\/fr\/luxury-toy\/helicoptere-airbus-h160\/268\/#primaryimage\",\"inLanguage\":\"fr-FR\",\"url\":\"https:\/\/www.toys4vip.com\/app\/uploads\/2021\/11\/main-205.jpg\",\"contentUrl\":\"https:\/\/www.toys4vip.com\/app\/uploads\/2021\/11\/main-205.jpg\",\"width\":2000,\"height\":1333},{\"@type\":\"WebPage\",\"@id\":\"https:\/\/www.toys4vip.com\/fr\/luxury-toy\/helicoptere-airbus-h160\/268\/#webpage\",\"url\":\"https:\/\/www.toys4vip.com\/fr\/luxury-toy\/helicoptere-airbus-h160\/268\/\",\"name\":\"H\\u00e9licopt\\u00e8re Airbus H160 - Toys4Vip\",\"isPartOf\":{\"@id\":\"https:\/\/www.toys4vip.com\/fr\/#website\"},\"primaryImageOfPage\":{\"@id\":\"https:\/\/www.toys4vip.com\/fr\/luxury-toy\/helicoptere-airbus-h160\/268\/#primaryimage\"},\"datePublished\":\"2021-11-02T10:29:59+00:00\",\"dateModified\":\"2021-11-16T18:05:26+00:00\",\"description\":\"Le H160 ouvre un nouveau chapitre dans l'histoire de Airbus H\\u00e9licopt\\u00e8res. Il rejoint la gamme de produits entre le H145 (anciennement EC145) et le H175 (anciennement EC175), cet h\\u00e9licopt\\u00e8re moyen innovant devient le premier nouveau membre de la g\\u00e9n\\u00e9ration d'H. La conception enti\\u00e8re a \\u00e9t\\u00e9 bas\\u00e9e sur un objectif primordial : cr\\u00e9er une valeur ajout\\u00e9e pour les clients en termes de performance, la comp\\u00e9titivit\\u00e9 \\u00e9conomique, la s\\u00e9curit\\u00e9 et le confort.\",\"breadcrumb\":{\"@id\":\"https:\/\/www.toys4vip.com\/fr\/luxury-toy\/helicoptere-airbus-h160\/268\/#breadcrumb\"},\"inLanguage\":\"fr-FR\",\"potentialAction\":[{\"@type\":\"ReadAction\",\"target\":[\"https:\/\/www.toys4vip.com\/fr\/luxury-toy\/helicoptere-airbus-h160\/268\/\"]}]},{\"@type\":\"BreadcrumbList\",\"@id\":\"https:\/\/www.toys4vip.com\/fr\/luxury-toy\/helicoptere-airbus-h160\/268\/#breadcrumb\",\"itemListElement\":[{\"@type\":\"ListItem\",\"position\":1,\"name\":\"Home\",\"item\":\"https:\/\/www.toys4vip.com\/fr\/\"},{\"@type\":\"ListItem\",\"position\":2,\"name\":\"Objets \/ Cat\\u00e9gories\",\"item\":\"https:\/\/www.toys4vip.com\/fr\/luxury-toys\/\"},{\"@type\":\"ListItem\",\"position\":3,\"name\":\"H\\u00e9licopt\\u00e8re Airbus H160\"}]}]}<\/script>\n<!-- \/ Yoast SEO plugin. -->","yoast_head_json":{"title":"H\u00e9licopt\u00e8re Airbus H160 - Toys4Vip","description":"Le H160 ouvre un nouveau chapitre dans l'histoire de Airbus H\u00e9licopt\u00e8res. Il rejoint la gamme de produits entre le H145 (anciennement EC145) et le H175 (anciennement EC175), cet h\u00e9licopt\u00e8re moyen innovant devient le premier nouveau membre de la g\u00e9n\u00e9ration d'H. La conception enti\u00e8re a \u00e9t\u00e9 bas\u00e9e sur un objectif primordial : cr\u00e9er une valeur ajout\u00e9e pour les clients en termes de performance, la comp\u00e9titivit\u00e9 \u00e9conomique, la s\u00e9curit\u00e9 et le confort.","robots":{"index":"index","follow":"follow","max-snippet":"max-snippet:-1","max-image-preview":"max-image-preview:large","max-video-preview":"max-video-preview:-1"},"canonical":"https:\/\/www.toys4vip.com\/fr\/luxury-toy\/helicoptere-airbus-h160\/268\/","og_locale":"fr_FR","og_type":"article","og_title":"H\u00e9licopt\u00e8re Airbus H160 - Toys4Vip","og_description":"Le H160 ouvre un nouveau chapitre dans l'histoire de Airbus H\u00e9licopt\u00e8res. Il rejoint la gamme de produits entre le H145 (anciennement EC145) et le H175 (anciennement EC175), cet h\u00e9licopt\u00e8re moyen innovant devient le premier nouveau membre de la g\u00e9n\u00e9ration d'H. La conception enti\u00e8re a \u00e9t\u00e9 bas\u00e9e sur un objectif primordial : cr\u00e9er une valeur ajout\u00e9e pour les clients en termes de performance, la comp\u00e9titivit\u00e9 \u00e9conomique, la s\u00e9curit\u00e9 et le confort.","og_url":"https:\/\/www.toys4vip.com\/fr\/luxury-toy\/helicoptere-airbus-h160\/268\/","og_site_name":"Toys4Vip","article_modified_time":"2021-11-16T18:05:26+00:00","og_image":[{"width":2000,"height":1333,"url":"https:\/\/www.toys4vip.com\/app\/uploads\/2021\/11\/main-205.jpg","type":"image\/jpeg"}],"twitter_card":"summary_large_image","twitter_misc":{"Dur\u00e9e de lecture est.":"1 minute"},"schema":{"@context":"https:\/\/schema.org","@graph":[{"@type":"WebSite","@id":"https:\/\/www.toys4vip.com\/fr\/#website","url":"https:\/\/www.toys4vip.com\/fr\/","name":"Toys4Vip","description":"Jouets de luxe nouveau concept store","potentialAction":[{"@type":"SearchAction","target":{"@type":"EntryPoint","urlTemplate":"https:\/\/www.toys4vip.com\/fr\/?s={search_term_string}"},"query-input":"required name=search_term_string"}],"inLanguage":"fr-FR"},{"@type":"ImageObject","@id":"https:\/\/www.toys4vip.com\/fr\/luxury-toy\/helicoptere-airbus-h160\/268\/#primaryimage","inLanguage":"fr-FR","url":"https:\/\/www.toys4vip.com\/app\/uploads\/2021\/11\/main-205.jpg","contentUrl":"https:\/\/www.toys4vip.com\/app\/uploads\/2021\/11\/main-205.jpg","width":2000,"height":1333},{"@type":"WebPage","@id":"https:\/\/www.toys4vip.com\/fr\/luxury-toy\/helicoptere-airbus-h160\/268\/#webpage","url":"https:\/\/www.toys4vip.com\/fr\/luxury-toy\/helicoptere-airbus-h160\/268\/","name":"H\u00e9licopt\u00e8re Airbus H160 - Toys4Vip","isPartOf":{"@id":"https:\/\/www.toys4vip.com\/fr\/#website"},"primaryImageOfPage":{"@id":"https:\/\/www.toys4vip.com\/fr\/luxury-toy\/helicoptere-airbus-h160\/268\/#primaryimage"},"datePublished":"2021-11-02T10:29:59+00:00","dateModified":"2021-11-16T18:05:26+00:00","description":"Le H160 ouvre un nouveau chapitre dans l'histoire de Airbus H\u00e9licopt\u00e8res. Il rejoint la gamme de produits entre le H145 (anciennement EC145) et le H175 (anciennement EC175), cet h\u00e9licopt\u00e8re moyen innovant devient le premier nouveau membre de la g\u00e9n\u00e9ration d'H. La conception enti\u00e8re a \u00e9t\u00e9 bas\u00e9e sur un objectif primordial : cr\u00e9er une valeur ajout\u00e9e pour les clients en termes de performance, la comp\u00e9titivit\u00e9 \u00e9conomique, la s\u00e9curit\u00e9 et le confort.","breadcrumb":{"@id":"https:\/\/www.toys4vip.com\/fr\/luxury-toy\/helicoptere-airbus-h160\/268\/#breadcrumb"},"inLanguage":"fr-FR","potentialAction":[{"@type":"ReadAction","target":["https:\/\/www.toys4vip.com\/fr\/luxury-toy\/helicoptere-airbus-h160\/268\/"]}]},{"@type":"BreadcrumbList","@id":"https:\/\/www.toys4vip.com\/fr\/luxury-toy\/helicoptere-airbus-h160\/268\/#breadcrumb","itemListElement":[{"@type":"ListItem","position":1,"name":"Home","item":"https:\/\/www.toys4vip.com\/fr\/"},{"@type":"ListItem","position":2,"name":"Objets \/ Cat\u00e9gories","item":"https:\/\/www.toys4vip.com\/fr\/luxury-toys\/"},{"@type":"ListItem","position":3,"name":"H\u00e9licopt\u00e8re Airbus H160"}]}]}},"_links":{"self":[{"href":"https:\/\/www.toys4vip.com\/fr\/wp-json\/wp\/v2\/product\/1050"}],"collection":[{"href":"https:\/\/www.toys4vip.com\/fr\/wp-json\/wp\/v2\/product"}],"about":[{"href":"https:\/\/www.toys4vip.com\/fr\/wp-json\/wp\/v2\/types\/product"}],"replies":[{"embeddable":true,"href":"https:\/\/www.toys4vip.com\/fr\/wp-json\/wp\/v2\/comments?post=1050"}],"wp:featuredmedia":[{"embeddable":true,"href":"https:\/\/www.toys4vip.com\/fr\/wp-json\/wp\/v2\/media\/1048"}],"wp:attachment":[{"href":"https:\/\/www.toys4vip.com\/fr\/wp-json\/wp\/v2\/media?parent=1050"}],"wp:term":[{"taxonomy":"product_cat","embeddable":true,"href":"https:\/\/www.toys4vip.com\/fr\/wp-json\/wp\/v2\/product_cat?post=1050"},{"taxonomy":"product_tag","embeddable":true,"href":"https:\/\/www.toys4vip.com\/fr\/wp-json\/wp\/v2\/product_tag?post=1050"}],"curies":[{"name":"wp","href":"https:\/\/api.w.org\/{rel}","templated":true}]}}