{"id":1044,"date":"2021-11-02T10:29:57","date_gmt":"2021-11-02T10:29:57","guid":{"rendered":"https:\/\/toys4vip.com\/produit\/le-velo-de-course-recouvert-de-24-caras-dor\/"},"modified":"2021-11-13T11:05:02","modified_gmt":"2021-11-13T11:05:02","slug":"le-velo-de-course-recouvert-de-24-caras-dor","status":"publish","type":"product","link":"https:\/\/www.toys4vip.com\/fr\/luxury-toy\/le-velo-de-course-recouvert-de-24-caras-dor\/266\/","title":{"rendered":"Le v\u00e9lo de course recouvert de 24 caras d&rsquo;or"},"content":{"rendered":"<p>En interne, l&rsquo;\u00e9quipe de Goldgenie et ses artisans ont r\u00e9cemment termin\u00e9 d&#8217;embellir un v\u00e9lo de course d&rsquo;hommes avec 24 caras d&rsquo;or.<br \/>\nLes sp\u00e9cialistes de Goldgenie ont m\u00e9ticuleusement appliqu\u00e9s une couche brillante d&rsquo;or 24 caras sur l&rsquo;ensemble de la structure, de la pointe du guidon aux roues y compris chaque cr\u00eate de la cha\u00eene d&rsquo;engrenage. Le mod\u00e8le en or brillant est compens\u00e9 avec des accents sophistiqu\u00e9s en noir dans une \u00e9dition limit\u00e9e et des pneus de course SR4.<\/p>\n","protected":false},"excerpt":{"rendered":"<p>En interne, l&rsquo;\u00e9quipe de Goldgenie et ses artisans ont r\u00e9cemment termin\u00e9 d&#8217;embellir un v\u00e9lo de course d&rsquo;hommes avec 24 caras d&rsquo;or. Les sp\u00e9cialistes de Goldgenie ont m\u00e9ticuleusement appliqu\u00e9s une couche brillante d&rsquo;or 24 caras sur l&rsquo;ensemble de la structure, de la pointe du guidon aux roues y compris chaque cr\u00eate de la cha\u00eene d&rsquo;engrenage. Le [&hellip;]<\/p>\n","protected":false},"featured_media":1042,"comment_status":"open","ping_status":"closed","template":"","meta":[],"product_cat":[35],"product_tag":[],"yoast_head":"<!-- This site is optimized with the Yoast SEO plugin v17.4 - https:\/\/yoast.com\/wordpress\/plugins\/seo\/ -->\n<title>Le v\u00e9lo de course recouvert de 24 caras d&#039;or - Toys4Vip<\/title>\n<meta name=\"description\" content=\"En interne, l&#039;\u00e9quipe de Goldgenie et ses artisans ont r\u00e9cemment termin\u00e9 d&#039;embellir un v\u00e9lo de course d&#039;hommes avec 24 caras d&#039;or.Les sp\u00e9cialistes de Goldgenie ont m\u00e9ticuleusement appliqu\u00e9s une couche brillante d&#039;or 24 caras sur l&#039;ensemble de la structure, de la pointe du guidon aux roues y compris chaque cr\u00eate de la cha\u00eene d&#039;engrenage. Le mod\u00e8le en or brillant est compens\u00e9 avec des accents sophistiqu\u00e9s en noir dans une \u00e9dition limit\u00e9e et des pneus de course SR4.\" \/>\n<meta name=\"robots\" content=\"index, follow, max-snippet:-1, max-image-preview:large, max-video-preview:-1\" \/>\n<link rel=\"canonical\" href=\"https:\/\/www.toys4vip.com\/fr\/luxury-toy\/le-velo-de-course-recouvert-de-24-caras-dor\/266\/\" \/>\n<meta property=\"og:locale\" content=\"fr_FR\" \/>\n<meta property=\"og:type\" content=\"article\" \/>\n<meta property=\"og:title\" content=\"Le v\u00e9lo de course recouvert de 24 caras d&#039;or - Toys4Vip\" \/>\n<meta property=\"og:description\" content=\"En interne, l&#039;\u00e9quipe de Goldgenie et ses artisans ont r\u00e9cemment termin\u00e9 d&#039;embellir un v\u00e9lo de course d&#039;hommes avec 24 caras d&#039;or.Les sp\u00e9cialistes de Goldgenie ont m\u00e9ticuleusement appliqu\u00e9s une couche brillante d&#039;or 24 caras sur l&#039;ensemble de la structure, de la pointe du guidon aux roues y compris chaque cr\u00eate de la cha\u00eene d&#039;engrenage. Le mod\u00e8le en or brillant est compens\u00e9 avec des accents sophistiqu\u00e9s en noir dans une \u00e9dition limit\u00e9e et des pneus de course SR4.\" \/>\n<meta property=\"og:url\" content=\"https:\/\/www.toys4vip.com\/fr\/luxury-toy\/le-velo-de-course-recouvert-de-24-caras-dor\/266\/\" \/>\n<meta property=\"og:site_name\" content=\"Toys4Vip\" \/>\n<meta property=\"article:modified_time\" content=\"2021-11-13T11:05:02+00:00\" \/>\n<meta property=\"og:image\" content=\"https:\/\/www.toys4vip.com\/app\/uploads\/2021\/11\/main-203.jpg\" \/>\n\t<meta property=\"og:image:width\" content=\"600\" \/>\n\t<meta property=\"og:image:height\" content=\"400\" \/>\n<meta name=\"twitter:card\" content=\"summary_large_image\" \/>\n<script type=\"application\/ld+json\" class=\"yoast-schema-graph\">{\"@context\":\"https:\/\/schema.org\",\"@graph\":[{\"@type\":\"WebSite\",\"@id\":\"https:\/\/www.toys4vip.com\/fr\/#website\",\"url\":\"https:\/\/www.toys4vip.com\/fr\/\",\"name\":\"Toys4Vip\",\"description\":\"Jouets de luxe nouveau concept store\",\"potentialAction\":[{\"@type\":\"SearchAction\",\"target\":{\"@type\":\"EntryPoint\",\"urlTemplate\":\"https:\/\/www.toys4vip.com\/fr\/?s={search_term_string}\"},\"query-input\":\"required name=search_term_string\"}],\"inLanguage\":\"fr-FR\"},{\"@type\":\"ImageObject\",\"@id\":\"https:\/\/www.toys4vip.com\/fr\/luxury-toy\/le-velo-de-course-recouvert-de-24-caras-dor\/266\/#primaryimage\",\"inLanguage\":\"fr-FR\",\"url\":\"https:\/\/www.toys4vip.com\/app\/uploads\/2021\/11\/main-203.jpg\",\"contentUrl\":\"https:\/\/www.toys4vip.com\/app\/uploads\/2021\/11\/main-203.jpg\",\"width\":600,\"height\":400},{\"@type\":\"WebPage\",\"@id\":\"https:\/\/www.toys4vip.com\/fr\/luxury-toy\/le-velo-de-course-recouvert-de-24-caras-dor\/266\/#webpage\",\"url\":\"https:\/\/www.toys4vip.com\/fr\/luxury-toy\/le-velo-de-course-recouvert-de-24-caras-dor\/266\/\",\"name\":\"Le v\\u00e9lo de course recouvert de 24 caras d'or - Toys4Vip\",\"isPartOf\":{\"@id\":\"https:\/\/www.toys4vip.com\/fr\/#website\"},\"primaryImageOfPage\":{\"@id\":\"https:\/\/www.toys4vip.com\/fr\/luxury-toy\/le-velo-de-course-recouvert-de-24-caras-dor\/266\/#primaryimage\"},\"datePublished\":\"2021-11-02T10:29:57+00:00\",\"dateModified\":\"2021-11-13T11:05:02+00:00\",\"description\":\"En interne, l'\\u00e9quipe de Goldgenie et ses artisans ont r\\u00e9cemment termin\\u00e9 d'embellir un v\\u00e9lo de course d'hommes avec 24 caras d'or.Les sp\\u00e9cialistes de Goldgenie ont m\\u00e9ticuleusement appliqu\\u00e9s une couche brillante d'or 24 caras sur l'ensemble de la structure, de la pointe du guidon aux roues y compris chaque cr\\u00eate de la cha\\u00eene d'engrenage. Le mod\\u00e8le en or brillant est compens\\u00e9 avec des accents sophistiqu\\u00e9s en noir dans une \\u00e9dition limit\\u00e9e et des pneus de course SR4.\",\"breadcrumb\":{\"@id\":\"https:\/\/www.toys4vip.com\/fr\/luxury-toy\/le-velo-de-course-recouvert-de-24-caras-dor\/266\/#breadcrumb\"},\"inLanguage\":\"fr-FR\",\"potentialAction\":[{\"@type\":\"ReadAction\",\"target\":[\"https:\/\/www.toys4vip.com\/fr\/luxury-toy\/le-velo-de-course-recouvert-de-24-caras-dor\/266\/\"]}]},{\"@type\":\"BreadcrumbList\",\"@id\":\"https:\/\/www.toys4vip.com\/fr\/luxury-toy\/le-velo-de-course-recouvert-de-24-caras-dor\/266\/#breadcrumb\",\"itemListElement\":[{\"@type\":\"ListItem\",\"position\":1,\"name\":\"Home\",\"item\":\"https:\/\/www.toys4vip.com\/fr\/\"},{\"@type\":\"ListItem\",\"position\":2,\"name\":\"Objets \/ Cat\\u00e9gories\",\"item\":\"https:\/\/www.toys4vip.com\/fr\/luxury-toys\/\"},{\"@type\":\"ListItem\",\"position\":3,\"name\":\"Le v\\u00e9lo de course recouvert de 24 caras d&#8217;or\"}]}]}<\/script>\n<!-- \/ Yoast SEO plugin. -->","yoast_head_json":{"title":"Le v\u00e9lo de course recouvert de 24 caras d'or - Toys4Vip","description":"En interne, l'\u00e9quipe de Goldgenie et ses artisans ont r\u00e9cemment termin\u00e9 d'embellir un v\u00e9lo de course d'hommes avec 24 caras d'or.Les sp\u00e9cialistes de Goldgenie ont m\u00e9ticuleusement appliqu\u00e9s une couche brillante d'or 24 caras sur l'ensemble de la structure, de la pointe du guidon aux roues y compris chaque cr\u00eate de la cha\u00eene d'engrenage. Le mod\u00e8le en or brillant est compens\u00e9 avec des accents sophistiqu\u00e9s en noir dans une \u00e9dition limit\u00e9e et des pneus de course SR4.","robots":{"index":"index","follow":"follow","max-snippet":"max-snippet:-1","max-image-preview":"max-image-preview:large","max-video-preview":"max-video-preview:-1"},"canonical":"https:\/\/www.toys4vip.com\/fr\/luxury-toy\/le-velo-de-course-recouvert-de-24-caras-dor\/266\/","og_locale":"fr_FR","og_type":"article","og_title":"Le v\u00e9lo de course recouvert de 24 caras d'or - Toys4Vip","og_description":"En interne, l'\u00e9quipe de Goldgenie et ses artisans ont r\u00e9cemment termin\u00e9 d'embellir un v\u00e9lo de course d'hommes avec 24 caras d'or.Les sp\u00e9cialistes de Goldgenie ont m\u00e9ticuleusement appliqu\u00e9s une couche brillante d'or 24 caras sur l'ensemble de la structure, de la pointe du guidon aux roues y compris chaque cr\u00eate de la cha\u00eene d'engrenage. Le mod\u00e8le en or brillant est compens\u00e9 avec des accents sophistiqu\u00e9s en noir dans une \u00e9dition limit\u00e9e et des pneus de course SR4.","og_url":"https:\/\/www.toys4vip.com\/fr\/luxury-toy\/le-velo-de-course-recouvert-de-24-caras-dor\/266\/","og_site_name":"Toys4Vip","article_modified_time":"2021-11-13T11:05:02+00:00","og_image":[{"width":600,"height":400,"url":"https:\/\/www.toys4vip.com\/app\/uploads\/2021\/11\/main-203.jpg","type":"image\/jpeg"}],"twitter_card":"summary_large_image","schema":{"@context":"https:\/\/schema.org","@graph":[{"@type":"WebSite","@id":"https:\/\/www.toys4vip.com\/fr\/#website","url":"https:\/\/www.toys4vip.com\/fr\/","name":"Toys4Vip","description":"Jouets de luxe nouveau concept store","potentialAction":[{"@type":"SearchAction","target":{"@type":"EntryPoint","urlTemplate":"https:\/\/www.toys4vip.com\/fr\/?s={search_term_string}"},"query-input":"required name=search_term_string"}],"inLanguage":"fr-FR"},{"@type":"ImageObject","@id":"https:\/\/www.toys4vip.com\/fr\/luxury-toy\/le-velo-de-course-recouvert-de-24-caras-dor\/266\/#primaryimage","inLanguage":"fr-FR","url":"https:\/\/www.toys4vip.com\/app\/uploads\/2021\/11\/main-203.jpg","contentUrl":"https:\/\/www.toys4vip.com\/app\/uploads\/2021\/11\/main-203.jpg","width":600,"height":400},{"@type":"WebPage","@id":"https:\/\/www.toys4vip.com\/fr\/luxury-toy\/le-velo-de-course-recouvert-de-24-caras-dor\/266\/#webpage","url":"https:\/\/www.toys4vip.com\/fr\/luxury-toy\/le-velo-de-course-recouvert-de-24-caras-dor\/266\/","name":"Le v\u00e9lo de course recouvert de 24 caras d'or - Toys4Vip","isPartOf":{"@id":"https:\/\/www.toys4vip.com\/fr\/#website"},"primaryImageOfPage":{"@id":"https:\/\/www.toys4vip.com\/fr\/luxury-toy\/le-velo-de-course-recouvert-de-24-caras-dor\/266\/#primaryimage"},"datePublished":"2021-11-02T10:29:57+00:00","dateModified":"2021-11-13T11:05:02+00:00","description":"En interne, l'\u00e9quipe de Goldgenie et ses artisans ont r\u00e9cemment termin\u00e9 d'embellir un v\u00e9lo de course d'hommes avec 24 caras d'or.Les sp\u00e9cialistes de Goldgenie ont m\u00e9ticuleusement appliqu\u00e9s une couche brillante d'or 24 caras sur l'ensemble de la structure, de la pointe du guidon aux roues y compris chaque cr\u00eate de la cha\u00eene d'engrenage. Le mod\u00e8le en or brillant est compens\u00e9 avec des accents sophistiqu\u00e9s en noir dans une \u00e9dition limit\u00e9e et des pneus de course SR4.","breadcrumb":{"@id":"https:\/\/www.toys4vip.com\/fr\/luxury-toy\/le-velo-de-course-recouvert-de-24-caras-dor\/266\/#breadcrumb"},"inLanguage":"fr-FR","potentialAction":[{"@type":"ReadAction","target":["https:\/\/www.toys4vip.com\/fr\/luxury-toy\/le-velo-de-course-recouvert-de-24-caras-dor\/266\/"]}]},{"@type":"BreadcrumbList","@id":"https:\/\/www.toys4vip.com\/fr\/luxury-toy\/le-velo-de-course-recouvert-de-24-caras-dor\/266\/#breadcrumb","itemListElement":[{"@type":"ListItem","position":1,"name":"Home","item":"https:\/\/www.toys4vip.com\/fr\/"},{"@type":"ListItem","position":2,"name":"Objets \/ Cat\u00e9gories","item":"https:\/\/www.toys4vip.com\/fr\/luxury-toys\/"},{"@type":"ListItem","position":3,"name":"Le v\u00e9lo de course recouvert de 24 caras d&#8217;or"}]}]}},"_links":{"self":[{"href":"https:\/\/www.toys4vip.com\/fr\/wp-json\/wp\/v2\/product\/1044"}],"collection":[{"href":"https:\/\/www.toys4vip.com\/fr\/wp-json\/wp\/v2\/product"}],"about":[{"href":"https:\/\/www.toys4vip.com\/fr\/wp-json\/wp\/v2\/types\/product"}],"replies":[{"embeddable":true,"href":"https:\/\/www.toys4vip.com\/fr\/wp-json\/wp\/v2\/comments?post=1044"}],"wp:featuredmedia":[{"embeddable":true,"href":"https:\/\/www.toys4vip.com\/fr\/wp-json\/wp\/v2\/media\/1042"}],"wp:attachment":[{"href":"https:\/\/www.toys4vip.com\/fr\/wp-json\/wp\/v2\/media?parent=1044"}],"wp:term":[{"taxonomy":"product_cat","embeddable":true,"href":"https:\/\/www.toys4vip.com\/fr\/wp-json\/wp\/v2\/product_cat?post=1044"},{"taxonomy":"product_tag","embeddable":true,"href":"https:\/\/www.toys4vip.com\/fr\/wp-json\/wp\/v2\/product_tag?post=1044"}],"curies":[{"name":"wp","href":"https:\/\/api.w.org\/{rel}","templated":true}]}}