{"id":1041,"date":"2021-11-02T10:29:57","date_gmt":"2021-11-02T10:29:57","guid":{"rendered":"https:\/\/toys4vip.com\/produit\/tente-mavericks\/"},"modified":"2021-11-13T11:04:51","modified_gmt":"2021-11-13T11:04:51","slug":"tente-mavericks","status":"publish","type":"product","link":"https:\/\/www.toys4vip.com\/fr\/luxury-toy\/tente-mavericks\/265\/","title":{"rendered":"Tente Mavericks"},"content":{"rendered":"<p>Con\u00e7ue pour r\u00e9sister \u00e0 des vents allant jusqu\u2019\u00e0 180 km\/h, la tente \u201cMavericks\u201d by Heimplanet est d\u00e9crite par la marque allemande comme \u201cune vraie forteresse\u201d. Con\u00e7ue \u00e0 l\u2019origine pour la Red Bull Storm Chase, comp\u00e9tition de windsurf qui porte bien son nom, cette tente gonflable (par une seule personne, en 9 minutes montre en main) de 13m2 a une structure en forme de g\u00e9ode qui la rend particuli\u00e8rement stable, m\u00eame par grands vents.<\/p>\n<p>Id\u00e9al pour aller camper pendant les week-ends prolong\u00e9s, cet abri gonflable dot\u00e9 de fen\u00eatres, qui p\u00e8se tout de m\u00eame 25 kilos, peut loger 10 personnes et leur \u00e9quipement. Toutefois, le r\u00eave du baroudeur a un prix : 4999\u20ac. Une somme qui n\u2019a pas effray\u00e9 certains explorateurs puisque l\u2019objet est actuellement en rupture de stock.<\/p>\n","protected":false},"excerpt":{"rendered":"<p>Con\u00e7ue pour r\u00e9sister \u00e0 des vents allant jusqu\u2019\u00e0 180 km\/h, la tente \u201cMavericks\u201d by Heimplanet est d\u00e9crite par la marque allemande comme \u201cune vraie forteresse\u201d. Con\u00e7ue \u00e0 l\u2019origine pour la Red Bull Storm Chase, comp\u00e9tition de windsurf qui porte bien son nom, cette tente gonflable (par une seule personne, en 9 minutes montre en main) [&hellip;]<\/p>\n","protected":false},"featured_media":1039,"comment_status":"open","ping_status":"closed","template":"","meta":[],"product_cat":[31],"product_tag":[],"yoast_head":"<!-- This site is optimized with the Yoast SEO plugin v17.4 - https:\/\/yoast.com\/wordpress\/plugins\/seo\/ -->\n<title>Tente Mavericks - Toys4Vip<\/title>\n<meta name=\"description\" content=\"Con\u00e7ue pour r\u00e9sister \u00e0 des vents allant jusqu\u2019\u00e0 180 km\/h, la tente \u201cMavericks\u201d by Heimplanet est d\u00e9crite par la marque allemande comme \u201cune vraie forteresse\u201d. Con\u00e7ue \u00e0 l\u2019origine pour la Red Bull Storm Chase, comp\u00e9tition de windsurf qui porte bien son nom, cette tente gonflable (par une seule personne, en 9 minutes montre en main) de 13m2 a une structure en forme de g\u00e9ode qui la rend particuli\u00e8rement stable, m\u00eame par grands vents.\" \/>\n<meta name=\"robots\" content=\"index, follow, max-snippet:-1, max-image-preview:large, max-video-preview:-1\" \/>\n<link rel=\"canonical\" href=\"https:\/\/www.toys4vip.com\/fr\/luxury-toy\/tente-mavericks\/265\/\" \/>\n<meta property=\"og:locale\" content=\"fr_FR\" \/>\n<meta property=\"og:type\" content=\"article\" \/>\n<meta property=\"og:title\" content=\"Tente Mavericks - Toys4Vip\" \/>\n<meta property=\"og:description\" content=\"Con\u00e7ue pour r\u00e9sister \u00e0 des vents allant jusqu\u2019\u00e0 180 km\/h, la tente \u201cMavericks\u201d by Heimplanet est d\u00e9crite par la marque allemande comme \u201cune vraie forteresse\u201d. Con\u00e7ue \u00e0 l\u2019origine pour la Red Bull Storm Chase, comp\u00e9tition de windsurf qui porte bien son nom, cette tente gonflable (par une seule personne, en 9 minutes montre en main) de 13m2 a une structure en forme de g\u00e9ode qui la rend particuli\u00e8rement stable, m\u00eame par grands vents.\" \/>\n<meta property=\"og:url\" content=\"https:\/\/www.toys4vip.com\/fr\/luxury-toy\/tente-mavericks\/265\/\" \/>\n<meta property=\"og:site_name\" content=\"Toys4Vip\" \/>\n<meta property=\"article:modified_time\" content=\"2021-11-13T11:04:51+00:00\" \/>\n<meta property=\"og:image\" content=\"https:\/\/www.toys4vip.com\/app\/uploads\/2021\/11\/main-202.jpg\" \/>\n\t<meta property=\"og:image:width\" content=\"2200\" \/>\n\t<meta property=\"og:image:height\" content=\"1420\" \/>\n<meta name=\"twitter:card\" content=\"summary_large_image\" \/>\n<meta name=\"twitter:label1\" content=\"Dur\u00e9e de lecture est.\" \/>\n\t<meta name=\"twitter:data1\" content=\"1 minute\" \/>\n<script type=\"application\/ld+json\" class=\"yoast-schema-graph\">{\"@context\":\"https:\/\/schema.org\",\"@graph\":[{\"@type\":\"WebSite\",\"@id\":\"https:\/\/www.toys4vip.com\/fr\/#website\",\"url\":\"https:\/\/www.toys4vip.com\/fr\/\",\"name\":\"Toys4Vip\",\"description\":\"Jouets de luxe nouveau concept store\",\"potentialAction\":[{\"@type\":\"SearchAction\",\"target\":{\"@type\":\"EntryPoint\",\"urlTemplate\":\"https:\/\/www.toys4vip.com\/fr\/?s={search_term_string}\"},\"query-input\":\"required name=search_term_string\"}],\"inLanguage\":\"fr-FR\"},{\"@type\":\"ImageObject\",\"@id\":\"https:\/\/www.toys4vip.com\/fr\/luxury-toy\/tente-mavericks\/265\/#primaryimage\",\"inLanguage\":\"fr-FR\",\"url\":\"https:\/\/www.toys4vip.com\/app\/uploads\/2021\/11\/main-202.jpg\",\"contentUrl\":\"https:\/\/www.toys4vip.com\/app\/uploads\/2021\/11\/main-202.jpg\",\"width\":2200,\"height\":1420},{\"@type\":\"WebPage\",\"@id\":\"https:\/\/www.toys4vip.com\/fr\/luxury-toy\/tente-mavericks\/265\/#webpage\",\"url\":\"https:\/\/www.toys4vip.com\/fr\/luxury-toy\/tente-mavericks\/265\/\",\"name\":\"Tente Mavericks - Toys4Vip\",\"isPartOf\":{\"@id\":\"https:\/\/www.toys4vip.com\/fr\/#website\"},\"primaryImageOfPage\":{\"@id\":\"https:\/\/www.toys4vip.com\/fr\/luxury-toy\/tente-mavericks\/265\/#primaryimage\"},\"datePublished\":\"2021-11-02T10:29:57+00:00\",\"dateModified\":\"2021-11-13T11:04:51+00:00\",\"description\":\"Con\\u00e7ue pour r\\u00e9sister \\u00e0 des vents allant jusqu\\u2019\\u00e0 180 km\/h, la tente \\u201cMavericks\\u201d by Heimplanet est d\\u00e9crite par la marque allemande comme \\u201cune vraie forteresse\\u201d. Con\\u00e7ue \\u00e0 l\\u2019origine pour la Red Bull Storm Chase, comp\\u00e9tition de windsurf qui porte bien son nom, cette tente gonflable (par une seule personne, en 9 minutes montre en main) de 13m2 a une structure en forme de g\\u00e9ode qui la rend particuli\\u00e8rement stable, m\\u00eame par grands vents.\",\"breadcrumb\":{\"@id\":\"https:\/\/www.toys4vip.com\/fr\/luxury-toy\/tente-mavericks\/265\/#breadcrumb\"},\"inLanguage\":\"fr-FR\",\"potentialAction\":[{\"@type\":\"ReadAction\",\"target\":[\"https:\/\/www.toys4vip.com\/fr\/luxury-toy\/tente-mavericks\/265\/\"]}]},{\"@type\":\"BreadcrumbList\",\"@id\":\"https:\/\/www.toys4vip.com\/fr\/luxury-toy\/tente-mavericks\/265\/#breadcrumb\",\"itemListElement\":[{\"@type\":\"ListItem\",\"position\":1,\"name\":\"Home\",\"item\":\"https:\/\/www.toys4vip.com\/fr\/\"},{\"@type\":\"ListItem\",\"position\":2,\"name\":\"Objets \/ Cat\\u00e9gories\",\"item\":\"https:\/\/www.toys4vip.com\/fr\/luxury-toys\/\"},{\"@type\":\"ListItem\",\"position\":3,\"name\":\"Tente Mavericks\"}]}]}<\/script>\n<!-- \/ Yoast SEO plugin. -->","yoast_head_json":{"title":"Tente Mavericks - Toys4Vip","description":"Con\u00e7ue pour r\u00e9sister \u00e0 des vents allant jusqu\u2019\u00e0 180 km\/h, la tente \u201cMavericks\u201d by Heimplanet est d\u00e9crite par la marque allemande comme \u201cune vraie forteresse\u201d. Con\u00e7ue \u00e0 l\u2019origine pour la Red Bull Storm Chase, comp\u00e9tition de windsurf qui porte bien son nom, cette tente gonflable (par une seule personne, en 9 minutes montre en main) de 13m2 a une structure en forme de g\u00e9ode qui la rend particuli\u00e8rement stable, m\u00eame par grands vents.","robots":{"index":"index","follow":"follow","max-snippet":"max-snippet:-1","max-image-preview":"max-image-preview:large","max-video-preview":"max-video-preview:-1"},"canonical":"https:\/\/www.toys4vip.com\/fr\/luxury-toy\/tente-mavericks\/265\/","og_locale":"fr_FR","og_type":"article","og_title":"Tente Mavericks - Toys4Vip","og_description":"Con\u00e7ue pour r\u00e9sister \u00e0 des vents allant jusqu\u2019\u00e0 180 km\/h, la tente \u201cMavericks\u201d by Heimplanet est d\u00e9crite par la marque allemande comme \u201cune vraie forteresse\u201d. Con\u00e7ue \u00e0 l\u2019origine pour la Red Bull Storm Chase, comp\u00e9tition de windsurf qui porte bien son nom, cette tente gonflable (par une seule personne, en 9 minutes montre en main) de 13m2 a une structure en forme de g\u00e9ode qui la rend particuli\u00e8rement stable, m\u00eame par grands vents.","og_url":"https:\/\/www.toys4vip.com\/fr\/luxury-toy\/tente-mavericks\/265\/","og_site_name":"Toys4Vip","article_modified_time":"2021-11-13T11:04:51+00:00","og_image":[{"width":2200,"height":1420,"url":"https:\/\/www.toys4vip.com\/app\/uploads\/2021\/11\/main-202.jpg","type":"image\/jpeg"}],"twitter_card":"summary_large_image","twitter_misc":{"Dur\u00e9e de lecture est.":"1 minute"},"schema":{"@context":"https:\/\/schema.org","@graph":[{"@type":"WebSite","@id":"https:\/\/www.toys4vip.com\/fr\/#website","url":"https:\/\/www.toys4vip.com\/fr\/","name":"Toys4Vip","description":"Jouets de luxe nouveau concept store","potentialAction":[{"@type":"SearchAction","target":{"@type":"EntryPoint","urlTemplate":"https:\/\/www.toys4vip.com\/fr\/?s={search_term_string}"},"query-input":"required name=search_term_string"}],"inLanguage":"fr-FR"},{"@type":"ImageObject","@id":"https:\/\/www.toys4vip.com\/fr\/luxury-toy\/tente-mavericks\/265\/#primaryimage","inLanguage":"fr-FR","url":"https:\/\/www.toys4vip.com\/app\/uploads\/2021\/11\/main-202.jpg","contentUrl":"https:\/\/www.toys4vip.com\/app\/uploads\/2021\/11\/main-202.jpg","width":2200,"height":1420},{"@type":"WebPage","@id":"https:\/\/www.toys4vip.com\/fr\/luxury-toy\/tente-mavericks\/265\/#webpage","url":"https:\/\/www.toys4vip.com\/fr\/luxury-toy\/tente-mavericks\/265\/","name":"Tente Mavericks - Toys4Vip","isPartOf":{"@id":"https:\/\/www.toys4vip.com\/fr\/#website"},"primaryImageOfPage":{"@id":"https:\/\/www.toys4vip.com\/fr\/luxury-toy\/tente-mavericks\/265\/#primaryimage"},"datePublished":"2021-11-02T10:29:57+00:00","dateModified":"2021-11-13T11:04:51+00:00","description":"Con\u00e7ue pour r\u00e9sister \u00e0 des vents allant jusqu\u2019\u00e0 180 km\/h, la tente \u201cMavericks\u201d by Heimplanet est d\u00e9crite par la marque allemande comme \u201cune vraie forteresse\u201d. Con\u00e7ue \u00e0 l\u2019origine pour la Red Bull Storm Chase, comp\u00e9tition de windsurf qui porte bien son nom, cette tente gonflable (par une seule personne, en 9 minutes montre en main) de 13m2 a une structure en forme de g\u00e9ode qui la rend particuli\u00e8rement stable, m\u00eame par grands vents.","breadcrumb":{"@id":"https:\/\/www.toys4vip.com\/fr\/luxury-toy\/tente-mavericks\/265\/#breadcrumb"},"inLanguage":"fr-FR","potentialAction":[{"@type":"ReadAction","target":["https:\/\/www.toys4vip.com\/fr\/luxury-toy\/tente-mavericks\/265\/"]}]},{"@type":"BreadcrumbList","@id":"https:\/\/www.toys4vip.com\/fr\/luxury-toy\/tente-mavericks\/265\/#breadcrumb","itemListElement":[{"@type":"ListItem","position":1,"name":"Home","item":"https:\/\/www.toys4vip.com\/fr\/"},{"@type":"ListItem","position":2,"name":"Objets \/ Cat\u00e9gories","item":"https:\/\/www.toys4vip.com\/fr\/luxury-toys\/"},{"@type":"ListItem","position":3,"name":"Tente Mavericks"}]}]}},"_links":{"self":[{"href":"https:\/\/www.toys4vip.com\/fr\/wp-json\/wp\/v2\/product\/1041"}],"collection":[{"href":"https:\/\/www.toys4vip.com\/fr\/wp-json\/wp\/v2\/product"}],"about":[{"href":"https:\/\/www.toys4vip.com\/fr\/wp-json\/wp\/v2\/types\/product"}],"replies":[{"embeddable":true,"href":"https:\/\/www.toys4vip.com\/fr\/wp-json\/wp\/v2\/comments?post=1041"}],"wp:featuredmedia":[{"embeddable":true,"href":"https:\/\/www.toys4vip.com\/fr\/wp-json\/wp\/v2\/media\/1039"}],"wp:attachment":[{"href":"https:\/\/www.toys4vip.com\/fr\/wp-json\/wp\/v2\/media?parent=1041"}],"wp:term":[{"taxonomy":"product_cat","embeddable":true,"href":"https:\/\/www.toys4vip.com\/fr\/wp-json\/wp\/v2\/product_cat?post=1041"},{"taxonomy":"product_tag","embeddable":true,"href":"https:\/\/www.toys4vip.com\/fr\/wp-json\/wp\/v2\/product_tag?post=1041"}],"curies":[{"name":"wp","href":"https:\/\/api.w.org\/{rel}","templated":true}]}}