{"id":1035,"date":"2021-11-02T10:29:56","date_gmt":"2021-11-02T10:29:56","guid":{"rendered":"https:\/\/toys4vip.com\/produit\/aeromobil\/"},"modified":"2021-11-16T18:05:54","modified_gmt":"2021-11-16T18:05:54","slug":"aeromobil","status":"publish","type":"product","link":"https:\/\/www.toys4vip.com\/fr\/luxury-toy\/aeromobil\/262\/","title":{"rendered":"AeroMobil"},"content":{"rendered":"<p>Depuis de longues ann\u00e9es, les voitures volantes font fantasmer les amateurs de Science-Fiction. Ce r\u00eave serait en passe de devenir une r\u00e9alit\u00e9, rapportent plusieurs m\u00e9dias britanniques. AeroMobil a d\u00e9voil\u00e9 mercredi 29 octobre son prototype de voiture volante: l\u2019AeroMobil 3.0. Une vid\u00e9o de pr\u00e9sentation et une d\u00e9monstration ont \u00e9t\u00e9 d\u00e9voil\u00e9es par l\u2019entreprise slovaque \u00e0 l\u2019occasion du Festival des pionniers de Vienne (Autriche).<\/p>\n<p>Design futuriste, ailes r\u00e9tractables, le v\u00e9hicule n\u2019aurait besoin que d\u2019une piste de 250 m\u00e8tres pour s\u2019envoler, et de 50 m\u00e8tres pour atterrir. \u00abEn d\u00e9pit du faible centre de gravit\u00e9 du v\u00e9hicule, le Roadster pourra atterrir sur des \u00e9tendues de pelouse ou m\u00eame des terres agricoles\u00bb, pr\u00e9cise le concepteur Stefan Klein<\/p>\n","protected":false},"excerpt":{"rendered":"<p>Depuis de longues ann\u00e9es, les voitures volantes font fantasmer les amateurs de Science-Fiction. Ce r\u00eave serait en passe de devenir une r\u00e9alit\u00e9, rapportent plusieurs m\u00e9dias britanniques. AeroMobil a d\u00e9voil\u00e9 mercredi 29 octobre son prototype de voiture volante: l\u2019AeroMobil 3.0. Une vid\u00e9o de pr\u00e9sentation et une d\u00e9monstration ont \u00e9t\u00e9 d\u00e9voil\u00e9es par l\u2019entreprise slovaque \u00e0 l\u2019occasion du [&hellip;]<\/p>\n","protected":false},"featured_media":1033,"comment_status":"open","ping_status":"closed","template":"","meta":[],"product_cat":[85,26],"product_tag":[],"yoast_head":"<!-- This site is optimized with the Yoast SEO plugin v17.4 - https:\/\/yoast.com\/wordpress\/plugins\/seo\/ -->\n<title>AeroMobil - Toys4Vip<\/title>\n<meta name=\"description\" content=\"Depuis de longues ann\u00e9es, les voitures volantes font fantasmer les amateurs de Science-Fiction. Ce r\u00eave serait en passe de devenir une r\u00e9alit\u00e9, rapportent plusieurs m\u00e9dias britanniques. AeroMobil a d\u00e9voil\u00e9 mercredi 29 octobre son prototype de voiture volante: l\u2019AeroMobil 3.0. Une vid\u00e9o de pr\u00e9sentation et une d\u00e9monstration ont \u00e9t\u00e9 d\u00e9voil\u00e9es par l\u2019entreprise slovaque \u00e0 l\u2019occasion du Festival des pionniers de Vienne (Autriche).\" \/>\n<meta name=\"robots\" content=\"index, follow, max-snippet:-1, max-image-preview:large, max-video-preview:-1\" \/>\n<link rel=\"canonical\" href=\"https:\/\/www.toys4vip.com\/fr\/luxury-toy\/aeromobil\/262\/\" \/>\n<meta property=\"og:locale\" content=\"fr_FR\" \/>\n<meta property=\"og:type\" content=\"article\" \/>\n<meta property=\"og:title\" content=\"AeroMobil - Toys4Vip\" \/>\n<meta property=\"og:description\" content=\"Depuis de longues ann\u00e9es, les voitures volantes font fantasmer les amateurs de Science-Fiction. Ce r\u00eave serait en passe de devenir une r\u00e9alit\u00e9, rapportent plusieurs m\u00e9dias britanniques. AeroMobil a d\u00e9voil\u00e9 mercredi 29 octobre son prototype de voiture volante: l\u2019AeroMobil 3.0. Une vid\u00e9o de pr\u00e9sentation et une d\u00e9monstration ont \u00e9t\u00e9 d\u00e9voil\u00e9es par l\u2019entreprise slovaque \u00e0 l\u2019occasion du Festival des pionniers de Vienne (Autriche).\" \/>\n<meta property=\"og:url\" content=\"https:\/\/www.toys4vip.com\/fr\/luxury-toy\/aeromobil\/262\/\" \/>\n<meta property=\"og:site_name\" content=\"Toys4Vip\" \/>\n<meta property=\"article:modified_time\" content=\"2021-11-16T18:05:54+00:00\" \/>\n<meta property=\"og:image\" content=\"https:\/\/www.toys4vip.com\/app\/uploads\/2021\/11\/main-200.jpg\" \/>\n\t<meta property=\"og:image:width\" content=\"1920\" \/>\n\t<meta property=\"og:image:height\" content=\"1080\" \/>\n<meta name=\"twitter:card\" content=\"summary_large_image\" \/>\n<meta name=\"twitter:label1\" content=\"Dur\u00e9e de lecture est.\" \/>\n\t<meta name=\"twitter:data1\" content=\"1 minute\" \/>\n<script type=\"application\/ld+json\" class=\"yoast-schema-graph\">{\"@context\":\"https:\/\/schema.org\",\"@graph\":[{\"@type\":\"WebSite\",\"@id\":\"https:\/\/www.toys4vip.com\/fr\/#website\",\"url\":\"https:\/\/www.toys4vip.com\/fr\/\",\"name\":\"Toys4Vip\",\"description\":\"Jouets de luxe nouveau concept store\",\"potentialAction\":[{\"@type\":\"SearchAction\",\"target\":{\"@type\":\"EntryPoint\",\"urlTemplate\":\"https:\/\/www.toys4vip.com\/fr\/?s={search_term_string}\"},\"query-input\":\"required name=search_term_string\"}],\"inLanguage\":\"fr-FR\"},{\"@type\":\"ImageObject\",\"@id\":\"https:\/\/www.toys4vip.com\/fr\/luxury-toy\/aeromobil\/262\/#primaryimage\",\"inLanguage\":\"fr-FR\",\"url\":\"https:\/\/www.toys4vip.com\/app\/uploads\/2021\/11\/main-200.jpg\",\"contentUrl\":\"https:\/\/www.toys4vip.com\/app\/uploads\/2021\/11\/main-200.jpg\",\"width\":1920,\"height\":1080},{\"@type\":\"WebPage\",\"@id\":\"https:\/\/www.toys4vip.com\/fr\/luxury-toy\/aeromobil\/262\/#webpage\",\"url\":\"https:\/\/www.toys4vip.com\/fr\/luxury-toy\/aeromobil\/262\/\",\"name\":\"AeroMobil - Toys4Vip\",\"isPartOf\":{\"@id\":\"https:\/\/www.toys4vip.com\/fr\/#website\"},\"primaryImageOfPage\":{\"@id\":\"https:\/\/www.toys4vip.com\/fr\/luxury-toy\/aeromobil\/262\/#primaryimage\"},\"datePublished\":\"2021-11-02T10:29:56+00:00\",\"dateModified\":\"2021-11-16T18:05:54+00:00\",\"description\":\"Depuis de longues ann\\u00e9es, les voitures volantes font fantasmer les amateurs de Science-Fiction. Ce r\\u00eave serait en passe de devenir une r\\u00e9alit\\u00e9, rapportent plusieurs m\\u00e9dias britanniques. AeroMobil a d\\u00e9voil\\u00e9 mercredi 29 octobre son prototype de voiture volante: l\\u2019AeroMobil 3.0. Une vid\\u00e9o de pr\\u00e9sentation et une d\\u00e9monstration ont \\u00e9t\\u00e9 d\\u00e9voil\\u00e9es par l\\u2019entreprise slovaque \\u00e0 l\\u2019occasion du Festival des pionniers de Vienne (Autriche).\",\"breadcrumb\":{\"@id\":\"https:\/\/www.toys4vip.com\/fr\/luxury-toy\/aeromobil\/262\/#breadcrumb\"},\"inLanguage\":\"fr-FR\",\"potentialAction\":[{\"@type\":\"ReadAction\",\"target\":[\"https:\/\/www.toys4vip.com\/fr\/luxury-toy\/aeromobil\/262\/\"]}]},{\"@type\":\"BreadcrumbList\",\"@id\":\"https:\/\/www.toys4vip.com\/fr\/luxury-toy\/aeromobil\/262\/#breadcrumb\",\"itemListElement\":[{\"@type\":\"ListItem\",\"position\":1,\"name\":\"Home\",\"item\":\"https:\/\/www.toys4vip.com\/fr\/\"},{\"@type\":\"ListItem\",\"position\":2,\"name\":\"Objets \/ Cat\\u00e9gories\",\"item\":\"https:\/\/www.toys4vip.com\/fr\/luxury-toys\/\"},{\"@type\":\"ListItem\",\"position\":3,\"name\":\"AeroMobil\"}]}]}<\/script>\n<!-- \/ Yoast SEO plugin. -->","yoast_head_json":{"title":"AeroMobil - Toys4Vip","description":"Depuis de longues ann\u00e9es, les voitures volantes font fantasmer les amateurs de Science-Fiction. Ce r\u00eave serait en passe de devenir une r\u00e9alit\u00e9, rapportent plusieurs m\u00e9dias britanniques. AeroMobil a d\u00e9voil\u00e9 mercredi 29 octobre son prototype de voiture volante: l\u2019AeroMobil 3.0. Une vid\u00e9o de pr\u00e9sentation et une d\u00e9monstration ont \u00e9t\u00e9 d\u00e9voil\u00e9es par l\u2019entreprise slovaque \u00e0 l\u2019occasion du Festival des pionniers de Vienne (Autriche).","robots":{"index":"index","follow":"follow","max-snippet":"max-snippet:-1","max-image-preview":"max-image-preview:large","max-video-preview":"max-video-preview:-1"},"canonical":"https:\/\/www.toys4vip.com\/fr\/luxury-toy\/aeromobil\/262\/","og_locale":"fr_FR","og_type":"article","og_title":"AeroMobil - Toys4Vip","og_description":"Depuis de longues ann\u00e9es, les voitures volantes font fantasmer les amateurs de Science-Fiction. Ce r\u00eave serait en passe de devenir une r\u00e9alit\u00e9, rapportent plusieurs m\u00e9dias britanniques. AeroMobil a d\u00e9voil\u00e9 mercredi 29 octobre son prototype de voiture volante: l\u2019AeroMobil 3.0. Une vid\u00e9o de pr\u00e9sentation et une d\u00e9monstration ont \u00e9t\u00e9 d\u00e9voil\u00e9es par l\u2019entreprise slovaque \u00e0 l\u2019occasion du Festival des pionniers de Vienne (Autriche).","og_url":"https:\/\/www.toys4vip.com\/fr\/luxury-toy\/aeromobil\/262\/","og_site_name":"Toys4Vip","article_modified_time":"2021-11-16T18:05:54+00:00","og_image":[{"width":1920,"height":1080,"url":"https:\/\/www.toys4vip.com\/app\/uploads\/2021\/11\/main-200.jpg","type":"image\/jpeg"}],"twitter_card":"summary_large_image","twitter_misc":{"Dur\u00e9e de lecture est.":"1 minute"},"schema":{"@context":"https:\/\/schema.org","@graph":[{"@type":"WebSite","@id":"https:\/\/www.toys4vip.com\/fr\/#website","url":"https:\/\/www.toys4vip.com\/fr\/","name":"Toys4Vip","description":"Jouets de luxe nouveau concept store","potentialAction":[{"@type":"SearchAction","target":{"@type":"EntryPoint","urlTemplate":"https:\/\/www.toys4vip.com\/fr\/?s={search_term_string}"},"query-input":"required name=search_term_string"}],"inLanguage":"fr-FR"},{"@type":"ImageObject","@id":"https:\/\/www.toys4vip.com\/fr\/luxury-toy\/aeromobil\/262\/#primaryimage","inLanguage":"fr-FR","url":"https:\/\/www.toys4vip.com\/app\/uploads\/2021\/11\/main-200.jpg","contentUrl":"https:\/\/www.toys4vip.com\/app\/uploads\/2021\/11\/main-200.jpg","width":1920,"height":1080},{"@type":"WebPage","@id":"https:\/\/www.toys4vip.com\/fr\/luxury-toy\/aeromobil\/262\/#webpage","url":"https:\/\/www.toys4vip.com\/fr\/luxury-toy\/aeromobil\/262\/","name":"AeroMobil - Toys4Vip","isPartOf":{"@id":"https:\/\/www.toys4vip.com\/fr\/#website"},"primaryImageOfPage":{"@id":"https:\/\/www.toys4vip.com\/fr\/luxury-toy\/aeromobil\/262\/#primaryimage"},"datePublished":"2021-11-02T10:29:56+00:00","dateModified":"2021-11-16T18:05:54+00:00","description":"Depuis de longues ann\u00e9es, les voitures volantes font fantasmer les amateurs de Science-Fiction. Ce r\u00eave serait en passe de devenir une r\u00e9alit\u00e9, rapportent plusieurs m\u00e9dias britanniques. AeroMobil a d\u00e9voil\u00e9 mercredi 29 octobre son prototype de voiture volante: l\u2019AeroMobil 3.0. Une vid\u00e9o de pr\u00e9sentation et une d\u00e9monstration ont \u00e9t\u00e9 d\u00e9voil\u00e9es par l\u2019entreprise slovaque \u00e0 l\u2019occasion du Festival des pionniers de Vienne (Autriche).","breadcrumb":{"@id":"https:\/\/www.toys4vip.com\/fr\/luxury-toy\/aeromobil\/262\/#breadcrumb"},"inLanguage":"fr-FR","potentialAction":[{"@type":"ReadAction","target":["https:\/\/www.toys4vip.com\/fr\/luxury-toy\/aeromobil\/262\/"]}]},{"@type":"BreadcrumbList","@id":"https:\/\/www.toys4vip.com\/fr\/luxury-toy\/aeromobil\/262\/#breadcrumb","itemListElement":[{"@type":"ListItem","position":1,"name":"Home","item":"https:\/\/www.toys4vip.com\/fr\/"},{"@type":"ListItem","position":2,"name":"Objets \/ Cat\u00e9gories","item":"https:\/\/www.toys4vip.com\/fr\/luxury-toys\/"},{"@type":"ListItem","position":3,"name":"AeroMobil"}]}]}},"_links":{"self":[{"href":"https:\/\/www.toys4vip.com\/fr\/wp-json\/wp\/v2\/product\/1035"}],"collection":[{"href":"https:\/\/www.toys4vip.com\/fr\/wp-json\/wp\/v2\/product"}],"about":[{"href":"https:\/\/www.toys4vip.com\/fr\/wp-json\/wp\/v2\/types\/product"}],"replies":[{"embeddable":true,"href":"https:\/\/www.toys4vip.com\/fr\/wp-json\/wp\/v2\/comments?post=1035"}],"wp:featuredmedia":[{"embeddable":true,"href":"https:\/\/www.toys4vip.com\/fr\/wp-json\/wp\/v2\/media\/1033"}],"wp:attachment":[{"href":"https:\/\/www.toys4vip.com\/fr\/wp-json\/wp\/v2\/media?parent=1035"}],"wp:term":[{"taxonomy":"product_cat","embeddable":true,"href":"https:\/\/www.toys4vip.com\/fr\/wp-json\/wp\/v2\/product_cat?post=1035"},{"taxonomy":"product_tag","embeddable":true,"href":"https:\/\/www.toys4vip.com\/fr\/wp-json\/wp\/v2\/product_tag?post=1035"}],"curies":[{"name":"wp","href":"https:\/\/api.w.org\/{rel}","templated":true}]}}