{"id":1032,"date":"2021-11-02T10:29:56","date_gmt":"2021-11-02T10:29:56","guid":{"rendered":"https:\/\/toys4vip.com\/produit\/radsupercars\/"},"modified":"2021-11-16T18:05:37","modified_gmt":"2021-11-16T18:05:37","slug":"radsupercars","status":"publish","type":"product","link":"https:\/\/www.toys4vip.com\/fr\/luxury-toy\/radsupercars\/257\/","title":{"rendered":"Radsupercars"},"content":{"rendered":"<p>Rezvani Motors est un constructeur install\u00e9 en Califormie \u00e0 Anaheim qui fut aussi la ville de Fisker jusqu\u2019\u00e0 l\u2019an dernier. Rezvani est une entreprise fond\u00e9e par Fardee Rezvani qui est aussi le fondateur de Revzani Automotive Designs ou RAD que nous connaissons d\u00e9j\u00e0. Nous devons \u00e0 ce bureau de style et d\u2019ing\u00e9nierie des sportives virtuelles comme la Volarra GT ou la Vencer Sarthe qui n\u2019ont jamais d\u00e9pass\u00e9 le stade des belles illustrations tout comme la Rezvani Bulleta.<\/p>\n<p>Avec la Beast, Rezvani Motors nous propose en fait d\u2019habiller la tr\u00e8s radicale, minimaliste et anglaise Ariel Atom qui est, je vous le rappelle, une sportive extr\u00eame quasiment sans habillage puisqu\u2019elle laisse apparaitre sa belle structure tubulaire, ses trains roulants et ses entrailles m\u00e9caniques.<\/p>\n<p>Pour r\u00e9aliser la carrosserie de la \u00ab b\u00eate \u00bb, Rezvani s\u2019est tourn\u00e9 vers le designer Samir Sadikhov qui fut, avec la Ferrari Eternita, le gagnant du concours de design mis en place par le constructeur de Maranello.<br \/>\nEn d\u00e9couvrant la Beast, on ne peut s\u2019emp\u00eacher de se dire que le designer a \u00e9t\u00e9 chercher des id\u00e9es du cot\u00e9 de Sant\u2019Agata Bologn\u00e8se et de la firme au taureau. Oui, il y a de la Lambo\u2019 dans cette auto notamment pour les nombreuses lignes ac\u00e9r\u00e9es et pour la partie arri\u00e8re qui puise clairement son inspiration dans celles des supercars italiennes.<br \/>\nAu final, le dessin de cette sportive est plut\u00f4t agr\u00e9able, nerveux et il habille avec une certaine \u00ab puissance \u00bb la structure tubulaire de l\u2019Atom. La carrosserie de l\u2019auto est enti\u00e8rement r\u00e9alis\u00e9e en fibre de carbone. Ceux qui n\u2019aiment pas rouler et manger des insectes volants en m\u00eame temps appr\u00e9cieront la pr\u00e9sence d\u2019un pare brise qui peut \u00eatre remplac\u00e9 par un tout petit saute vent qui imposera l\u2019usage du casque. Toujours au chapitre pratique, la Beast est propos\u00e9e de s\u00e9rie sans porti\u00e8re mais on peut en disposer moyennant un suppl\u00e9ment financier.<\/p>\n","protected":false},"excerpt":{"rendered":"<p>Rezvani Motors est un constructeur install\u00e9 en Califormie \u00e0 Anaheim qui fut aussi la ville de Fisker jusqu\u2019\u00e0 l\u2019an dernier. Rezvani est une entreprise fond\u00e9e par Fardee Rezvani qui est aussi le fondateur de Revzani Automotive Designs ou RAD que nous connaissons d\u00e9j\u00e0. Nous devons \u00e0 ce bureau de style et d\u2019ing\u00e9nierie des sportives virtuelles [&hellip;]<\/p>\n","protected":false},"featured_media":1030,"comment_status":"open","ping_status":"closed","template":"","meta":[],"product_cat":[26,87],"product_tag":[],"yoast_head":"<!-- This site is optimized with the Yoast SEO plugin v17.4 - https:\/\/yoast.com\/wordpress\/plugins\/seo\/ -->\n<title>Radsupercars - Toys4Vip<\/title>\n<meta name=\"description\" content=\"Rezvani Motors est un constructeur install\u00e9 en Califormie \u00e0 Anaheim qui fut aussi la ville de Fisker jusqu\u2019\u00e0 l\u2019an dernier. Rezvani est une entreprise fond\u00e9e par Fardee Rezvani qui est aussi le fondateur de Revzani Automotive Designs ou RAD que nous connaissons d\u00e9j\u00e0. Nous devons \u00e0 ce bureau de style et d\u2019ing\u00e9nierie des sportives virtuelles comme la Volarra GT ou la Vencer Sarthe qui n\u2019ont jamais d\u00e9pass\u00e9 le stade des belles illustrations tout comme la Rezvani Bulleta.\" \/>\n<meta name=\"robots\" content=\"index, follow, max-snippet:-1, max-image-preview:large, max-video-preview:-1\" \/>\n<link rel=\"canonical\" href=\"https:\/\/www.toys4vip.com\/fr\/luxury-toy\/radsupercars\/257\/\" \/>\n<meta property=\"og:locale\" content=\"fr_FR\" \/>\n<meta property=\"og:type\" content=\"article\" \/>\n<meta property=\"og:title\" content=\"Radsupercars - Toys4Vip\" \/>\n<meta property=\"og:description\" content=\"Rezvani Motors est un constructeur install\u00e9 en Califormie \u00e0 Anaheim qui fut aussi la ville de Fisker jusqu\u2019\u00e0 l\u2019an dernier. Rezvani est une entreprise fond\u00e9e par Fardee Rezvani qui est aussi le fondateur de Revzani Automotive Designs ou RAD que nous connaissons d\u00e9j\u00e0. Nous devons \u00e0 ce bureau de style et d\u2019ing\u00e9nierie des sportives virtuelles comme la Volarra GT ou la Vencer Sarthe qui n\u2019ont jamais d\u00e9pass\u00e9 le stade des belles illustrations tout comme la Rezvani Bulleta.\" \/>\n<meta property=\"og:url\" content=\"https:\/\/www.toys4vip.com\/fr\/luxury-toy\/radsupercars\/257\/\" \/>\n<meta property=\"og:site_name\" content=\"Toys4Vip\" \/>\n<meta property=\"article:modified_time\" content=\"2021-11-16T18:05:37+00:00\" \/>\n<meta property=\"og:image\" content=\"https:\/\/www.toys4vip.com\/app\/uploads\/2021\/11\/main-199.jpg\" \/>\n\t<meta property=\"og:image:width\" content=\"1024\" \/>\n\t<meta property=\"og:image:height\" content=\"614\" \/>\n<meta name=\"twitter:card\" content=\"summary_large_image\" \/>\n<meta name=\"twitter:label1\" content=\"Dur\u00e9e de lecture est.\" \/>\n\t<meta name=\"twitter:data1\" content=\"2 minutes\" \/>\n<script type=\"application\/ld+json\" class=\"yoast-schema-graph\">{\"@context\":\"https:\/\/schema.org\",\"@graph\":[{\"@type\":\"WebSite\",\"@id\":\"https:\/\/www.toys4vip.com\/fr\/#website\",\"url\":\"https:\/\/www.toys4vip.com\/fr\/\",\"name\":\"Toys4Vip\",\"description\":\"Jouets de luxe nouveau concept store\",\"potentialAction\":[{\"@type\":\"SearchAction\",\"target\":{\"@type\":\"EntryPoint\",\"urlTemplate\":\"https:\/\/www.toys4vip.com\/fr\/?s={search_term_string}\"},\"query-input\":\"required name=search_term_string\"}],\"inLanguage\":\"fr-FR\"},{\"@type\":\"ImageObject\",\"@id\":\"https:\/\/www.toys4vip.com\/fr\/luxury-toy\/radsupercars\/257\/#primaryimage\",\"inLanguage\":\"fr-FR\",\"url\":\"https:\/\/www.toys4vip.com\/app\/uploads\/2021\/11\/main-199.jpg\",\"contentUrl\":\"https:\/\/www.toys4vip.com\/app\/uploads\/2021\/11\/main-199.jpg\",\"width\":1024,\"height\":614},{\"@type\":\"WebPage\",\"@id\":\"https:\/\/www.toys4vip.com\/fr\/luxury-toy\/radsupercars\/257\/#webpage\",\"url\":\"https:\/\/www.toys4vip.com\/fr\/luxury-toy\/radsupercars\/257\/\",\"name\":\"Radsupercars - Toys4Vip\",\"isPartOf\":{\"@id\":\"https:\/\/www.toys4vip.com\/fr\/#website\"},\"primaryImageOfPage\":{\"@id\":\"https:\/\/www.toys4vip.com\/fr\/luxury-toy\/radsupercars\/257\/#primaryimage\"},\"datePublished\":\"2021-11-02T10:29:56+00:00\",\"dateModified\":\"2021-11-16T18:05:37+00:00\",\"description\":\"Rezvani Motors est un constructeur install\\u00e9 en Califormie \\u00e0 Anaheim qui fut aussi la ville de Fisker jusqu\\u2019\\u00e0 l\\u2019an dernier. Rezvani est une entreprise fond\\u00e9e par Fardee Rezvani qui est aussi le fondateur de Revzani Automotive Designs ou RAD que nous connaissons d\\u00e9j\\u00e0. Nous devons \\u00e0 ce bureau de style et d\\u2019ing\\u00e9nierie des sportives virtuelles comme la Volarra GT ou la Vencer Sarthe qui n\\u2019ont jamais d\\u00e9pass\\u00e9 le stade des belles illustrations tout comme la Rezvani Bulleta.\",\"breadcrumb\":{\"@id\":\"https:\/\/www.toys4vip.com\/fr\/luxury-toy\/radsupercars\/257\/#breadcrumb\"},\"inLanguage\":\"fr-FR\",\"potentialAction\":[{\"@type\":\"ReadAction\",\"target\":[\"https:\/\/www.toys4vip.com\/fr\/luxury-toy\/radsupercars\/257\/\"]}]},{\"@type\":\"BreadcrumbList\",\"@id\":\"https:\/\/www.toys4vip.com\/fr\/luxury-toy\/radsupercars\/257\/#breadcrumb\",\"itemListElement\":[{\"@type\":\"ListItem\",\"position\":1,\"name\":\"Home\",\"item\":\"https:\/\/www.toys4vip.com\/fr\/\"},{\"@type\":\"ListItem\",\"position\":2,\"name\":\"Objets \/ Cat\\u00e9gories\",\"item\":\"https:\/\/www.toys4vip.com\/fr\/luxury-toys\/\"},{\"@type\":\"ListItem\",\"position\":3,\"name\":\"Radsupercars\"}]}]}<\/script>\n<!-- \/ Yoast SEO plugin. -->","yoast_head_json":{"title":"Radsupercars - Toys4Vip","description":"Rezvani Motors est un constructeur install\u00e9 en Califormie \u00e0 Anaheim qui fut aussi la ville de Fisker jusqu\u2019\u00e0 l\u2019an dernier. Rezvani est une entreprise fond\u00e9e par Fardee Rezvani qui est aussi le fondateur de Revzani Automotive Designs ou RAD que nous connaissons d\u00e9j\u00e0. Nous devons \u00e0 ce bureau de style et d\u2019ing\u00e9nierie des sportives virtuelles comme la Volarra GT ou la Vencer Sarthe qui n\u2019ont jamais d\u00e9pass\u00e9 le stade des belles illustrations tout comme la Rezvani Bulleta.","robots":{"index":"index","follow":"follow","max-snippet":"max-snippet:-1","max-image-preview":"max-image-preview:large","max-video-preview":"max-video-preview:-1"},"canonical":"https:\/\/www.toys4vip.com\/fr\/luxury-toy\/radsupercars\/257\/","og_locale":"fr_FR","og_type":"article","og_title":"Radsupercars - Toys4Vip","og_description":"Rezvani Motors est un constructeur install\u00e9 en Califormie \u00e0 Anaheim qui fut aussi la ville de Fisker jusqu\u2019\u00e0 l\u2019an dernier. Rezvani est une entreprise fond\u00e9e par Fardee Rezvani qui est aussi le fondateur de Revzani Automotive Designs ou RAD que nous connaissons d\u00e9j\u00e0. Nous devons \u00e0 ce bureau de style et d\u2019ing\u00e9nierie des sportives virtuelles comme la Volarra GT ou la Vencer Sarthe qui n\u2019ont jamais d\u00e9pass\u00e9 le stade des belles illustrations tout comme la Rezvani Bulleta.","og_url":"https:\/\/www.toys4vip.com\/fr\/luxury-toy\/radsupercars\/257\/","og_site_name":"Toys4Vip","article_modified_time":"2021-11-16T18:05:37+00:00","og_image":[{"width":1024,"height":614,"url":"https:\/\/www.toys4vip.com\/app\/uploads\/2021\/11\/main-199.jpg","type":"image\/jpeg"}],"twitter_card":"summary_large_image","twitter_misc":{"Dur\u00e9e de lecture est.":"2 minutes"},"schema":{"@context":"https:\/\/schema.org","@graph":[{"@type":"WebSite","@id":"https:\/\/www.toys4vip.com\/fr\/#website","url":"https:\/\/www.toys4vip.com\/fr\/","name":"Toys4Vip","description":"Jouets de luxe nouveau concept store","potentialAction":[{"@type":"SearchAction","target":{"@type":"EntryPoint","urlTemplate":"https:\/\/www.toys4vip.com\/fr\/?s={search_term_string}"},"query-input":"required name=search_term_string"}],"inLanguage":"fr-FR"},{"@type":"ImageObject","@id":"https:\/\/www.toys4vip.com\/fr\/luxury-toy\/radsupercars\/257\/#primaryimage","inLanguage":"fr-FR","url":"https:\/\/www.toys4vip.com\/app\/uploads\/2021\/11\/main-199.jpg","contentUrl":"https:\/\/www.toys4vip.com\/app\/uploads\/2021\/11\/main-199.jpg","width":1024,"height":614},{"@type":"WebPage","@id":"https:\/\/www.toys4vip.com\/fr\/luxury-toy\/radsupercars\/257\/#webpage","url":"https:\/\/www.toys4vip.com\/fr\/luxury-toy\/radsupercars\/257\/","name":"Radsupercars - Toys4Vip","isPartOf":{"@id":"https:\/\/www.toys4vip.com\/fr\/#website"},"primaryImageOfPage":{"@id":"https:\/\/www.toys4vip.com\/fr\/luxury-toy\/radsupercars\/257\/#primaryimage"},"datePublished":"2021-11-02T10:29:56+00:00","dateModified":"2021-11-16T18:05:37+00:00","description":"Rezvani Motors est un constructeur install\u00e9 en Califormie \u00e0 Anaheim qui fut aussi la ville de Fisker jusqu\u2019\u00e0 l\u2019an dernier. Rezvani est une entreprise fond\u00e9e par Fardee Rezvani qui est aussi le fondateur de Revzani Automotive Designs ou RAD que nous connaissons d\u00e9j\u00e0. Nous devons \u00e0 ce bureau de style et d\u2019ing\u00e9nierie des sportives virtuelles comme la Volarra GT ou la Vencer Sarthe qui n\u2019ont jamais d\u00e9pass\u00e9 le stade des belles illustrations tout comme la Rezvani Bulleta.","breadcrumb":{"@id":"https:\/\/www.toys4vip.com\/fr\/luxury-toy\/radsupercars\/257\/#breadcrumb"},"inLanguage":"fr-FR","potentialAction":[{"@type":"ReadAction","target":["https:\/\/www.toys4vip.com\/fr\/luxury-toy\/radsupercars\/257\/"]}]},{"@type":"BreadcrumbList","@id":"https:\/\/www.toys4vip.com\/fr\/luxury-toy\/radsupercars\/257\/#breadcrumb","itemListElement":[{"@type":"ListItem","position":1,"name":"Home","item":"https:\/\/www.toys4vip.com\/fr\/"},{"@type":"ListItem","position":2,"name":"Objets \/ Cat\u00e9gories","item":"https:\/\/www.toys4vip.com\/fr\/luxury-toys\/"},{"@type":"ListItem","position":3,"name":"Radsupercars"}]}]}},"_links":{"self":[{"href":"https:\/\/www.toys4vip.com\/fr\/wp-json\/wp\/v2\/product\/1032"}],"collection":[{"href":"https:\/\/www.toys4vip.com\/fr\/wp-json\/wp\/v2\/product"}],"about":[{"href":"https:\/\/www.toys4vip.com\/fr\/wp-json\/wp\/v2\/types\/product"}],"replies":[{"embeddable":true,"href":"https:\/\/www.toys4vip.com\/fr\/wp-json\/wp\/v2\/comments?post=1032"}],"wp:featuredmedia":[{"embeddable":true,"href":"https:\/\/www.toys4vip.com\/fr\/wp-json\/wp\/v2\/media\/1030"}],"wp:attachment":[{"href":"https:\/\/www.toys4vip.com\/fr\/wp-json\/wp\/v2\/media?parent=1032"}],"wp:term":[{"taxonomy":"product_cat","embeddable":true,"href":"https:\/\/www.toys4vip.com\/fr\/wp-json\/wp\/v2\/product_cat?post=1032"},{"taxonomy":"product_tag","embeddable":true,"href":"https:\/\/www.toys4vip.com\/fr\/wp-json\/wp\/v2\/product_tag?post=1032"}],"curies":[{"name":"wp","href":"https:\/\/api.w.org\/{rel}","templated":true}]}}