{"id":1029,"date":"2021-11-02T10:29:55","date_gmt":"2021-11-02T10:29:55","guid":{"rendered":"https:\/\/toys4vip.com\/produit\/tls-simulator\/"},"modified":"2021-11-13T11:05:26","modified_gmt":"2021-11-13T11:05:26","slug":"tls-simulator","status":"publish","type":"product","link":"https:\/\/www.toys4vip.com\/fr\/luxury-toy\/tls-simulator\/256\/","title":{"rendered":"TLS Simulator"},"content":{"rendered":"<p>Le TL1, un impressionnant simulateur, est le fruit d&rsquo;une collaboration entre deux entreprises : Motion Simulation et British Ariel Motor Company. Nous connaissons tous cette derni\u00e8re car il s&rsquo;agit du constructeur de la c\u00e9l\u00e8bre Ariel Atom que l&rsquo;on retrouve souvent dans nos simulations favorites.<br \/>\nIl s&rsquo;agit d&rsquo;un simulateur \u00ab\u00a0portatif\u00a0\u00bb dont la surface sph\u00e9rique de projection est de 180 degr\u00e9s. Il autorise, en outre, diff\u00e9rentes positions de conduite.<\/p>\n<p>Au del\u00e0 du confort et du r\u00e9alisme qu&rsquo;il doit pouvoir apporter, il est, en plus, plut\u00f4t esth\u00e9tique. Que l&rsquo;on me pr\u00e9sente malgr\u00e9 tout celui qui parviendra \u00e0 imposer un tel dispositif dans son salon.<\/p>\n","protected":false},"excerpt":{"rendered":"<p>Le TL1, un impressionnant simulateur, est le fruit d&rsquo;une collaboration entre deux entreprises : Motion Simulation et British Ariel Motor Company. Nous connaissons tous cette derni\u00e8re car il s&rsquo;agit du constructeur de la c\u00e9l\u00e8bre Ariel Atom que l&rsquo;on retrouve souvent dans nos simulations favorites. Il s&rsquo;agit d&rsquo;un simulateur \u00ab\u00a0portatif\u00a0\u00bb dont la surface sph\u00e9rique de projection [&hellip;]<\/p>\n","protected":false},"featured_media":1027,"comment_status":"open","ping_status":"closed","template":"","meta":[],"product_cat":[31],"product_tag":[],"yoast_head":"<!-- This site is optimized with the Yoast SEO plugin v17.4 - https:\/\/yoast.com\/wordpress\/plugins\/seo\/ -->\n<title>TLS Simulator - Toys4Vip<\/title>\n<meta name=\"description\" content=\"Le TL1, un impressionnant simulateur, est le fruit d&#039;une collaboration entre deux entreprises : Motion Simulation et British Ariel Motor Company. Nous connaissons tous cette derni\u00e8re car il s&#039;agit du constructeur de la c\u00e9l\u00e8bre Ariel Atom que l&#039;on retrouve souvent dans nos simulations favorites.Il s&#039;agit d&#039;un simulateur &quot;portatif&quot; dont la surface sph\u00e9rique de projection est de 180 degr\u00e9s. Il autorise, en outre, diff\u00e9rentes positions de conduite.\" \/>\n<meta name=\"robots\" content=\"index, follow, max-snippet:-1, max-image-preview:large, max-video-preview:-1\" \/>\n<link rel=\"canonical\" href=\"https:\/\/www.toys4vip.com\/fr\/luxury-toy\/tls-simulator\/256\/\" \/>\n<meta property=\"og:locale\" content=\"fr_FR\" \/>\n<meta property=\"og:type\" content=\"article\" \/>\n<meta property=\"og:title\" content=\"TLS Simulator - Toys4Vip\" \/>\n<meta property=\"og:description\" content=\"Le TL1, un impressionnant simulateur, est le fruit d&#039;une collaboration entre deux entreprises : Motion Simulation et British Ariel Motor Company. Nous connaissons tous cette derni\u00e8re car il s&#039;agit du constructeur de la c\u00e9l\u00e8bre Ariel Atom que l&#039;on retrouve souvent dans nos simulations favorites.Il s&#039;agit d&#039;un simulateur &quot;portatif&quot; dont la surface sph\u00e9rique de projection est de 180 degr\u00e9s. Il autorise, en outre, diff\u00e9rentes positions de conduite.\" \/>\n<meta property=\"og:url\" content=\"https:\/\/www.toys4vip.com\/fr\/luxury-toy\/tls-simulator\/256\/\" \/>\n<meta property=\"og:site_name\" content=\"Toys4Vip\" \/>\n<meta property=\"article:modified_time\" content=\"2021-11-13T11:05:26+00:00\" \/>\n<meta property=\"og:image\" content=\"https:\/\/www.toys4vip.com\/app\/uploads\/2021\/11\/main-198.jpg\" \/>\n\t<meta property=\"og:image:width\" content=\"1024\" \/>\n\t<meta property=\"og:image:height\" content=\"724\" \/>\n<meta name=\"twitter:card\" content=\"summary_large_image\" \/>\n<meta name=\"twitter:label1\" content=\"Dur\u00e9e de lecture est.\" \/>\n\t<meta name=\"twitter:data1\" content=\"1 minute\" \/>\n<script type=\"application\/ld+json\" class=\"yoast-schema-graph\">{\"@context\":\"https:\/\/schema.org\",\"@graph\":[{\"@type\":\"WebSite\",\"@id\":\"https:\/\/www.toys4vip.com\/fr\/#website\",\"url\":\"https:\/\/www.toys4vip.com\/fr\/\",\"name\":\"Toys4Vip\",\"description\":\"Jouets de luxe nouveau concept store\",\"potentialAction\":[{\"@type\":\"SearchAction\",\"target\":{\"@type\":\"EntryPoint\",\"urlTemplate\":\"https:\/\/www.toys4vip.com\/fr\/?s={search_term_string}\"},\"query-input\":\"required name=search_term_string\"}],\"inLanguage\":\"fr-FR\"},{\"@type\":\"ImageObject\",\"@id\":\"https:\/\/www.toys4vip.com\/fr\/luxury-toy\/tls-simulator\/256\/#primaryimage\",\"inLanguage\":\"fr-FR\",\"url\":\"https:\/\/www.toys4vip.com\/app\/uploads\/2021\/11\/main-198.jpg\",\"contentUrl\":\"https:\/\/www.toys4vip.com\/app\/uploads\/2021\/11\/main-198.jpg\",\"width\":1024,\"height\":724},{\"@type\":\"WebPage\",\"@id\":\"https:\/\/www.toys4vip.com\/fr\/luxury-toy\/tls-simulator\/256\/#webpage\",\"url\":\"https:\/\/www.toys4vip.com\/fr\/luxury-toy\/tls-simulator\/256\/\",\"name\":\"TLS Simulator - Toys4Vip\",\"isPartOf\":{\"@id\":\"https:\/\/www.toys4vip.com\/fr\/#website\"},\"primaryImageOfPage\":{\"@id\":\"https:\/\/www.toys4vip.com\/fr\/luxury-toy\/tls-simulator\/256\/#primaryimage\"},\"datePublished\":\"2021-11-02T10:29:55+00:00\",\"dateModified\":\"2021-11-13T11:05:26+00:00\",\"description\":\"Le TL1, un impressionnant simulateur, est le fruit d'une collaboration entre deux entreprises : Motion Simulation et British Ariel Motor Company. Nous connaissons tous cette derni\\u00e8re car il s'agit du constructeur de la c\\u00e9l\\u00e8bre Ariel Atom que l'on retrouve souvent dans nos simulations favorites.Il s'agit d'un simulateur \\\"portatif\\\" dont la surface sph\\u00e9rique de projection est de 180 degr\\u00e9s. Il autorise, en outre, diff\\u00e9rentes positions de conduite.\",\"breadcrumb\":{\"@id\":\"https:\/\/www.toys4vip.com\/fr\/luxury-toy\/tls-simulator\/256\/#breadcrumb\"},\"inLanguage\":\"fr-FR\",\"potentialAction\":[{\"@type\":\"ReadAction\",\"target\":[\"https:\/\/www.toys4vip.com\/fr\/luxury-toy\/tls-simulator\/256\/\"]}]},{\"@type\":\"BreadcrumbList\",\"@id\":\"https:\/\/www.toys4vip.com\/fr\/luxury-toy\/tls-simulator\/256\/#breadcrumb\",\"itemListElement\":[{\"@type\":\"ListItem\",\"position\":1,\"name\":\"Home\",\"item\":\"https:\/\/www.toys4vip.com\/fr\/\"},{\"@type\":\"ListItem\",\"position\":2,\"name\":\"Objets \/ Cat\\u00e9gories\",\"item\":\"https:\/\/www.toys4vip.com\/fr\/luxury-toys\/\"},{\"@type\":\"ListItem\",\"position\":3,\"name\":\"TLS Simulator\"}]}]}<\/script>\n<!-- \/ Yoast SEO plugin. -->","yoast_head_json":{"title":"TLS Simulator - Toys4Vip","description":"Le TL1, un impressionnant simulateur, est le fruit d'une collaboration entre deux entreprises : Motion Simulation et British Ariel Motor Company. Nous connaissons tous cette derni\u00e8re car il s'agit du constructeur de la c\u00e9l\u00e8bre Ariel Atom que l'on retrouve souvent dans nos simulations favorites.Il s'agit d'un simulateur \"portatif\" dont la surface sph\u00e9rique de projection est de 180 degr\u00e9s. Il autorise, en outre, diff\u00e9rentes positions de conduite.","robots":{"index":"index","follow":"follow","max-snippet":"max-snippet:-1","max-image-preview":"max-image-preview:large","max-video-preview":"max-video-preview:-1"},"canonical":"https:\/\/www.toys4vip.com\/fr\/luxury-toy\/tls-simulator\/256\/","og_locale":"fr_FR","og_type":"article","og_title":"TLS Simulator - Toys4Vip","og_description":"Le TL1, un impressionnant simulateur, est le fruit d'une collaboration entre deux entreprises : Motion Simulation et British Ariel Motor Company. Nous connaissons tous cette derni\u00e8re car il s'agit du constructeur de la c\u00e9l\u00e8bre Ariel Atom que l'on retrouve souvent dans nos simulations favorites.Il s'agit d'un simulateur \"portatif\" dont la surface sph\u00e9rique de projection est de 180 degr\u00e9s. Il autorise, en outre, diff\u00e9rentes positions de conduite.","og_url":"https:\/\/www.toys4vip.com\/fr\/luxury-toy\/tls-simulator\/256\/","og_site_name":"Toys4Vip","article_modified_time":"2021-11-13T11:05:26+00:00","og_image":[{"width":1024,"height":724,"url":"https:\/\/www.toys4vip.com\/app\/uploads\/2021\/11\/main-198.jpg","type":"image\/jpeg"}],"twitter_card":"summary_large_image","twitter_misc":{"Dur\u00e9e de lecture est.":"1 minute"},"schema":{"@context":"https:\/\/schema.org","@graph":[{"@type":"WebSite","@id":"https:\/\/www.toys4vip.com\/fr\/#website","url":"https:\/\/www.toys4vip.com\/fr\/","name":"Toys4Vip","description":"Jouets de luxe nouveau concept store","potentialAction":[{"@type":"SearchAction","target":{"@type":"EntryPoint","urlTemplate":"https:\/\/www.toys4vip.com\/fr\/?s={search_term_string}"},"query-input":"required name=search_term_string"}],"inLanguage":"fr-FR"},{"@type":"ImageObject","@id":"https:\/\/www.toys4vip.com\/fr\/luxury-toy\/tls-simulator\/256\/#primaryimage","inLanguage":"fr-FR","url":"https:\/\/www.toys4vip.com\/app\/uploads\/2021\/11\/main-198.jpg","contentUrl":"https:\/\/www.toys4vip.com\/app\/uploads\/2021\/11\/main-198.jpg","width":1024,"height":724},{"@type":"WebPage","@id":"https:\/\/www.toys4vip.com\/fr\/luxury-toy\/tls-simulator\/256\/#webpage","url":"https:\/\/www.toys4vip.com\/fr\/luxury-toy\/tls-simulator\/256\/","name":"TLS Simulator - Toys4Vip","isPartOf":{"@id":"https:\/\/www.toys4vip.com\/fr\/#website"},"primaryImageOfPage":{"@id":"https:\/\/www.toys4vip.com\/fr\/luxury-toy\/tls-simulator\/256\/#primaryimage"},"datePublished":"2021-11-02T10:29:55+00:00","dateModified":"2021-11-13T11:05:26+00:00","description":"Le TL1, un impressionnant simulateur, est le fruit d'une collaboration entre deux entreprises : Motion Simulation et British Ariel Motor Company. Nous connaissons tous cette derni\u00e8re car il s'agit du constructeur de la c\u00e9l\u00e8bre Ariel Atom que l'on retrouve souvent dans nos simulations favorites.Il s'agit d'un simulateur \"portatif\" dont la surface sph\u00e9rique de projection est de 180 degr\u00e9s. Il autorise, en outre, diff\u00e9rentes positions de conduite.","breadcrumb":{"@id":"https:\/\/www.toys4vip.com\/fr\/luxury-toy\/tls-simulator\/256\/#breadcrumb"},"inLanguage":"fr-FR","potentialAction":[{"@type":"ReadAction","target":["https:\/\/www.toys4vip.com\/fr\/luxury-toy\/tls-simulator\/256\/"]}]},{"@type":"BreadcrumbList","@id":"https:\/\/www.toys4vip.com\/fr\/luxury-toy\/tls-simulator\/256\/#breadcrumb","itemListElement":[{"@type":"ListItem","position":1,"name":"Home","item":"https:\/\/www.toys4vip.com\/fr\/"},{"@type":"ListItem","position":2,"name":"Objets \/ Cat\u00e9gories","item":"https:\/\/www.toys4vip.com\/fr\/luxury-toys\/"},{"@type":"ListItem","position":3,"name":"TLS Simulator"}]}]}},"_links":{"self":[{"href":"https:\/\/www.toys4vip.com\/fr\/wp-json\/wp\/v2\/product\/1029"}],"collection":[{"href":"https:\/\/www.toys4vip.com\/fr\/wp-json\/wp\/v2\/product"}],"about":[{"href":"https:\/\/www.toys4vip.com\/fr\/wp-json\/wp\/v2\/types\/product"}],"replies":[{"embeddable":true,"href":"https:\/\/www.toys4vip.com\/fr\/wp-json\/wp\/v2\/comments?post=1029"}],"wp:featuredmedia":[{"embeddable":true,"href":"https:\/\/www.toys4vip.com\/fr\/wp-json\/wp\/v2\/media\/1027"}],"wp:attachment":[{"href":"https:\/\/www.toys4vip.com\/fr\/wp-json\/wp\/v2\/media?parent=1029"}],"wp:term":[{"taxonomy":"product_cat","embeddable":true,"href":"https:\/\/www.toys4vip.com\/fr\/wp-json\/wp\/v2\/product_cat?post=1029"},{"taxonomy":"product_tag","embeddable":true,"href":"https:\/\/www.toys4vip.com\/fr\/wp-json\/wp\/v2\/product_tag?post=1029"}],"curies":[{"name":"wp","href":"https:\/\/api.w.org\/{rel}","templated":true}]}}