{"id":1026,"date":"2021-11-02T10:29:55","date_gmt":"2021-11-02T10:29:55","guid":{"rendered":"https:\/\/toys4vip.com\/produit\/rameur-de-luxe\/"},"modified":"2021-11-13T11:05:18","modified_gmt":"2021-11-13T11:05:18","slug":"rameur-de-luxe","status":"publish","type":"product","link":"https:\/\/www.toys4vip.com\/fr\/luxury-toy\/rameur-de-luxe\/255\/","title":{"rendered":"Rameur de luxe"},"content":{"rendered":"<p>Mat\u00e9riaux nobles et r\u00e9compens\u00e9 au Design Awards pour ce rameur sign\u00e9 WaterRower.<\/p>\n<p>Structure en bois de noyer pour ce mod\u00e8le Waterrower Classic.<\/p>\n<p>Rameur \u00e0 tirage central \u00e9quip\u00e9 d&rsquo;un syst\u00e8me de r\u00e9sistance \u00e0 eau apportant un confort in\u00e9gal\u00e9.<\/p>\n","protected":false},"excerpt":{"rendered":"<p>Mat\u00e9riaux nobles et r\u00e9compens\u00e9 au Design Awards pour ce rameur sign\u00e9 WaterRower. Structure en bois de noyer pour ce mod\u00e8le Waterrower Classic. Rameur \u00e0 tirage central \u00e9quip\u00e9 d&rsquo;un syst\u00e8me de r\u00e9sistance \u00e0 eau apportant un confort in\u00e9gal\u00e9.<\/p>\n","protected":false},"featured_media":1024,"comment_status":"open","ping_status":"closed","template":"","meta":[],"product_cat":[42],"product_tag":[],"yoast_head":"<!-- This site is optimized with the Yoast SEO plugin v17.4 - https:\/\/yoast.com\/wordpress\/plugins\/seo\/ -->\n<title>Rameur de luxe - Toys4Vip<\/title>\n<meta name=\"description\" content=\"Mat\u00e9riaux nobles et r\u00e9compens\u00e9 au Design Awards pour ce rameur sign\u00e9 WaterRower.Structure en bois de noyer pour ce mod\u00e8le Waterrower Classic.Rameur \u00e0 tirage central \u00e9quip\u00e9 d&#039;un syst\u00e8me de r\u00e9sistance \u00e0 eau apportant un confort in\u00e9gal\u00e9.\" \/>\n<meta name=\"robots\" content=\"index, follow, max-snippet:-1, max-image-preview:large, max-video-preview:-1\" \/>\n<link rel=\"canonical\" href=\"https:\/\/www.toys4vip.com\/fr\/luxury-toy\/rameur-de-luxe\/255\/\" \/>\n<meta property=\"og:locale\" content=\"fr_FR\" \/>\n<meta property=\"og:type\" content=\"article\" \/>\n<meta property=\"og:title\" content=\"Rameur de luxe - Toys4Vip\" \/>\n<meta property=\"og:description\" content=\"Mat\u00e9riaux nobles et r\u00e9compens\u00e9 au Design Awards pour ce rameur sign\u00e9 WaterRower.Structure en bois de noyer pour ce mod\u00e8le Waterrower Classic.Rameur \u00e0 tirage central \u00e9quip\u00e9 d&#039;un syst\u00e8me de r\u00e9sistance \u00e0 eau apportant un confort in\u00e9gal\u00e9.\" \/>\n<meta property=\"og:url\" content=\"https:\/\/www.toys4vip.com\/fr\/luxury-toy\/rameur-de-luxe\/255\/\" \/>\n<meta property=\"og:site_name\" content=\"Toys4Vip\" \/>\n<meta property=\"article:modified_time\" content=\"2021-11-13T11:05:18+00:00\" \/>\n<meta property=\"og:image\" content=\"https:\/\/www.toys4vip.com\/app\/uploads\/2021\/11\/main-197.jpg\" \/>\n\t<meta property=\"og:image:width\" content=\"600\" \/>\n\t<meta property=\"og:image:height\" content=\"300\" \/>\n<meta name=\"twitter:card\" content=\"summary_large_image\" \/>\n<script type=\"application\/ld+json\" class=\"yoast-schema-graph\">{\"@context\":\"https:\/\/schema.org\",\"@graph\":[{\"@type\":\"WebSite\",\"@id\":\"https:\/\/www.toys4vip.com\/fr\/#website\",\"url\":\"https:\/\/www.toys4vip.com\/fr\/\",\"name\":\"Toys4Vip\",\"description\":\"Jouets de luxe nouveau concept store\",\"potentialAction\":[{\"@type\":\"SearchAction\",\"target\":{\"@type\":\"EntryPoint\",\"urlTemplate\":\"https:\/\/www.toys4vip.com\/fr\/?s={search_term_string}\"},\"query-input\":\"required name=search_term_string\"}],\"inLanguage\":\"fr-FR\"},{\"@type\":\"ImageObject\",\"@id\":\"https:\/\/www.toys4vip.com\/fr\/luxury-toy\/rameur-de-luxe\/255\/#primaryimage\",\"inLanguage\":\"fr-FR\",\"url\":\"https:\/\/www.toys4vip.com\/app\/uploads\/2021\/11\/main-197.jpg\",\"contentUrl\":\"https:\/\/www.toys4vip.com\/app\/uploads\/2021\/11\/main-197.jpg\",\"width\":600,\"height\":300},{\"@type\":\"WebPage\",\"@id\":\"https:\/\/www.toys4vip.com\/fr\/luxury-toy\/rameur-de-luxe\/255\/#webpage\",\"url\":\"https:\/\/www.toys4vip.com\/fr\/luxury-toy\/rameur-de-luxe\/255\/\",\"name\":\"Rameur de luxe - Toys4Vip\",\"isPartOf\":{\"@id\":\"https:\/\/www.toys4vip.com\/fr\/#website\"},\"primaryImageOfPage\":{\"@id\":\"https:\/\/www.toys4vip.com\/fr\/luxury-toy\/rameur-de-luxe\/255\/#primaryimage\"},\"datePublished\":\"2021-11-02T10:29:55+00:00\",\"dateModified\":\"2021-11-13T11:05:18+00:00\",\"description\":\"Mat\\u00e9riaux nobles et r\\u00e9compens\\u00e9 au Design Awards pour ce rameur sign\\u00e9 WaterRower.Structure en bois de noyer pour ce mod\\u00e8le Waterrower Classic.Rameur \\u00e0 tirage central \\u00e9quip\\u00e9 d'un syst\\u00e8me de r\\u00e9sistance \\u00e0 eau apportant un confort in\\u00e9gal\\u00e9.\",\"breadcrumb\":{\"@id\":\"https:\/\/www.toys4vip.com\/fr\/luxury-toy\/rameur-de-luxe\/255\/#breadcrumb\"},\"inLanguage\":\"fr-FR\",\"potentialAction\":[{\"@type\":\"ReadAction\",\"target\":[\"https:\/\/www.toys4vip.com\/fr\/luxury-toy\/rameur-de-luxe\/255\/\"]}]},{\"@type\":\"BreadcrumbList\",\"@id\":\"https:\/\/www.toys4vip.com\/fr\/luxury-toy\/rameur-de-luxe\/255\/#breadcrumb\",\"itemListElement\":[{\"@type\":\"ListItem\",\"position\":1,\"name\":\"Home\",\"item\":\"https:\/\/www.toys4vip.com\/fr\/\"},{\"@type\":\"ListItem\",\"position\":2,\"name\":\"Objets \/ Cat\\u00e9gories\",\"item\":\"https:\/\/www.toys4vip.com\/fr\/luxury-toys\/\"},{\"@type\":\"ListItem\",\"position\":3,\"name\":\"Rameur de luxe\"}]}]}<\/script>\n<!-- \/ Yoast SEO plugin. -->","yoast_head_json":{"title":"Rameur de luxe - Toys4Vip","description":"Mat\u00e9riaux nobles et r\u00e9compens\u00e9 au Design Awards pour ce rameur sign\u00e9 WaterRower.Structure en bois de noyer pour ce mod\u00e8le Waterrower Classic.Rameur \u00e0 tirage central \u00e9quip\u00e9 d'un syst\u00e8me de r\u00e9sistance \u00e0 eau apportant un confort in\u00e9gal\u00e9.","robots":{"index":"index","follow":"follow","max-snippet":"max-snippet:-1","max-image-preview":"max-image-preview:large","max-video-preview":"max-video-preview:-1"},"canonical":"https:\/\/www.toys4vip.com\/fr\/luxury-toy\/rameur-de-luxe\/255\/","og_locale":"fr_FR","og_type":"article","og_title":"Rameur de luxe - Toys4Vip","og_description":"Mat\u00e9riaux nobles et r\u00e9compens\u00e9 au Design Awards pour ce rameur sign\u00e9 WaterRower.Structure en bois de noyer pour ce mod\u00e8le Waterrower Classic.Rameur \u00e0 tirage central \u00e9quip\u00e9 d'un syst\u00e8me de r\u00e9sistance \u00e0 eau apportant un confort in\u00e9gal\u00e9.","og_url":"https:\/\/www.toys4vip.com\/fr\/luxury-toy\/rameur-de-luxe\/255\/","og_site_name":"Toys4Vip","article_modified_time":"2021-11-13T11:05:18+00:00","og_image":[{"width":600,"height":300,"url":"https:\/\/www.toys4vip.com\/app\/uploads\/2021\/11\/main-197.jpg","type":"image\/jpeg"}],"twitter_card":"summary_large_image","schema":{"@context":"https:\/\/schema.org","@graph":[{"@type":"WebSite","@id":"https:\/\/www.toys4vip.com\/fr\/#website","url":"https:\/\/www.toys4vip.com\/fr\/","name":"Toys4Vip","description":"Jouets de luxe nouveau concept store","potentialAction":[{"@type":"SearchAction","target":{"@type":"EntryPoint","urlTemplate":"https:\/\/www.toys4vip.com\/fr\/?s={search_term_string}"},"query-input":"required name=search_term_string"}],"inLanguage":"fr-FR"},{"@type":"ImageObject","@id":"https:\/\/www.toys4vip.com\/fr\/luxury-toy\/rameur-de-luxe\/255\/#primaryimage","inLanguage":"fr-FR","url":"https:\/\/www.toys4vip.com\/app\/uploads\/2021\/11\/main-197.jpg","contentUrl":"https:\/\/www.toys4vip.com\/app\/uploads\/2021\/11\/main-197.jpg","width":600,"height":300},{"@type":"WebPage","@id":"https:\/\/www.toys4vip.com\/fr\/luxury-toy\/rameur-de-luxe\/255\/#webpage","url":"https:\/\/www.toys4vip.com\/fr\/luxury-toy\/rameur-de-luxe\/255\/","name":"Rameur de luxe - Toys4Vip","isPartOf":{"@id":"https:\/\/www.toys4vip.com\/fr\/#website"},"primaryImageOfPage":{"@id":"https:\/\/www.toys4vip.com\/fr\/luxury-toy\/rameur-de-luxe\/255\/#primaryimage"},"datePublished":"2021-11-02T10:29:55+00:00","dateModified":"2021-11-13T11:05:18+00:00","description":"Mat\u00e9riaux nobles et r\u00e9compens\u00e9 au Design Awards pour ce rameur sign\u00e9 WaterRower.Structure en bois de noyer pour ce mod\u00e8le Waterrower Classic.Rameur \u00e0 tirage central \u00e9quip\u00e9 d'un syst\u00e8me de r\u00e9sistance \u00e0 eau apportant un confort in\u00e9gal\u00e9.","breadcrumb":{"@id":"https:\/\/www.toys4vip.com\/fr\/luxury-toy\/rameur-de-luxe\/255\/#breadcrumb"},"inLanguage":"fr-FR","potentialAction":[{"@type":"ReadAction","target":["https:\/\/www.toys4vip.com\/fr\/luxury-toy\/rameur-de-luxe\/255\/"]}]},{"@type":"BreadcrumbList","@id":"https:\/\/www.toys4vip.com\/fr\/luxury-toy\/rameur-de-luxe\/255\/#breadcrumb","itemListElement":[{"@type":"ListItem","position":1,"name":"Home","item":"https:\/\/www.toys4vip.com\/fr\/"},{"@type":"ListItem","position":2,"name":"Objets \/ Cat\u00e9gories","item":"https:\/\/www.toys4vip.com\/fr\/luxury-toys\/"},{"@type":"ListItem","position":3,"name":"Rameur de luxe"}]}]}},"_links":{"self":[{"href":"https:\/\/www.toys4vip.com\/fr\/wp-json\/wp\/v2\/product\/1026"}],"collection":[{"href":"https:\/\/www.toys4vip.com\/fr\/wp-json\/wp\/v2\/product"}],"about":[{"href":"https:\/\/www.toys4vip.com\/fr\/wp-json\/wp\/v2\/types\/product"}],"replies":[{"embeddable":true,"href":"https:\/\/www.toys4vip.com\/fr\/wp-json\/wp\/v2\/comments?post=1026"}],"wp:featuredmedia":[{"embeddable":true,"href":"https:\/\/www.toys4vip.com\/fr\/wp-json\/wp\/v2\/media\/1024"}],"wp:attachment":[{"href":"https:\/\/www.toys4vip.com\/fr\/wp-json\/wp\/v2\/media?parent=1026"}],"wp:term":[{"taxonomy":"product_cat","embeddable":true,"href":"https:\/\/www.toys4vip.com\/fr\/wp-json\/wp\/v2\/product_cat?post=1026"},{"taxonomy":"product_tag","embeddable":true,"href":"https:\/\/www.toys4vip.com\/fr\/wp-json\/wp\/v2\/product_tag?post=1026"}],"curies":[{"name":"wp","href":"https:\/\/api.w.org\/{rel}","templated":true}]}}