{"id":2638,"date":"2021-11-02T10:29:22","date_gmt":"2021-11-02T10:29:22","guid":{"rendered":"https:\/\/toys4vip.com\/produit\/cordier-mestrezat-grands-crus\/"},"modified":"2021-11-08T17:13:43","modified_gmt":"2021-11-08T17:13:43","slug":"cordier-mestrezat-grands-crus","status":"publish","type":"product","link":"https:\/\/www.toys4vip.com\/en\/luxury-toy\/cordier-mestrezat-grands-crus\/","title":{"rendered":"CORDIER MESTREZAT GRANDS CRUS"},"content":{"rendered":"<p>To celebrate the anniversary they have launched two new collections: the Club Elite, 12 ch\u00e2teau bottled wines in a revived bottle style previously associated with Cordier estates, and the \u00c9poque collection; 4 ch\u00e2teau bottled wines selected to represent the diversity of Bordeaux styles: a Saint Estephe, a Saint Emilion grand Cru, a Pessac Leognan and a Medoc.<\/p>\n<p>Crafting oenological thrills for over 125 years, and in over 135 countries, Cordier Mestrezat Grands Crus is still at the forefront of innovation when it comes to the presentation and marketing of fine wines. Cordier\u2019s latest innovation is a four-bottle case, christened the \u20184Box\u2019, and the company recently formed a partnership with three traditional Bordeaux artisans to commission a range of unique collector\u2019s items, masterpieces of French luxury. These creations are presented in a series of three short films, taking Bordeaux connoisseurs on a very special journey through a world of sumptuous elegance and ancestral craft.<\/p>\n<p>Crafting oenological thrills for over 125 years, and in over 135 countries, Cordier Mestrezat Grands Crus is still at the forefront of innovation when it comes to the presentation and marketing of fine wines. Cordier\u2019s latest innovation is a four-bottle case, christened the \u20184Box\u2019, and the company recently formed a partnership with three traditional Bordeaux artisans to commission a range of unique collector\u2019s items, masterpieces of French luxury. These creations are presented in a series of three short films, taking Bordeaux connoisseurs on a very special journey through a world of sumptuous elegance and ancestral craft.<\/p>\n<p>Cordier Mestrezat Grands Crus adds a touch of luxury to the \u20184Box\u2019 range In producing these collectors\u2019 items, creations worthy of Paris\u2019 great fashion houses, Cordier Mestrezat Grands Crus was determined to give pride of place to the traditions of French craftsmanship, synonymous with perfection and timelessness. Three respected Bordeaux artisans were commissioned to create a series of unique fine wine cases.<\/p>\n<p>Cordier Golden4Box\u00ae: a true one-off, a box gilded with 24-carat gold leaf using traditional methods first perfected in the reign of Louis XIV. It took expert gilder V\u00e9ronique Debord over three weeks to craft this precious rarity. The first Golden4Box was sold to a Chinese businessman at Vinexpo Hong Kong 2012. You\u2019ll have to wait until early 2013 to see the video we filmed at V\u00e9ronique Debord\u2019s workshop, and fully appreciate the precision and delicacy of her work. Available to order. Price: on request.<\/p>\n<p>Cordier Royal4Box\u00ae: Lo\u00efc Chassagne, a Bordeaux-based craftsman specialising in marquetry, has poured the benefit of his years of experience into these historic works. Crafted from the legendary Marie-Antoinette oak (322 years old), each case requires over 60 hours of painstaking work. Only 15 Cordier Royal4Boxes\u00ae will be available for sale worldwide. The video we made at Lo\u00efc Chassagne\u2019s studio will also be premiering in early 2013. Available to order. Price: on request.<\/p>\n","protected":false},"excerpt":{"rendered":"<p>To celebrate the anniversary they have launched two new collections: the Club Elite, 12 ch\u00e2teau bottled wines in a revived bottle style previously associated with Cordier estates, and the \u00c9poque collection; 4 ch\u00e2teau bottled wines selected to represent the diversity of Bordeaux styles: a Saint Estephe, a Saint Emilion grand Cru, a Pessac Leognan and [&hellip;]<\/p>\n","protected":false},"featured_media":803,"comment_status":"open","ping_status":"closed","template":"","meta":[],"product_cat":[49],"product_tag":[],"yoast_head":"<!-- This site is optimized with the Yoast SEO plugin v17.4 - https:\/\/yoast.com\/wordpress\/plugins\/seo\/ -->\n<title>CORDIER MESTREZAT GRANDS CRUS - Toys4Vip<\/title>\n<meta name=\"description\" content=\"To celebrate the anniversary they have launched two new collections: the Club Elite, 12 ch\u00e2teau bottled wines in a revived bottle style previously associated with Cordier estates, and the \u00c9poque collection; 4 ch\u00e2teau bottled wines selected to represent the diversity of Bordeaux styles: a Saint Estephe, a Saint Emilion grand Cru, a Pessac Leognan and a Medoc.\" \/>\n<meta name=\"robots\" content=\"index, follow, max-snippet:-1, max-image-preview:large, max-video-preview:-1\" \/>\n<link rel=\"canonical\" href=\"https:\/\/www.toys4vip.com\/en\/luxury-toy\/cordier-mestrezat-grands-crus\/\" \/>\n<meta property=\"og:locale\" content=\"en_US\" \/>\n<meta property=\"og:type\" content=\"article\" \/>\n<meta property=\"og:title\" content=\"CORDIER MESTREZAT GRANDS CRUS - Toys4Vip\" \/>\n<meta property=\"og:description\" content=\"To celebrate the anniversary they have launched two new collections: the Club Elite, 12 ch\u00e2teau bottled wines in a revived bottle style previously associated with Cordier estates, and the \u00c9poque collection; 4 ch\u00e2teau bottled wines selected to represent the diversity of Bordeaux styles: a Saint Estephe, a Saint Emilion grand Cru, a Pessac Leognan and a Medoc.\" \/>\n<meta property=\"og:url\" content=\"https:\/\/www.toys4vip.com\/en\/luxury-toy\/cordier-mestrezat-grands-crus\/\" \/>\n<meta property=\"og:site_name\" content=\"Toys4Vip\" \/>\n<meta property=\"article:modified_time\" content=\"2021-11-08T17:13:43+00:00\" \/>\n<meta property=\"og:image\" content=\"https:\/\/www.toys4vip.com\/app\/uploads\/2021\/11\/main-123.jpg\" \/>\n\t<meta property=\"og:image:width\" content=\"553\" \/>\n\t<meta property=\"og:image:height\" content=\"480\" \/>\n<meta name=\"twitter:card\" content=\"summary_large_image\" \/>\n<meta name=\"twitter:label1\" content=\"Est. reading time\" \/>\n\t<meta name=\"twitter:data1\" content=\"2 minutes\" \/>\n<script type=\"application\/ld+json\" class=\"yoast-schema-graph\">{\"@context\":\"https:\/\/schema.org\",\"@graph\":[{\"@type\":\"WebSite\",\"@id\":\"https:\/\/www.toys4vip.com\/fr\/#website\",\"url\":\"https:\/\/www.toys4vip.com\/fr\/\",\"name\":\"Toys4Vip\",\"description\":\"Luxury toys new concept store\",\"potentialAction\":[{\"@type\":\"SearchAction\",\"target\":{\"@type\":\"EntryPoint\",\"urlTemplate\":\"https:\/\/www.toys4vip.com\/fr\/?s={search_term_string}\"},\"query-input\":\"required name=search_term_string\"}],\"inLanguage\":\"en-US\"},{\"@type\":\"ImageObject\",\"@id\":\"https:\/\/www.toys4vip.com\/en\/luxury-toy\/cordier-mestrezat-grands-crus\/#primaryimage\",\"inLanguage\":\"en-US\",\"url\":\"https:\/\/www.toys4vip.com\/app\/uploads\/2021\/11\/main-123.jpg\",\"contentUrl\":\"https:\/\/www.toys4vip.com\/app\/uploads\/2021\/11\/main-123.jpg\",\"width\":553,\"height\":480},{\"@type\":\"WebPage\",\"@id\":\"https:\/\/www.toys4vip.com\/en\/luxury-toy\/cordier-mestrezat-grands-crus\/#webpage\",\"url\":\"https:\/\/www.toys4vip.com\/en\/luxury-toy\/cordier-mestrezat-grands-crus\/\",\"name\":\"CORDIER MESTREZAT GRANDS CRUS - Toys4Vip\",\"isPartOf\":{\"@id\":\"https:\/\/www.toys4vip.com\/fr\/#website\"},\"primaryImageOfPage\":{\"@id\":\"https:\/\/www.toys4vip.com\/en\/luxury-toy\/cordier-mestrezat-grands-crus\/#primaryimage\"},\"datePublished\":\"2021-11-02T10:29:22+00:00\",\"dateModified\":\"2021-11-08T17:13:43+00:00\",\"description\":\"To celebrate the anniversary they have launched two new collections: the Club Elite, 12 ch\\u00e2teau bottled wines in a revived bottle style previously associated with Cordier estates, and the \\u00c9poque collection; 4 ch\\u00e2teau bottled wines selected to represent the diversity of Bordeaux styles: a Saint Estephe, a Saint Emilion grand Cru, a Pessac Leognan and a Medoc.\",\"breadcrumb\":{\"@id\":\"https:\/\/www.toys4vip.com\/en\/luxury-toy\/cordier-mestrezat-grands-crus\/#breadcrumb\"},\"inLanguage\":\"en-US\",\"potentialAction\":[{\"@type\":\"ReadAction\",\"target\":[\"https:\/\/www.toys4vip.com\/en\/luxury-toy\/cordier-mestrezat-grands-crus\/\"]}]},{\"@type\":\"BreadcrumbList\",\"@id\":\"https:\/\/www.toys4vip.com\/en\/luxury-toy\/cordier-mestrezat-grands-crus\/#breadcrumb\",\"itemListElement\":[{\"@type\":\"ListItem\",\"position\":1,\"name\":\"Home\",\"item\":\"https:\/\/www.toys4vip.com\/en\/home\/\"},{\"@type\":\"ListItem\",\"position\":2,\"name\":\"Objects \/ Categories\",\"item\":\"https:\/\/www.toys4vip.com\/en\/luxury-toys\/\"},{\"@type\":\"ListItem\",\"position\":3,\"name\":\"CORDIER MESTREZAT GRANDS CRUS\"}]}]}<\/script>\n<!-- \/ Yoast SEO plugin. -->","yoast_head_json":{"title":"CORDIER MESTREZAT GRANDS CRUS - Toys4Vip","description":"To celebrate the anniversary they have launched two new collections: the Club Elite, 12 ch\u00e2teau bottled wines in a revived bottle style previously associated with Cordier estates, and the \u00c9poque collection; 4 ch\u00e2teau bottled wines selected to represent the diversity of Bordeaux styles: a Saint Estephe, a Saint Emilion grand Cru, a Pessac Leognan and a Medoc.","robots":{"index":"index","follow":"follow","max-snippet":"max-snippet:-1","max-image-preview":"max-image-preview:large","max-video-preview":"max-video-preview:-1"},"canonical":"https:\/\/www.toys4vip.com\/en\/luxury-toy\/cordier-mestrezat-grands-crus\/","og_locale":"en_US","og_type":"article","og_title":"CORDIER MESTREZAT GRANDS CRUS - Toys4Vip","og_description":"To celebrate the anniversary they have launched two new collections: the Club Elite, 12 ch\u00e2teau bottled wines in a revived bottle style previously associated with Cordier estates, and the \u00c9poque collection; 4 ch\u00e2teau bottled wines selected to represent the diversity of Bordeaux styles: a Saint Estephe, a Saint Emilion grand Cru, a Pessac Leognan and a Medoc.","og_url":"https:\/\/www.toys4vip.com\/en\/luxury-toy\/cordier-mestrezat-grands-crus\/","og_site_name":"Toys4Vip","article_modified_time":"2021-11-08T17:13:43+00:00","og_image":[{"width":553,"height":480,"url":"https:\/\/www.toys4vip.com\/app\/uploads\/2021\/11\/main-123.jpg","type":"image\/jpeg"}],"twitter_card":"summary_large_image","twitter_misc":{"Est. reading time":"2 minutes"},"schema":{"@context":"https:\/\/schema.org","@graph":[{"@type":"WebSite","@id":"https:\/\/www.toys4vip.com\/fr\/#website","url":"https:\/\/www.toys4vip.com\/fr\/","name":"Toys4Vip","description":"Luxury toys new concept store","potentialAction":[{"@type":"SearchAction","target":{"@type":"EntryPoint","urlTemplate":"https:\/\/www.toys4vip.com\/fr\/?s={search_term_string}"},"query-input":"required name=search_term_string"}],"inLanguage":"en-US"},{"@type":"ImageObject","@id":"https:\/\/www.toys4vip.com\/en\/luxury-toy\/cordier-mestrezat-grands-crus\/#primaryimage","inLanguage":"en-US","url":"https:\/\/www.toys4vip.com\/app\/uploads\/2021\/11\/main-123.jpg","contentUrl":"https:\/\/www.toys4vip.com\/app\/uploads\/2021\/11\/main-123.jpg","width":553,"height":480},{"@type":"WebPage","@id":"https:\/\/www.toys4vip.com\/en\/luxury-toy\/cordier-mestrezat-grands-crus\/#webpage","url":"https:\/\/www.toys4vip.com\/en\/luxury-toy\/cordier-mestrezat-grands-crus\/","name":"CORDIER MESTREZAT GRANDS CRUS - Toys4Vip","isPartOf":{"@id":"https:\/\/www.toys4vip.com\/fr\/#website"},"primaryImageOfPage":{"@id":"https:\/\/www.toys4vip.com\/en\/luxury-toy\/cordier-mestrezat-grands-crus\/#primaryimage"},"datePublished":"2021-11-02T10:29:22+00:00","dateModified":"2021-11-08T17:13:43+00:00","description":"To celebrate the anniversary they have launched two new collections: the Club Elite, 12 ch\u00e2teau bottled wines in a revived bottle style previously associated with Cordier estates, and the \u00c9poque collection; 4 ch\u00e2teau bottled wines selected to represent the diversity of Bordeaux styles: a Saint Estephe, a Saint Emilion grand Cru, a Pessac Leognan and a Medoc.","breadcrumb":{"@id":"https:\/\/www.toys4vip.com\/en\/luxury-toy\/cordier-mestrezat-grands-crus\/#breadcrumb"},"inLanguage":"en-US","potentialAction":[{"@type":"ReadAction","target":["https:\/\/www.toys4vip.com\/en\/luxury-toy\/cordier-mestrezat-grands-crus\/"]}]},{"@type":"BreadcrumbList","@id":"https:\/\/www.toys4vip.com\/en\/luxury-toy\/cordier-mestrezat-grands-crus\/#breadcrumb","itemListElement":[{"@type":"ListItem","position":1,"name":"Home","item":"https:\/\/www.toys4vip.com\/en\/home\/"},{"@type":"ListItem","position":2,"name":"Objects \/ Categories","item":"https:\/\/www.toys4vip.com\/en\/luxury-toys\/"},{"@type":"ListItem","position":3,"name":"CORDIER MESTREZAT GRANDS CRUS"}]}]}},"_links":{"self":[{"href":"https:\/\/www.toys4vip.com\/en\/wp-json\/wp\/v2\/product\/2638"}],"collection":[{"href":"https:\/\/www.toys4vip.com\/en\/wp-json\/wp\/v2\/product"}],"about":[{"href":"https:\/\/www.toys4vip.com\/en\/wp-json\/wp\/v2\/types\/product"}],"replies":[{"embeddable":true,"href":"https:\/\/www.toys4vip.com\/en\/wp-json\/wp\/v2\/comments?post=2638"}],"wp:featuredmedia":[{"embeddable":true,"href":"https:\/\/www.toys4vip.com\/en\/wp-json\/wp\/v2\/media\/803"}],"wp:attachment":[{"href":"https:\/\/www.toys4vip.com\/en\/wp-json\/wp\/v2\/media?parent=2638"}],"wp:term":[{"taxonomy":"product_cat","embeddable":true,"href":"https:\/\/www.toys4vip.com\/en\/wp-json\/wp\/v2\/product_cat?post=2638"},{"taxonomy":"product_tag","embeddable":true,"href":"https:\/\/www.toys4vip.com\/en\/wp-json\/wp\/v2\/product_tag?post=2638"}],"curies":[{"name":"wp","href":"https:\/\/api.w.org\/{rel}","templated":true}]}}