{"id":2054,"date":"2021-11-02T10:30:14","date_gmt":"2021-11-02T10:30:14","guid":{"rendered":"https:\/\/toys4vip.com\/produit\/la-malle-plenitude-by-dom-perignon\/"},"modified":"2021-11-02T10:30:14","modified_gmt":"2021-11-02T10:30:14","slug":"la-malle-plenitude-by-dom-perignon","status":"publish","type":"product","link":"https:\/\/www.toys4vip.com\/en\/luxury-toy\/la-malle-plenitude-by-dom-perignon\/","title":{"rendered":"La Malle Pl\u00e9nitude by Dom P\u00e9rignon"},"content":{"rendered":"<p>This auction is dedicated to a truly extraordinary object: La Malle Pl\u00e9nitude by Dom P\u00e9rignon. A hand-crafted trunk, limited to an edition of five, filled with 23 hand-picked bottles of champagne, curated by Dom P\u00e9rignon\u2019s chef de cave, Richard Geoffroy. Through its bespoke aesthetics, La Malle Pl\u00e9nitude truly encapsulates the singular universe of Dom P\u00e9rignon.<\/p>\n<p>This is a unique opportunity to commission one of these exceptional items, which cannot be found anywhere else, along with the finest selection of vintages in the three Pl\u00e9nitudes. This is also a rare opportunity to see within the birthplace of champagne: Hautvillers Abbey, where Dom Pierre P\u00e9rignon dedicated himself to the perfection of his art.<\/p>\n<p>To match the rarity of the collection for which it was created, Dom P\u00e9rignon designed the ultimate case. This trunk is an exceptional collector\u2019s item, made from the finest materials and hand-crafted according to your specifications. Wood variety, leather type and color, nominative engraving and finalization details will all be defined by you, making your trunk entirely unique, a work of artisanal craftsmanship.<\/p>\n<p>The 23 bottles of champagne encased in the Pl\u00e9nitude Trunk represent a journey through 50 years of the history of Dom P\u00e9rignon. The heart of the selection is made up of all vintages in the Second Pl\u00e9nitude so far released: 10 bottles of the intense, vibrant energy of P2. They are accompanied by 10 bottles of vintages in the First Pl\u00e9nitude, and three exceptional bottles of vintages in the Third Pl\u00e9nitude.<\/p>\n","protected":false},"excerpt":{"rendered":"<p>This auction is dedicated to a truly extraordinary object: La Malle Pl\u00e9nitude by Dom P\u00e9rignon. A hand-crafted trunk, limited to an edition of five, filled with 23 hand-picked bottles of champagne, curated by Dom P\u00e9rignon\u2019s chef de cave, Richard Geoffroy. Through its bespoke aesthetics, La Malle Pl\u00e9nitude truly encapsulates the singular universe of Dom P\u00e9rignon. [&hellip;]<\/p>\n","protected":false},"featured_media":1148,"comment_status":"open","ping_status":"closed","template":"","meta":[],"product_cat":[43],"product_tag":[],"yoast_head":"<!-- This site is optimized with the Yoast SEO plugin v17.4 - https:\/\/yoast.com\/wordpress\/plugins\/seo\/ -->\n<title>La Malle Pl\u00e9nitude by Dom P\u00e9rignon - Toys4Vip<\/title>\n<meta name=\"description\" content=\"This auction is dedicated to a truly extraordinary object: La Malle Pl\u00e9nitude by Dom P\u00e9rignon. A hand-crafted trunk, limited to an edition of five, filled with 23 hand-picked bottles of champagne, curated by Dom P\u00e9rignon\u2019s chef de cave, Richard Geoffroy. Through its bespoke aesthetics, La Malle Pl\u00e9nitude truly encapsulates the singular universe of Dom P\u00e9rignon. This is a unique opportunity to commission one of these exceptional items, which cannot be found anywhere else, along with the finest selection of vintages in the three Pl\u00e9nitudes.\" \/>\n<meta name=\"robots\" content=\"index, follow, max-snippet:-1, max-image-preview:large, max-video-preview:-1\" \/>\n<link rel=\"canonical\" href=\"https:\/\/www.toys4vip.com\/en\/luxury-toy\/la-malle-plenitude-by-dom-perignon\/\" \/>\n<meta property=\"og:locale\" content=\"en_US\" \/>\n<meta property=\"og:type\" content=\"article\" \/>\n<meta property=\"og:title\" content=\"La Malle Pl\u00e9nitude by Dom P\u00e9rignon - Toys4Vip\" \/>\n<meta property=\"og:description\" content=\"This auction is dedicated to a truly extraordinary object: La Malle Pl\u00e9nitude by Dom P\u00e9rignon. A hand-crafted trunk, limited to an edition of five, filled with 23 hand-picked bottles of champagne, curated by Dom P\u00e9rignon\u2019s chef de cave, Richard Geoffroy. Through its bespoke aesthetics, La Malle Pl\u00e9nitude truly encapsulates the singular universe of Dom P\u00e9rignon. This is a unique opportunity to commission one of these exceptional items, which cannot be found anywhere else, along with the finest selection of vintages in the three Pl\u00e9nitudes.\" \/>\n<meta property=\"og:url\" content=\"https:\/\/www.toys4vip.com\/en\/luxury-toy\/la-malle-plenitude-by-dom-perignon\/\" \/>\n<meta property=\"og:site_name\" content=\"Toys4Vip\" \/>\n<meta property=\"og:image\" content=\"https:\/\/www.toys4vip.com\/app\/uploads\/2021\/11\/main-238.jpg\" \/>\n\t<meta property=\"og:image:width\" content=\"800\" \/>\n\t<meta property=\"og:image:height\" content=\"565\" \/>\n<meta name=\"twitter:card\" content=\"summary_large_image\" \/>\n<meta name=\"twitter:label1\" content=\"Est. reading time\" \/>\n\t<meta name=\"twitter:data1\" content=\"1 minute\" \/>\n<script type=\"application\/ld+json\" class=\"yoast-schema-graph\">{\"@context\":\"https:\/\/schema.org\",\"@graph\":[{\"@type\":\"WebSite\",\"@id\":\"https:\/\/www.toys4vip.com\/fr\/#website\",\"url\":\"https:\/\/www.toys4vip.com\/fr\/\",\"name\":\"Toys4Vip\",\"description\":\"Luxury toys new concept store\",\"potentialAction\":[{\"@type\":\"SearchAction\",\"target\":{\"@type\":\"EntryPoint\",\"urlTemplate\":\"https:\/\/www.toys4vip.com\/fr\/?s={search_term_string}\"},\"query-input\":\"required name=search_term_string\"}],\"inLanguage\":\"en-US\"},{\"@type\":\"ImageObject\",\"@id\":\"https:\/\/www.toys4vip.com\/en\/luxury-toy\/la-malle-plenitude-by-dom-perignon\/#primaryimage\",\"inLanguage\":\"en-US\",\"url\":\"https:\/\/www.toys4vip.com\/app\/uploads\/2021\/11\/main-238.jpg\",\"contentUrl\":\"https:\/\/www.toys4vip.com\/app\/uploads\/2021\/11\/main-238.jpg\",\"width\":800,\"height\":565},{\"@type\":\"WebPage\",\"@id\":\"https:\/\/www.toys4vip.com\/en\/luxury-toy\/la-malle-plenitude-by-dom-perignon\/#webpage\",\"url\":\"https:\/\/www.toys4vip.com\/en\/luxury-toy\/la-malle-plenitude-by-dom-perignon\/\",\"name\":\"La Malle Pl\\u00e9nitude by Dom P\\u00e9rignon - Toys4Vip\",\"isPartOf\":{\"@id\":\"https:\/\/www.toys4vip.com\/fr\/#website\"},\"primaryImageOfPage\":{\"@id\":\"https:\/\/www.toys4vip.com\/en\/luxury-toy\/la-malle-plenitude-by-dom-perignon\/#primaryimage\"},\"datePublished\":\"2021-11-02T10:30:14+00:00\",\"dateModified\":\"2021-11-02T10:30:14+00:00\",\"description\":\"This auction is dedicated to a truly extraordinary object: La Malle Pl\\u00e9nitude by Dom P\\u00e9rignon. A hand-crafted trunk, limited to an edition of five, filled with 23 hand-picked bottles of champagne, curated by Dom P\\u00e9rignon\\u2019s chef de cave, Richard Geoffroy. Through its bespoke aesthetics, La Malle Pl\\u00e9nitude truly encapsulates the singular universe of Dom P\\u00e9rignon. This is a unique opportunity to commission one of these exceptional items, which cannot be found anywhere else, along with the finest selection of vintages in the three Pl\\u00e9nitudes.\",\"breadcrumb\":{\"@id\":\"https:\/\/www.toys4vip.com\/en\/luxury-toy\/la-malle-plenitude-by-dom-perignon\/#breadcrumb\"},\"inLanguage\":\"en-US\",\"potentialAction\":[{\"@type\":\"ReadAction\",\"target\":[\"https:\/\/www.toys4vip.com\/en\/luxury-toy\/la-malle-plenitude-by-dom-perignon\/\"]}]},{\"@type\":\"BreadcrumbList\",\"@id\":\"https:\/\/www.toys4vip.com\/en\/luxury-toy\/la-malle-plenitude-by-dom-perignon\/#breadcrumb\",\"itemListElement\":[{\"@type\":\"ListItem\",\"position\":1,\"name\":\"Home\",\"item\":\"https:\/\/www.toys4vip.com\/en\/home\/\"},{\"@type\":\"ListItem\",\"position\":2,\"name\":\"Objects \/ Categories\",\"item\":\"https:\/\/www.toys4vip.com\/en\/luxury-toys\/\"},{\"@type\":\"ListItem\",\"position\":3,\"name\":\"La Malle Pl\\u00e9nitude by Dom P\\u00e9rignon\"}]}]}<\/script>\n<!-- \/ Yoast SEO plugin. -->","yoast_head_json":{"title":"La Malle Pl\u00e9nitude by Dom P\u00e9rignon - Toys4Vip","description":"This auction is dedicated to a truly extraordinary object: La Malle Pl\u00e9nitude by Dom P\u00e9rignon. A hand-crafted trunk, limited to an edition of five, filled with 23 hand-picked bottles of champagne, curated by Dom P\u00e9rignon\u2019s chef de cave, Richard Geoffroy. Through its bespoke aesthetics, La Malle Pl\u00e9nitude truly encapsulates the singular universe of Dom P\u00e9rignon. This is a unique opportunity to commission one of these exceptional items, which cannot be found anywhere else, along with the finest selection of vintages in the three Pl\u00e9nitudes.","robots":{"index":"index","follow":"follow","max-snippet":"max-snippet:-1","max-image-preview":"max-image-preview:large","max-video-preview":"max-video-preview:-1"},"canonical":"https:\/\/www.toys4vip.com\/en\/luxury-toy\/la-malle-plenitude-by-dom-perignon\/","og_locale":"en_US","og_type":"article","og_title":"La Malle Pl\u00e9nitude by Dom P\u00e9rignon - Toys4Vip","og_description":"This auction is dedicated to a truly extraordinary object: La Malle Pl\u00e9nitude by Dom P\u00e9rignon. A hand-crafted trunk, limited to an edition of five, filled with 23 hand-picked bottles of champagne, curated by Dom P\u00e9rignon\u2019s chef de cave, Richard Geoffroy. Through its bespoke aesthetics, La Malle Pl\u00e9nitude truly encapsulates the singular universe of Dom P\u00e9rignon. This is a unique opportunity to commission one of these exceptional items, which cannot be found anywhere else, along with the finest selection of vintages in the three Pl\u00e9nitudes.","og_url":"https:\/\/www.toys4vip.com\/en\/luxury-toy\/la-malle-plenitude-by-dom-perignon\/","og_site_name":"Toys4Vip","og_image":[{"width":800,"height":565,"url":"https:\/\/www.toys4vip.com\/app\/uploads\/2021\/11\/main-238.jpg","type":"image\/jpeg"}],"twitter_card":"summary_large_image","twitter_misc":{"Est. reading time":"1 minute"},"schema":{"@context":"https:\/\/schema.org","@graph":[{"@type":"WebSite","@id":"https:\/\/www.toys4vip.com\/fr\/#website","url":"https:\/\/www.toys4vip.com\/fr\/","name":"Toys4Vip","description":"Luxury toys new concept store","potentialAction":[{"@type":"SearchAction","target":{"@type":"EntryPoint","urlTemplate":"https:\/\/www.toys4vip.com\/fr\/?s={search_term_string}"},"query-input":"required name=search_term_string"}],"inLanguage":"en-US"},{"@type":"ImageObject","@id":"https:\/\/www.toys4vip.com\/en\/luxury-toy\/la-malle-plenitude-by-dom-perignon\/#primaryimage","inLanguage":"en-US","url":"https:\/\/www.toys4vip.com\/app\/uploads\/2021\/11\/main-238.jpg","contentUrl":"https:\/\/www.toys4vip.com\/app\/uploads\/2021\/11\/main-238.jpg","width":800,"height":565},{"@type":"WebPage","@id":"https:\/\/www.toys4vip.com\/en\/luxury-toy\/la-malle-plenitude-by-dom-perignon\/#webpage","url":"https:\/\/www.toys4vip.com\/en\/luxury-toy\/la-malle-plenitude-by-dom-perignon\/","name":"La Malle Pl\u00e9nitude by Dom P\u00e9rignon - Toys4Vip","isPartOf":{"@id":"https:\/\/www.toys4vip.com\/fr\/#website"},"primaryImageOfPage":{"@id":"https:\/\/www.toys4vip.com\/en\/luxury-toy\/la-malle-plenitude-by-dom-perignon\/#primaryimage"},"datePublished":"2021-11-02T10:30:14+00:00","dateModified":"2021-11-02T10:30:14+00:00","description":"This auction is dedicated to a truly extraordinary object: La Malle Pl\u00e9nitude by Dom P\u00e9rignon. A hand-crafted trunk, limited to an edition of five, filled with 23 hand-picked bottles of champagne, curated by Dom P\u00e9rignon\u2019s chef de cave, Richard Geoffroy. Through its bespoke aesthetics, La Malle Pl\u00e9nitude truly encapsulates the singular universe of Dom P\u00e9rignon. This is a unique opportunity to commission one of these exceptional items, which cannot be found anywhere else, along with the finest selection of vintages in the three Pl\u00e9nitudes.","breadcrumb":{"@id":"https:\/\/www.toys4vip.com\/en\/luxury-toy\/la-malle-plenitude-by-dom-perignon\/#breadcrumb"},"inLanguage":"en-US","potentialAction":[{"@type":"ReadAction","target":["https:\/\/www.toys4vip.com\/en\/luxury-toy\/la-malle-plenitude-by-dom-perignon\/"]}]},{"@type":"BreadcrumbList","@id":"https:\/\/www.toys4vip.com\/en\/luxury-toy\/la-malle-plenitude-by-dom-perignon\/#breadcrumb","itemListElement":[{"@type":"ListItem","position":1,"name":"Home","item":"https:\/\/www.toys4vip.com\/en\/home\/"},{"@type":"ListItem","position":2,"name":"Objects \/ Categories","item":"https:\/\/www.toys4vip.com\/en\/luxury-toys\/"},{"@type":"ListItem","position":3,"name":"La Malle Pl\u00e9nitude by Dom P\u00e9rignon"}]}]}},"_links":{"self":[{"href":"https:\/\/www.toys4vip.com\/en\/wp-json\/wp\/v2\/product\/2054"}],"collection":[{"href":"https:\/\/www.toys4vip.com\/en\/wp-json\/wp\/v2\/product"}],"about":[{"href":"https:\/\/www.toys4vip.com\/en\/wp-json\/wp\/v2\/types\/product"}],"replies":[{"embeddable":true,"href":"https:\/\/www.toys4vip.com\/en\/wp-json\/wp\/v2\/comments?post=2054"}],"wp:featuredmedia":[{"embeddable":true,"href":"https:\/\/www.toys4vip.com\/en\/wp-json\/wp\/v2\/media\/1148"}],"wp:attachment":[{"href":"https:\/\/www.toys4vip.com\/en\/wp-json\/wp\/v2\/media?parent=2054"}],"wp:term":[{"taxonomy":"product_cat","embeddable":true,"href":"https:\/\/www.toys4vip.com\/en\/wp-json\/wp\/v2\/product_cat?post=2054"},{"taxonomy":"product_tag","embeddable":true,"href":"https:\/\/www.toys4vip.com\/en\/wp-json\/wp\/v2\/product_tag?post=2054"}],"curies":[{"name":"wp","href":"https:\/\/api.w.org\/{rel}","templated":true}]}}